{"id":3060,"date":"2019-12-17T06:41:34","date_gmt":"2019-12-17T06:41:34","guid":{"rendered":"https:\/\/hedonia.hr\/?page_id=3060"},"modified":"2020-09-18T22:30:38","modified_gmt":"2020-09-18T22:30:38","slug":"tecaj-kuhanja-kave","status":"publish","type":"page","link":"https:\/\/hedonia.hr\/hr\/tecaj-kuhanja-kave\/","title":{"rendered":"Te\u010daj kuhanja kave"},"content":{"rendered":"\t\t<div data-elementor-type=\"wp-page\" data-elementor-id=\"3060\" class=\"elementor elementor-3060\" data-elementor-post-type=\"page\">\n\t\t\t\t\t\t<section class=\"elementor-section elementor-top-section elementor-element elementor-element-3623fb0 elementor-section-stretched elementor-section-full_width elementor-section-height-default elementor-section-height-default\" data-id=\"3623fb0\" data-element_type=\"section\" data-settings=\"{&quot;stretch_section&quot;:&quot;section-stretched&quot;}\">\n\t\t\t\t\t\t<div class=\"elementor-container elementor-column-gap-no\">\n\t\t\t\t\t<div class=\"elementor-column elementor-col-100 elementor-top-column elementor-element elementor-element-439a150\" data-id=\"439a150\" data-element_type=\"column\">\n\t\t\t<div class=\"elementor-widget-wrap elementor-element-populated\">\n\t\t\t\t\t\t<div class=\"elementor-element elementor-element-843e4e6 elementor--h-position-center elementor--v-position-middle elementor-arrows-position-inside elementor-pagination-position-inside elementor-widget elementor-widget-slides\" data-id=\"843e4e6\" data-element_type=\"widget\" data-settings=\"{&quot;navigation&quot;:&quot;both&quot;,&quot;autoplay&quot;:&quot;yes&quot;,&quot;pause_on_hover&quot;:&quot;yes&quot;,&quot;pause_on_interaction&quot;:&quot;yes&quot;,&quot;autoplay_speed&quot;:5000,&quot;infinite&quot;:&quot;yes&quot;,&quot;transition&quot;:&quot;slide&quot;,&quot;transition_speed&quot;:500}\" data-widget_type=\"slides.default\">\n\t\t\t\t<div class=\"elementor-widget-container\">\n\t\t\t\t\t<div class=\"elementor-swiper\">\n\t\t\t<div class=\"elementor-slides-wrapper elementor-main-swiper swiper\" dir=\"ltr\" data-animation=\"fadeInUp\">\n\t\t\t\t<div class=\"swiper-wrapper elementor-slides\">\n\t\t\t\t\t\t\t\t\t\t<div class=\"elementor-repeater-item-c6ffbf7 swiper-slide\"><div class=\"swiper-slide-bg\" role=\"img\"><\/div><div class=\"swiper-slide-inner\" ><div class=\"swiper-slide-contents\"><\/div><\/div><\/div>\t\t\t\t<\/div>\n\t\t\t\t\t\t\t<\/div>\n\t\t<\/div>\n\t\t\t\t<\/div>\n\t\t\t\t<\/div>\n\t\t\t\t\t<\/div>\n\t\t<\/div>\n\t\t\t\t\t<\/div>\n\t\t<\/section>\n\t\t\t\t<section class=\"elementor-section elementor-top-section elementor-element elementor-element-2fe566ed elementor-section-content-middle elementor-section-boxed elementor-section-height-default elementor-section-height-default\" data-id=\"2fe566ed\" data-element_type=\"section\">\n\t\t\t\t\t\t<div class=\"elementor-container elementor-column-gap-default\">\n\t\t\t\t\t<div class=\"elementor-column elementor-col-100 elementor-top-column elementor-element elementor-element-756af6fe\" data-id=\"756af6fe\" data-element_type=\"column\">\n\t\t\t<div class=\"elementor-widget-wrap elementor-element-populated\">\n\t\t\t\t\t\t<div class=\"elementor-element elementor-element-a61e791 elementor-widget elementor-widget-heading\" data-id=\"a61e791\" data-element_type=\"widget\" data-widget_type=\"heading.default\">\n\t\t\t\t<div class=\"elementor-widget-container\">\n\t\t\t<h2 class=\"elementor-heading-title elementor-size-default\">Radionica kuhanja kave<\/h2>\t\t<\/div>\n\t\t\t\t<\/div>\n\t\t\t\t<div class=\"elementor-element elementor-element-87f49ee elementor-widget elementor-widget-text-editor\" data-id=\"87f49ee\" data-element_type=\"widget\" data-widget_type=\"text-editor.default\">\n\t\t\t\t<div class=\"elementor-widget-container\">\n\t\t\t\t\t\t\t<p style=\"text-align: center;\"><em>&#8220;Even a bad cup of coffee is better than no coffee at all!&#8221;<\/em> David Lynch<\/p><p style=\"text-align: center;\">Na radionici \u0107ete nau\u010diti kako pripremiti izvrsnu kavu i osnove latte arta &#8211; dekoriranja sa mlije\u010dnom pjenom, a pritom se dobro zabaviti sa kolegama.<\/p><h5 style=\"border: 0px; font-size: 18px; font-weight: 400; margin: 36px 0px 12px; outline: 0px; padding: 0px; vertical-align: baseline; clear: both; line-height: 1.33333; background-color: #ffffff; text-align: center;\"><span style=\"font-weight: bold; font-family: inherit; font-style: inherit;\">Highlights<\/span><\/h5><p style=\"text-align: center;\">\u2022\u00a0Degustacija raznih kava<\/p><p style=\"text-align: center;\">\u2022\u00a0Zabavan, interaktivan i edukativan event<\/p><p style=\"text-align: center;\">\u2022\u00a0Savr\u0161ena zabava za u\u010dvr\u0161\u0107ivanje poslovnih odnosa<\/p>\t\t\t\t\t\t<\/div>\n\t\t\t\t<\/div>\n\t\t\t\t\t<\/div>\n\t\t<\/div>\n\t\t\t\t\t<\/div>\n\t\t<\/section>\n\t\t\t\t<section class=\"elementor-section elementor-top-section elementor-element elementor-element-374ee2f elementor-section-boxed elementor-section-height-default elementor-section-height-default\" data-id=\"374ee2f\" data-element_type=\"section\">\n\t\t\t\t\t\t<div class=\"elementor-container elementor-column-gap-default\">\n\t\t\t\t\t<div class=\"elementor-column elementor-col-100 elementor-top-column elementor-element elementor-element-b11dde3\" data-id=\"b11dde3\" data-element_type=\"column\">\n\t\t\t<div class=\"elementor-widget-wrap elementor-element-populated\">\n\t\t\t\t\t\t<div class=\"elementor-element elementor-element-e66306c elementor-arrows-position-inside elementor-pagination-position-outside elementor-widget elementor-widget-image-carousel\" data-id=\"e66306c\" data-element_type=\"widget\" data-settings=\"{&quot;navigation&quot;:&quot;both&quot;,&quot;autoplay&quot;:&quot;yes&quot;,&quot;pause_on_hover&quot;:&quot;yes&quot;,&quot;pause_on_interaction&quot;:&quot;yes&quot;,&quot;autoplay_speed&quot;:5000,&quot;infinite&quot;:&quot;yes&quot;,&quot;speed&quot;:500}\" data-widget_type=\"image-carousel.default\">\n\t\t\t\t<div class=\"elementor-widget-container\">\n\t\t\t\t\t<div class=\"elementor-image-carousel-wrapper swiper\" dir=\"ltr\">\n\t\t\t<div class=\"elementor-image-carousel swiper-wrapper swiper-image-stretch\" aria-live=\"off\">\n\t\t\t\t\t\t\t\t<div class=\"swiper-slide\" role=\"group\" aria-roledescription=\"slide\" aria-label=\"1 of 9\"><figure class=\"swiper-slide-inner\"><img decoding=\"async\" class=\"swiper-slide-image\" src=\"https:\/\/hedonia.hr\/wp-content\/uploads\/2019\/12\/adult-1852965_1920-300x200.jpg\" alt=\"adult-1852965_1920\" \/><\/figure><\/div><div class=\"swiper-slide\" role=\"group\" aria-roledescription=\"slide\" aria-label=\"2 of 9\"><figure class=\"swiper-slide-inner\"><img decoding=\"async\" class=\"swiper-slide-image\" src=\"https:\/\/hedonia.hr\/wp-content\/uploads\/2019\/12\/cappuccino-701614_1920-300x200.jpg\" alt=\"cappuccino-701614_1920\" \/><\/figure><\/div><div class=\"swiper-slide\" role=\"group\" aria-roledescription=\"slide\" aria-label=\"3 of 9\"><figure class=\"swiper-slide-inner\"><img decoding=\"async\" class=\"swiper-slide-image\" src=\"https:\/\/hedonia.hr\/wp-content\/uploads\/2019\/12\/coffee-471166_1920-300x200.jpg\" alt=\"coffee-471166_1920\" \/><\/figure><\/div><div class=\"swiper-slide\" role=\"group\" aria-roledescription=\"slide\" aria-label=\"4 of 9\"><figure class=\"swiper-slide-inner\"><img decoding=\"async\" class=\"swiper-slide-image\" src=\"https:\/\/hedonia.hr\/wp-content\/uploads\/2019\/12\/coffee-791168_1920-300x200.jpg\" alt=\"coffee-791168_1920\" \/><\/figure><\/div><div class=\"swiper-slide\" role=\"group\" aria-roledescription=\"slide\" aria-label=\"5 of 9\"><figure class=\"swiper-slide-inner\"><img decoding=\"async\" class=\"swiper-slide-image\" src=\"https:\/\/hedonia.hr\/wp-content\/uploads\/2019\/12\/coffee-802057_1920-300x200.jpg\" alt=\"coffee-802057_1920\" \/><\/figure><\/div><div class=\"swiper-slide\" role=\"group\" aria-roledescription=\"slide\" aria-label=\"6 of 9\"><figure class=\"swiper-slide-inner\"><img decoding=\"async\" class=\"swiper-slide-image\" src=\"https:\/\/hedonia.hr\/wp-content\/uploads\/2019\/12\/coffee-1447172_1920-300x200.jpg\" alt=\"coffee-1447172_1920\" \/><\/figure><\/div><div class=\"swiper-slide\" role=\"group\" aria-roledescription=\"slide\" aria-label=\"7 of 9\"><figure class=\"swiper-slide-inner\"><img decoding=\"async\" class=\"swiper-slide-image\" src=\"https:\/\/hedonia.hr\/wp-content\/uploads\/2019\/12\/coffee-3932692_1920-300x200.jpg\" alt=\"coffee-3932692_1920\" \/><\/figure><\/div><div class=\"swiper-slide\" role=\"group\" aria-roledescription=\"slide\" aria-label=\"8 of 9\"><figure class=\"swiper-slide-inner\"><img decoding=\"async\" class=\"swiper-slide-image\" src=\"https:\/\/hedonia.hr\/wp-content\/uploads\/2019\/12\/coffee-4618038_1920-300x200.jpg\" alt=\"coffee-4618038_1920\" \/><\/figure><\/div><div class=\"swiper-slide\" role=\"group\" aria-roledescription=\"slide\" aria-label=\"9 of 9\"><figure class=\"swiper-slide-inner\"><img decoding=\"async\" class=\"swiper-slide-image\" src=\"https:\/\/hedonia.hr\/wp-content\/uploads\/2019\/12\/coffee-4618705_1920-300x200.jpg\" alt=\"coffee-4618705_1920\" \/><\/figure><\/div>\t\t\t<\/div>\n\t\t\t\t\t\t\t\t\t\t\t\t<div class=\"elementor-swiper-button elementor-swiper-button-prev\" role=\"button\" tabindex=\"0\">\n\t\t\t\t\t\t<i aria-hidden=\"true\" class=\"eicon-chevron-left\"><\/i>\t\t\t\t\t<\/div>\n\t\t\t\t\t<div class=\"elementor-swiper-button elementor-swiper-button-next\" role=\"button\" tabindex=\"0\">\n\t\t\t\t\t\t<i aria-hidden=\"true\" class=\"eicon-chevron-right\"><\/i>\t\t\t\t\t<\/div>\n\t\t\t\t\n\t\t\t\t\t\t\t\t\t<div class=\"swiper-pagination\"><\/div>\n\t\t\t\t\t\t\t\t\t<\/div>\n\t\t\t\t<\/div>\n\t\t\t\t<\/div>\n\t\t\t\t<div class=\"elementor-element elementor-element-0e77a12 elementor-widget elementor-widget-heading\" data-id=\"0e77a12\" data-element_type=\"widget\" data-widget_type=\"heading.default\">\n\t\t\t\t<div class=\"elementor-widget-container\">\n\t\t\t<h2 class=\"elementor-heading-title elementor-size-default\"><br><br>Detalji<\/h2>\t\t<\/div>\n\t\t\t\t<\/div>\n\t\t\t\t<div class=\"elementor-element elementor-element-98a7213 elementor-widget elementor-widget-text-editor\" data-id=\"98a7213\" data-element_type=\"widget\" data-widget_type=\"text-editor.default\">\n\t\t\t\t<div class=\"elementor-widget-container\">\n\t\t\t\t\t\t\t<p style=\"text-align: center;\">Koja je tajna izrade i u\u017eivanja u izvrsnoj espresso kavi? Na to pitanje dobit \u0107emo odgovor u kratkom predavanju na\u0161eg Bariste, ispri\u010dati \u0107e nam gdje se kava uzgaja, vrstama i mje\u0161avinama kave, te sve o mljevenju i aparatima za pripremu kave.\u00a0<\/p><p style=\"text-align: center;\">Nakon \u0161to ste svladali pripremu izvrsne espresso kave spremni ste za osnove o Latte artu. Barista \u0107e Vam prezentirati dvije klasi\u010dne forme Latte Art dekoracija i \u010dokoladne motive s \u201cedging metodom\u201d.<\/p><p style=\"text-align: center;\">Predla\u017eemo da novoste\u010denu vje\u0161tinu izrade kave provjerite sa svojim timom u izazovu.<\/p><p style=\"text-align: center;\">Odli\u010dan na\u010din za zabavno dru\u017eenje u kojem \u0107ete odmjeriti svoje snage u izradi izvrsnog cappuccina. Grupu \u0107emo podijeliti u timove i pred njih staviti tri izazova, ocjenjivat \u0107emo okus espresso kave, kreativnost latte art dekoracije i znanje o kavi.<\/p><p style=\"text-align: center;\">\u00a0<\/p><p style=\"text-align: center;\">\u00a0<\/p>\t\t\t\t\t\t<\/div>\n\t\t\t\t<\/div>\n\t\t\t\t\t<\/div>\n\t\t<\/div>\n\t\t\t\t\t<\/div>\n\t\t<\/section>\n\t\t\t\t<section class=\"elementor-section elementor-top-section elementor-element elementor-element-77b1ca81 elementor-section-boxed elementor-section-height-default elementor-section-height-default\" data-id=\"77b1ca81\" data-element_type=\"section\" data-settings=\"{&quot;background_background&quot;:&quot;classic&quot;}\">\n\t\t\t\t\t\t<div class=\"elementor-container elementor-column-gap-no\">\n\t\t\t\t\t<div class=\"elementor-column elementor-col-100 elementor-top-column elementor-element elementor-element-79161c17\" data-id=\"79161c17\" data-element_type=\"column\">\n\t\t\t<div class=\"elementor-widget-wrap elementor-element-populated\">\n\t\t\t\t\t\t<section class=\"elementor-section elementor-inner-section elementor-element elementor-element-6c02bc5c elementor-section-content-middle elementor-section-boxed elementor-section-height-default elementor-section-height-default\" data-id=\"6c02bc5c\" data-element_type=\"section\">\n\t\t\t\t\t\t<div class=\"elementor-container elementor-column-gap-no\">\n\t\t\t\t\t<div class=\"elementor-column elementor-col-50 elementor-inner-column elementor-element elementor-element-1ed70e47\" data-id=\"1ed70e47\" data-element_type=\"column\" data-settings=\"{&quot;background_background&quot;:&quot;classic&quot;}\">\n\t\t\t<div class=\"elementor-widget-wrap elementor-element-populated\">\n\t\t\t\t\t\t<div class=\"elementor-element elementor-element-55ddfef elementor-widget elementor-widget-heading\" data-id=\"55ddfef\" data-element_type=\"widget\" data-widget_type=\"heading.default\">\n\t\t\t\t<div class=\"elementor-widget-container\">\n\t\t\t<h2 class=\"elementor-heading-title elementor-size-default\">Informacije<\/h2>\t\t<\/div>\n\t\t\t\t<\/div>\n\t\t\t\t<div class=\"elementor-element elementor-element-4d084f8 elementor-widget-divider--view-line elementor-widget elementor-widget-divider\" data-id=\"4d084f8\" data-element_type=\"widget\" data-widget_type=\"divider.default\">\n\t\t\t\t<div class=\"elementor-widget-container\">\n\t\t\t\t\t<div class=\"elementor-divider\">\n\t\t\t<span class=\"elementor-divider-separator\">\n\t\t\t\t\t\t<\/span>\n\t\t<\/div>\n\t\t\t\t<\/div>\n\t\t\t\t<\/div>\n\t\t\t\t<div class=\"elementor-element elementor-element-88fa8ee elementor-widget elementor-widget-text-editor\" data-id=\"88fa8ee\" data-element_type=\"widget\" data-widget_type=\"text-editor.default\">\n\t\t\t\t<div class=\"elementor-widget-container\">\n\t\t\t\t\t\t\t<p style=\"text-align: left;\"><b>Trajanje: <\/b>max. 3 sata<\/p><p style=\"text-align: left;\"><b>Veli\u010dina grupe: <\/b>10-30 sudionika<\/p><p style=\"text-align: left;\">Event se mo\u017ee odr\u017eati u svim prostorima, \u010dak i u Va\u0161im uredima<\/p><p style=\"text-align: left;\"><b>Radionica uklju\u010duje:<\/b>\u00a0\u00a0<\/p><p style=\"text-align: left;\">\u2022\u00a0barista\/coffee expert,\u00a0\u00a0<\/p><p style=\"text-align: left;\">\u2022\u00a0potrebnu opremu i\u00a0<\/p><p style=\"text-align: left;\">\u2022\u00a0nagradu za Coffee Master<\/p>\t\t\t\t\t\t<\/div>\n\t\t\t\t<\/div>\n\t\t\t\t\t<\/div>\n\t\t<\/div>\n\t\t\t\t<div class=\"elementor-column elementor-col-50 elementor-inner-column elementor-element elementor-element-97e67d5\" data-id=\"97e67d5\" data-element_type=\"column\">\n\t\t\t<div class=\"elementor-widget-wrap elementor-element-populated\">\n\t\t\t\t\t\t<div class=\"elementor-element elementor-element-858a729 elementor-pagination-position-inside elementor-arrows-position-inside elementor-widget elementor-widget-image-carousel\" data-id=\"858a729\" data-element_type=\"widget\" data-settings=\"{&quot;slides_to_show&quot;:&quot;1&quot;,&quot;navigation&quot;:&quot;both&quot;,&quot;autoplay&quot;:&quot;yes&quot;,&quot;pause_on_hover&quot;:&quot;yes&quot;,&quot;pause_on_interaction&quot;:&quot;yes&quot;,&quot;autoplay_speed&quot;:5000,&quot;infinite&quot;:&quot;yes&quot;,&quot;effect&quot;:&quot;slide&quot;,&quot;speed&quot;:500}\" data-widget_type=\"image-carousel.default\">\n\t\t\t\t<div class=\"elementor-widget-container\">\n\t\t\t\t\t<div class=\"elementor-image-carousel-wrapper swiper\" dir=\"ltr\">\n\t\t\t<div class=\"elementor-image-carousel swiper-wrapper\" aria-live=\"off\">\n\t\t\t\t\t\t\t\t<div class=\"swiper-slide\" role=\"group\" aria-roledescription=\"slide\" aria-label=\"1 of 1\"><figure class=\"swiper-slide-inner\"><img decoding=\"async\" class=\"swiper-slide-image\" src=\"https:\/\/hedonia.hr\/wp-content\/uploads\/2019\/12\/art-beverage-blur-caffeine-302896-1-684x1024.jpg\" alt=\"art-beverage-blur-caffeine-302896\" \/><\/figure><\/div>\t\t\t<\/div>\n\t\t\t\t\t<\/div>\n\t\t\t\t<\/div>\n\t\t\t\t<\/div>\n\t\t\t\t\t<\/div>\n\t\t<\/div>\n\t\t\t\t\t<\/div>\n\t\t<\/section>\n\t\t\t\t\t<\/div>\n\t\t<\/div>\n\t\t\t\t\t<\/div>\n\t\t<\/section>\n\t\t\t\t<section class=\"elementor-section elementor-top-section elementor-element elementor-element-520e1d6 elementor-section-boxed elementor-section-height-default elementor-section-height-default\" data-id=\"520e1d6\" data-element_type=\"section\">\n\t\t\t\t\t\t<div class=\"elementor-container elementor-column-gap-default\">\n\t\t\t\t\t<div class=\"elementor-column elementor-col-100 elementor-top-column elementor-element elementor-element-96ea03a\" data-id=\"96ea03a\" data-element_type=\"column\">\n\t\t\t<div class=\"elementor-widget-wrap elementor-element-populated\">\n\t\t\t\t\t\t<div class=\"elementor-element elementor-element-649242e elementor-flip-box--effect-flip elementor-flip-box--direction-up elementor-widget elementor-widget-global elementor-global-9110 elementor-widget-flip-box\" data-id=\"649242e\" data-element_type=\"widget\" data-widget_type=\"flip-box.default\">\n\t\t\t\t<div class=\"elementor-widget-container\">\n\t\t\t\t\t<div class=\"elementor-flip-box\" tabindex=\"0\">\n\t\t\t<div class=\"elementor-flip-box__layer elementor-flip-box__front\">\n\t\t\t\t<div class=\"elementor-flip-box__layer__overlay\">\n\t\t\t\t\t<div class=\"elementor-flip-box__layer__inner\">\n\t\t\t\t\t\t\t\t\t\t\t\t\t<div class=\"elementor-icon-wrapper elementor-view-default\">\n\t\t\t\t\t\t\t\t<div class=\"elementor-icon\">\n\t\t\t\t\t\t\t\t\t\t\t\t\t\t\t\t\t<\/div>\n\t\t\t\t\t\t\t<\/div>\n\t\t\t\t\t\t\n\t\t\t\t\t\t\t\t\t\t\t\t\t<h3 class=\"elementor-flip-box__layer__title\">\n\t\t\t\t\t\t\t\tKontaktirajte nas\t\t\t\t\t\t\t<\/h3>\n\t\t\t\t\t\t\n\t\t\t\t\t\t\t\t\t\t\t\t\t<div class=\"elementor-flip-box__layer__description\">\n\t\t\t\t\t\t\t\tJedan klik ste dalje od kontakta s nama!\t\t\t\t\t\t\t<\/div>\n\t\t\t\t\t\t\t\t\t\t\t<\/div>\n\t\t\t\t<\/div>\n\t\t\t<\/div>\n\t\t\t<div class=\"elementor-flip-box__layer elementor-flip-box__back\">\n\t\t\t<div class=\"elementor-flip-box__layer__overlay\">\n\t\t\t\t<div class=\"elementor-flip-box__layer__inner\">\n\t\t\t\t\t\n\t\t\t\t\t\t\t\t\t\t\t<div class=\"elementor-flip-box__layer__description\">\n\t\t\t\t\t\t\t[wpforms id=\"9104\" title=\"false\" description=\"false\"]\t\t\t\t\t\t<\/div>\n\t\t\t\t\t\n\t\t\t\t\t\t\t\t<\/div>\n\t\t<\/div>\n\t\t<\/div>\n\t\t<\/div>\n\t\t\t\t<\/div>\n\t\t\t\t<\/div>\n\t\t\t\t\t<\/div>\n\t\t<\/div>\n\t\t\t\t\t<\/div>\n\t\t<\/section>\n\t\t\t\t<\/div>\n\t\t","protected":false},"excerpt":{"rendered":"<p>Radionica kuhanja kave &#8220;Even a bad cup of coffee is better than no coffee at all!&#8221; David Lynch Na radionici \u0107ete nau\u010diti kako pripremiti izvrsnu kavu i osnove latte arta &#8211; dekoriranja sa mlije\u010dnom pjenom, a pritom se dobro zabaviti sa kolegama. Highlights \u2022\u00a0Degustacija raznih kava \u2022\u00a0Zabavan, interaktivan i edukativan event \u2022\u00a0Savr\u0161ena zabava za u\u010dvr\u0161\u0107ivanje &#8230;<\/p>\n","protected":false},"author":1,"featured_media":0,"parent":0,"menu_order":0,"comment_status":"closed","ping_status":"closed","template":"elementor_header_footer","meta":{"footnotes":""},"class_list":["post-3060","page","type-page","status-publish","hentry"],"yoast_head":"<!-- This site is optimized with the Yoast SEO plugin v23.8 - https:\/\/yoast.com\/wordpress\/plugins\/seo\/ -->\n<title>Te\u010daj kuhanja kave - Hedonia<\/title>\n<meta name=\"robots\" content=\"index, follow, max-snippet:-1, max-image-preview:large, max-video-preview:-1\" \/>\n<link rel=\"canonical\" href=\"https:\/\/hedonia.hr\/coffee-brewing-course\/\" \/>\n<meta property=\"og:locale\" content=\"hr_HR\" \/>\n<meta property=\"og:type\" content=\"article\" \/>\n<meta property=\"og:title\" content=\"Te\u010daj kuhanja kave - Hedonia\" \/>\n<meta property=\"og:description\" content=\"Radionica kuhanja kave &#8220;Even a bad cup of coffee is better than no coffee at all!&#8221; David Lynch Na radionici \u0107ete nau\u010diti kako pripremiti izvrsnu kavu i osnove latte arta &#8211; dekoriranja sa mlije\u010dnom pjenom, a pritom se dobro zabaviti sa kolegama. Highlights \u2022\u00a0Degustacija raznih kava \u2022\u00a0Zabavan, interaktivan i edukativan event \u2022\u00a0Savr\u0161ena zabava za u\u010dvr\u0161\u0107ivanje ...\" \/>\n<meta property=\"og:url\" content=\"https:\/\/hedonia.hr\/coffee-brewing-course\/\" \/>\n<meta property=\"og:site_name\" content=\"Hedonia\" \/>\n<meta property=\"article:modified_time\" content=\"2020-09-18T22:30:38+00:00\" \/>\n<meta property=\"og:image\" content=\"https:\/\/hedonia.hr\/wp-content\/uploads\/2019\/12\/adult-1852965_1920-300x200.jpg\" \/>\n<meta name=\"twitter:card\" content=\"summary_large_image\" \/>\n<meta name=\"twitter:label1\" content=\"Procijenjeno vrijeme \u010ditanja\" \/>\n\t<meta name=\"twitter:data1\" content=\"1 minuta\" \/>\n<script type=\"application\/ld+json\" class=\"yoast-schema-graph\">{\"@context\":\"https:\/\/schema.org\",\"@graph\":[{\"@type\":\"WebPage\",\"@id\":\"https:\/\/hedonia.hr\/coffee-brewing-course\/\",\"url\":\"https:\/\/hedonia.hr\/coffee-brewing-course\/\",\"name\":\"Te\u010daj kuhanja kave - Hedonia\",\"isPartOf\":{\"@id\":\"https:\/\/hedonia.hr\/#website\"},\"primaryImageOfPage\":{\"@id\":\"https:\/\/hedonia.hr\/coffee-brewing-course\/#primaryimage\"},\"image\":{\"@id\":\"https:\/\/hedonia.hr\/coffee-brewing-course\/#primaryimage\"},\"thumbnailUrl\":\"https:\/\/hedonia.hr\/wp-content\/uploads\/2019\/12\/adult-1852965_1920-300x200.jpg\",\"datePublished\":\"2019-12-17T06:41:34+00:00\",\"dateModified\":\"2020-09-18T22:30:38+00:00\",\"breadcrumb\":{\"@id\":\"https:\/\/hedonia.hr\/coffee-brewing-course\/#breadcrumb\"},\"inLanguage\":\"hr\",\"potentialAction\":[{\"@type\":\"ReadAction\",\"target\":[\"https:\/\/hedonia.hr\/coffee-brewing-course\/\"]}]},{\"@type\":\"ImageObject\",\"inLanguage\":\"hr\",\"@id\":\"https:\/\/hedonia.hr\/coffee-brewing-course\/#primaryimage\",\"url\":\"https:\/\/hedonia.hr\/wp-content\/uploads\/2019\/12\/adult-1852965_1920-300x200.jpg\",\"contentUrl\":\"https:\/\/hedonia.hr\/wp-content\/uploads\/2019\/12\/adult-1852965_1920-300x200.jpg\"},{\"@type\":\"BreadcrumbList\",\"@id\":\"https:\/\/hedonia.hr\/coffee-brewing-course\/#breadcrumb\",\"itemListElement\":[{\"@type\":\"ListItem\",\"position\":1,\"name\":\"Home\",\"item\":\"https:\/\/hedonia.hr\/hr\/\"},{\"@type\":\"ListItem\",\"position\":2,\"name\":\"Te\u010daj kuhanja kave\"}]},{\"@type\":\"WebSite\",\"@id\":\"https:\/\/hedonia.hr\/#website\",\"url\":\"https:\/\/hedonia.hr\/\",\"name\":\"Hedonia\",\"description\":\"Hedonia experience\",\"potentialAction\":[{\"@type\":\"SearchAction\",\"target\":{\"@type\":\"EntryPoint\",\"urlTemplate\":\"https:\/\/hedonia.hr\/?s={search_term_string}\"},\"query-input\":{\"@type\":\"PropertyValueSpecification\",\"valueRequired\":true,\"valueName\":\"search_term_string\"}}],\"inLanguage\":\"hr\"}]}<\/script>\n<!-- \/ Yoast SEO plugin. -->","yoast_head_json":{"title":"Te\u010daj kuhanja kave - Hedonia","robots":{"index":"index","follow":"follow","max-snippet":"max-snippet:-1","max-image-preview":"max-image-preview:large","max-video-preview":"max-video-preview:-1"},"canonical":"https:\/\/hedonia.hr\/coffee-brewing-course\/","og_locale":"hr_HR","og_type":"article","og_title":"Te\u010daj kuhanja kave - Hedonia","og_description":"Radionica kuhanja kave &#8220;Even a bad cup of coffee is better than no coffee at all!&#8221; David Lynch Na radionici \u0107ete nau\u010diti kako pripremiti izvrsnu kavu i osnove latte arta &#8211; dekoriranja sa mlije\u010dnom pjenom, a pritom se dobro zabaviti sa kolegama. Highlights \u2022\u00a0Degustacija raznih kava \u2022\u00a0Zabavan, interaktivan i edukativan event \u2022\u00a0Savr\u0161ena zabava za u\u010dvr\u0161\u0107ivanje ...","og_url":"https:\/\/hedonia.hr\/coffee-brewing-course\/","og_site_name":"Hedonia","article_modified_time":"2020-09-18T22:30:38+00:00","og_image":[{"url":"https:\/\/hedonia.hr\/wp-content\/uploads\/2019\/12\/adult-1852965_1920-300x200.jpg"}],"twitter_card":"summary_large_image","twitter_misc":{"Procijenjeno vrijeme \u010ditanja":"1 minuta"},"schema":{"@context":"https:\/\/schema.org","@graph":[{"@type":"WebPage","@id":"https:\/\/hedonia.hr\/coffee-brewing-course\/","url":"https:\/\/hedonia.hr\/coffee-brewing-course\/","name":"Te\u010daj kuhanja kave - Hedonia","isPartOf":{"@id":"https:\/\/hedonia.hr\/#website"},"primaryImageOfPage":{"@id":"https:\/\/hedonia.hr\/coffee-brewing-course\/#primaryimage"},"image":{"@id":"https:\/\/hedonia.hr\/coffee-brewing-course\/#primaryimage"},"thumbnailUrl":"https:\/\/hedonia.hr\/wp-content\/uploads\/2019\/12\/adult-1852965_1920-300x200.jpg","datePublished":"2019-12-17T06:41:34+00:00","dateModified":"2020-09-18T22:30:38+00:00","breadcrumb":{"@id":"https:\/\/hedonia.hr\/coffee-brewing-course\/#breadcrumb"},"inLanguage":"hr","potentialAction":[{"@type":"ReadAction","target":["https:\/\/hedonia.hr\/coffee-brewing-course\/"]}]},{"@type":"ImageObject","inLanguage":"hr","@id":"https:\/\/hedonia.hr\/coffee-brewing-course\/#primaryimage","url":"https:\/\/hedonia.hr\/wp-content\/uploads\/2019\/12\/adult-1852965_1920-300x200.jpg","contentUrl":"https:\/\/hedonia.hr\/wp-content\/uploads\/2019\/12\/adult-1852965_1920-300x200.jpg"},{"@type":"BreadcrumbList","@id":"https:\/\/hedonia.hr\/coffee-brewing-course\/#breadcrumb","itemListElement":[{"@type":"ListItem","position":1,"name":"Home","item":"https:\/\/hedonia.hr\/hr\/"},{"@type":"ListItem","position":2,"name":"Te\u010daj kuhanja kave"}]},{"@type":"WebSite","@id":"https:\/\/hedonia.hr\/#website","url":"https:\/\/hedonia.hr\/","name":"Hedonia","description":"Hedonia experience","potentialAction":[{"@type":"SearchAction","target":{"@type":"EntryPoint","urlTemplate":"https:\/\/hedonia.hr\/?s={search_term_string}"},"query-input":{"@type":"PropertyValueSpecification","valueRequired":true,"valueName":"search_term_string"}}],"inLanguage":"hr"}]}},"_links":{"self":[{"href":"https:\/\/hedonia.hr\/hr\/wp-json\/wp\/v2\/pages\/3060"}],"collection":[{"href":"https:\/\/hedonia.hr\/hr\/wp-json\/wp\/v2\/pages"}],"about":[{"href":"https:\/\/hedonia.hr\/hr\/wp-json\/wp\/v2\/types\/page"}],"author":[{"embeddable":true,"href":"https:\/\/hedonia.hr\/hr\/wp-json\/wp\/v2\/users\/1"}],"replies":[{"embeddable":true,"href":"https:\/\/hedonia.hr\/hr\/wp-json\/wp\/v2\/comments?post=3060"}],"version-history":[{"count":8,"href":"https:\/\/hedonia.hr\/hr\/wp-json\/wp\/v2\/pages\/3060\/revisions"}],"predecessor-version":[{"id":36349,"href":"https:\/\/hedonia.hr\/hr\/wp-json\/wp\/v2\/pages\/3060\/revisions\/36349"}],"wp:attachment":[{"href":"https:\/\/hedonia.hr\/hr\/wp-json\/wp\/v2\/media?parent=3060"}],"curies":[{"name":"wp","href":"https:\/\/api.w.org\/{rel}","templated":true}]}}