{"id":36090,"date":"2020-09-10T12:41:29","date_gmt":"2020-09-10T12:41:29","guid":{"rendered":"https:\/\/hedonia.hr\/?page_id=36090"},"modified":"2020-12-04T16:46:09","modified_gmt":"2020-12-04T16:46:09","slug":"jednodnevno-jedrenje-i-gurmanski-dozivljaj-dalmacije","status":"publish","type":"page","link":"https:\/\/hedonia.hr\/hr\/jednodnevno-jedrenje-i-gurmanski-dozivljaj-dalmacije\/","title":{"rendered":"Jednodnevno jedrenje i gurmanski do\u017eivljaj Dalmacije"},"content":{"rendered":"\t\t<div data-elementor-type=\"wp-page\" data-elementor-id=\"36090\" class=\"elementor elementor-36090\" data-elementor-post-type=\"page\">\n\t\t\t\t\t\t<section class=\"elementor-section elementor-top-section elementor-element elementor-element-b3adce8 elementor-section-stretched elementor-section-full_width elementor-section-height-default elementor-section-height-default\" data-id=\"b3adce8\" data-element_type=\"section\" data-settings=\"{&quot;stretch_section&quot;:&quot;section-stretched&quot;}\">\n\t\t\t\t\t\t<div class=\"elementor-container elementor-column-gap-no\">\n\t\t\t\t\t<div class=\"elementor-column elementor-col-100 elementor-top-column elementor-element elementor-element-58b749f\" data-id=\"58b749f\" data-element_type=\"column\">\n\t\t\t<div class=\"elementor-widget-wrap elementor-element-populated\">\n\t\t\t\t\t\t<div class=\"elementor-element elementor-element-efb5f4c elementor--h-position-center elementor--v-position-middle elementor-arrows-position-inside elementor-pagination-position-inside elementor-widget elementor-widget-slides\" data-id=\"efb5f4c\" data-element_type=\"widget\" data-settings=\"{&quot;navigation&quot;:&quot;both&quot;,&quot;autoplay&quot;:&quot;yes&quot;,&quot;pause_on_hover&quot;:&quot;yes&quot;,&quot;pause_on_interaction&quot;:&quot;yes&quot;,&quot;autoplay_speed&quot;:5000,&quot;infinite&quot;:&quot;yes&quot;,&quot;transition&quot;:&quot;slide&quot;,&quot;transition_speed&quot;:500}\" data-widget_type=\"slides.default\">\n\t\t\t\t<div class=\"elementor-widget-container\">\n\t\t\t\t\t<div class=\"elementor-swiper\">\n\t\t\t<div class=\"elementor-slides-wrapper elementor-main-swiper swiper\" dir=\"ltr\" data-animation=\"fadeInUp\">\n\t\t\t\t<div class=\"swiper-wrapper elementor-slides\">\n\t\t\t\t\t\t\t\t\t\t<div class=\"elementor-repeater-item-0918b8f swiper-slide\"><div class=\"swiper-slide-bg\" role=\"img\"><\/div><div class=\"elementor-background-overlay\"><\/div><div class=\"swiper-slide-inner\" ><div class=\"swiper-slide-contents\"><\/div><\/div><\/div><div class=\"elementor-repeater-item-263dee1 swiper-slide\"><div class=\"swiper-slide-bg\" role=\"img\"><\/div><div class=\"elementor-background-overlay\"><\/div><div class=\"swiper-slide-inner\" ><div class=\"swiper-slide-contents\"><\/div><\/div><\/div>\t\t\t\t<\/div>\n\t\t\t\t\t\t\t\t\t\t\t\t\t\t\t<div class=\"swiper-pagination\"><\/div>\n\t\t\t\t\t\t\t\t\t\t\t\t\t\t\t\t<div class=\"elementor-swiper-button elementor-swiper-button-prev\" role=\"button\" tabindex=\"0\">\n\t\t\t\t\t\t\t<i aria-hidden=\"true\" class=\"eicon-chevron-left\"><\/i>\t\t\t\t\t\t\t<span class=\"elementor-screen-only\">Previous slide<\/span>\n\t\t\t\t\t\t<\/div>\n\t\t\t\t\t\t<div class=\"elementor-swiper-button elementor-swiper-button-next\" role=\"button\" tabindex=\"0\">\n\t\t\t\t\t\t\t<i aria-hidden=\"true\" class=\"eicon-chevron-right\"><\/i>\t\t\t\t\t\t\t<span class=\"elementor-screen-only\">Next slide<\/span>\n\t\t\t\t\t\t<\/div>\n\t\t\t\t\t\t\t\t\t\t\t\t<\/div>\n\t\t<\/div>\n\t\t\t\t<\/div>\n\t\t\t\t<\/div>\n\t\t\t\t\t<\/div>\n\t\t<\/div>\n\t\t\t\t\t<\/div>\n\t\t<\/section>\n\t\t\t\t<section class=\"elementor-section elementor-top-section elementor-element elementor-element-2fe566ed elementor-section-content-middle elementor-section-boxed elementor-section-height-default elementor-section-height-default\" data-id=\"2fe566ed\" data-element_type=\"section\">\n\t\t\t\t\t\t<div class=\"elementor-container elementor-column-gap-default\">\n\t\t\t\t\t<div class=\"elementor-column elementor-col-100 elementor-top-column elementor-element elementor-element-756af6fe\" data-id=\"756af6fe\" data-element_type=\"column\">\n\t\t\t<div class=\"elementor-widget-wrap elementor-element-populated\">\n\t\t\t\t\t\t<div class=\"elementor-element elementor-element-ab504ff elementor-widget elementor-widget-heading\" data-id=\"ab504ff\" data-element_type=\"widget\" data-widget_type=\"heading.default\">\n\t\t\t\t<div class=\"elementor-widget-container\">\n\t\t\t<h2 class=\"elementor-heading-title elementor-size-default\">Jednodnevno jedrenje i gurmanski do\u017eivljaj Dalmacije\n<\/h2>\t\t<\/div>\n\t\t\t\t<\/div>\n\t\t\t\t<div class=\"elementor-element elementor-element-7cb861f elementor-widget elementor-widget-text-editor\" data-id=\"7cb861f\" data-element_type=\"widget\" data-widget_type=\"text-editor.default\">\n\t\t\t\t<div class=\"elementor-widget-container\">\n\t\t\t\t\t\t\t<h4 style=\"text-align: center;\"><b>U\u017eivanje u jedrenju, laganim sportskim aktivnostima, degustaciji hrane i vina<\/b><\/h4><p><b>Aktivnosti:<\/b><\/p><ul><li><span style=\"font-weight: 400;\"> jedrenje\u00a0 zadarskim arhipelagom<\/span><\/li><li><span style=\"font-weight: 400;\"> u\u017eivanje u plivanju, ronjenju, istra\u017eivanju zaljeva na SUP dasci, pecanje, \u0161etnja po otoku ili odmaranje\u00a0 na palubi broda<\/span><\/li><li><span style=\"font-weight: 400;\"> dalmatinska ve\u010dera pripremljena na tradicionalan na\u010din.\u00a0<\/span><\/li><\/ul><div><b>Trajanje ture: <\/b>jednodnevni izlet<br \/><b><br \/><\/b><\/div><p><b>Broj osoba i cijena*:<\/b><\/p><ul><li style=\"font-weight: 400;\"><p><span style=\"font-weight: 400;\">male grupe\u00a0 (7 osoba); Cijena na upit<\/span><\/p><\/li><\/ul><p style=\"text-align: center;\">\u00a0<\/p>\t\t\t\t\t\t<\/div>\n\t\t\t\t<\/div>\n\t\t\t\t<div class=\"elementor-element elementor-element-4d5dab0 elementor-widget elementor-widget-text-editor\" data-id=\"4d5dab0\" data-element_type=\"widget\" data-widget_type=\"text-editor.default\">\n\t\t\t\t<div class=\"elementor-widget-container\">\n\t\t\t\t\t\t\t<p dir=\"ltr\" style=\"line-height: 1.38; margin-top: 0pt; margin-bottom: 0pt;\"><span style=\"font-size: 8pt; font-family: Arial; color: #000000; background-color: transparent; font-weight: 400; font-style: normal; font-variant: normal; text-decoration: none; vertical-align: baseline; white-space: pre-wrap;\">*<\/span><span style=\"font-size: 8pt; font-family: Arial; color: #383838; background-color: #ffffff; font-weight: 400; font-style: normal; font-variant: normal; text-decoration: none; vertical-align: baseline; white-space: pre-wrap;\">U slu\u010daju manjeg broja putnika agencija ima pravo na promjenu cijene ili otkazivanje putovanja<\/span><\/p><p dir=\"ltr\" style=\"line-height: 1.38; margin-top: 0pt; margin-bottom: 0pt;\"><span style=\"font-size: 8pt; font-family: Arial; color: #383838; background-color: #ffffff; font-weight: 400; font-style: normal; font-variant: normal; text-decoration: none; vertical-align: baseline; white-space: pre-wrap;\">.*HEDONIA EXPERIENCE d.o.o. nije u sustavu PDV-a, PDV nije obra\u010dunat temeljem \u010dl. 90 st.1 i st.2 Zakona o PDV-u.<\/span><\/p>\t\t\t\t\t\t<\/div>\n\t\t\t\t<\/div>\n\t\t\t\t\t<\/div>\n\t\t<\/div>\n\t\t\t\t\t<\/div>\n\t\t<\/section>\n\t\t\t\t<section class=\"elementor-section elementor-top-section elementor-element elementor-element-374ee2f elementor-section-boxed elementor-section-height-default elementor-section-height-default\" data-id=\"374ee2f\" data-element_type=\"section\">\n\t\t\t\t\t\t<div class=\"elementor-container elementor-column-gap-default\">\n\t\t\t\t\t<div class=\"elementor-column elementor-col-100 elementor-top-column elementor-element elementor-element-b11dde3\" data-id=\"b11dde3\" data-element_type=\"column\">\n\t\t\t<div class=\"elementor-widget-wrap elementor-element-populated\">\n\t\t\t\t\t\t<div class=\"elementor-element elementor-element-e66306c elementor-arrows-position-inside elementor-pagination-position-outside elementor-widget elementor-widget-image-carousel\" data-id=\"e66306c\" data-element_type=\"widget\" data-settings=\"{&quot;navigation&quot;:&quot;both&quot;,&quot;autoplay&quot;:&quot;yes&quot;,&quot;pause_on_hover&quot;:&quot;yes&quot;,&quot;pause_on_interaction&quot;:&quot;yes&quot;,&quot;autoplay_speed&quot;:5000,&quot;infinite&quot;:&quot;yes&quot;,&quot;speed&quot;:500}\" data-widget_type=\"image-carousel.default\">\n\t\t\t\t<div class=\"elementor-widget-container\">\n\t\t\t\t\t<div class=\"elementor-image-carousel-wrapper swiper\" dir=\"ltr\">\n\t\t\t<div class=\"elementor-image-carousel swiper-wrapper swiper-image-stretch\" aria-live=\"off\">\n\t\t\t\t\t\t\t\t<div class=\"swiper-slide\" role=\"group\" aria-roledescription=\"slide\" aria-label=\"1 of 4\"><figure class=\"swiper-slide-inner\"><img decoding=\"async\" class=\"swiper-slide-image\" src=\"https:\/\/hedonia.hr\/wp-content\/uploads\/2020\/09\/IMG_20200706_100415-300x300.jpg\" alt=\"IMG_20200706_100415\" \/><\/figure><\/div><div class=\"swiper-slide\" role=\"group\" aria-roledescription=\"slide\" aria-label=\"2 of 4\"><figure class=\"swiper-slide-inner\"><img decoding=\"async\" class=\"swiper-slide-image\" src=\"https:\/\/hedonia.hr\/wp-content\/uploads\/2020\/09\/IMG_1756-300x300.jpg\" alt=\"IMG_1756\" \/><\/figure><\/div><div class=\"swiper-slide\" role=\"group\" aria-roledescription=\"slide\" aria-label=\"3 of 4\"><figure class=\"swiper-slide-inner\"><img decoding=\"async\" class=\"swiper-slide-image\" src=\"https:\/\/hedonia.hr\/wp-content\/uploads\/2020\/09\/FB_IMG_1518808315995-300x300.jpg\" alt=\"FB_IMG_1518808315995\" \/><\/figure><\/div><div class=\"swiper-slide\" role=\"group\" aria-roledescription=\"slide\" aria-label=\"4 of 4\"><figure class=\"swiper-slide-inner\"><img decoding=\"async\" class=\"swiper-slide-image\" src=\"https:\/\/hedonia.hr\/wp-content\/uploads\/2020\/09\/DSC_0172-300x300.jpg\" alt=\"DSC_0172\" \/><\/figure><\/div>\t\t\t<\/div>\n\t\t\t\t\t\t\t\t\t\t\t\t<div class=\"elementor-swiper-button elementor-swiper-button-prev\" role=\"button\" tabindex=\"0\">\n\t\t\t\t\t\t<i aria-hidden=\"true\" class=\"eicon-chevron-left\"><\/i>\t\t\t\t\t<\/div>\n\t\t\t\t\t<div class=\"elementor-swiper-button elementor-swiper-button-next\" role=\"button\" tabindex=\"0\">\n\t\t\t\t\t\t<i aria-hidden=\"true\" class=\"eicon-chevron-right\"><\/i>\t\t\t\t\t<\/div>\n\t\t\t\t\n\t\t\t\t\t\t\t\t\t<div class=\"swiper-pagination\"><\/div>\n\t\t\t\t\t\t\t\t\t<\/div>\n\t\t\t\t<\/div>\n\t\t\t\t<\/div>\n\t\t\t\t<div class=\"elementor-element elementor-element-649985e elementor-widget elementor-widget-text-editor\" data-id=\"649985e\" data-element_type=\"widget\" data-widget_type=\"text-editor.default\">\n\t\t\t\t<div class=\"elementor-widget-container\">\n\t\t\t\t\t\t\t<h4>Plan puta:<\/h4>\t\t\t\t\t\t<\/div>\n\t\t\t\t<\/div>\n\t\t\t\t<div class=\"elementor-element elementor-element-98a7213 elementor-widget elementor-widget-text-editor\" data-id=\"98a7213\" data-element_type=\"widget\" data-widget_type=\"text-editor.default\">\n\t\t\t\t<div class=\"elementor-widget-container\">\n\t\t\t\t\t\t\t<p><span style=\"font-weight: 400;\">7:00 sati &#8211; Polazak iz Zagreba.<br \/><\/span>10:00 sati &#8211; Dolazak u Zadar i ukrcaj na jedrilicu.Jedrenje zadarskim kanalom do prekrasnih uvala u zadarskom arhipelagu.<br \/>11:30 sati &#8211; Pauza za kavu i kola\u010d.<br \/>12:30 sati &#8211; Izlet nastavljate jedrenjem ili raznim aktivnostima kao \u0161to su plivanje, ronjenje ili istra\u017eivanje prekrasnih uvala na SUP-u ovisno o va\u0161im \u017eeljama. U nastavku izleta slijedi pauza za ru\u010dak i \u0161etnja po otoku ili kavu..<br \/>Na povratku u marinu u\u017eivat \u0107ete u prekrasnom pogledu na razvedenu obalu zadarskog arhipelaga s brojnim otocima tei jezgru starog grada Zadra.<br \/>19:00 sati O\u010dekuje Vas tradicionalna Dalmatinska ve\u010dera na obiteljskom poljoprivrednom gospodarstvu spravljena od doma\u0107ih namirnica.<br \/>21:00 sati &#8211; Polazak za Zagreb. O\u010dekivano vrijeme dolaska u Zagreb oko 00:00 sati.<br \/><br \/><\/p><p><strong>Izlet uklju\u010duje:<\/strong><\/p><ul><li style=\"font-weight: 400;\"><span style=\"font-weight: 400;\">profesionalnog pratitelja puta\u00a0<\/span><\/li><li style=\"font-weight: 400;\"><span style=\"font-weight: 400;\">jedrilicu, skipera i potrebno gorivo<\/span><\/li><li style=\"font-weight: 400;\"><span style=\"font-weight: 400;\">kavu i kola\u010d na jedrilici<\/span><\/li><li style=\"font-weight: 400;\"><span style=\"font-weight: 400;\">ru\u010dak i osvje\u017eenje (vino i voda) na jedrilici<\/span><\/li><li style=\"font-weight: 400;\"><span style=\"font-weight: 400;\">maske za ronjenje, oprema za pecanje, 2 SUP daske<\/span><\/li><li style=\"font-weight: 400;\"><span style=\"font-weight: 400;\">ve\u010deru u mediteranskom ugo\u0111aju.<\/span><span style=\"font-weight: 400;\"><br \/><\/span><\/li><\/ul><p>\u00a0<\/p><p><b>Cijena ne uklju\u010duje:<\/b><\/p><ul><li><span style=\"font-weight: 400;\"> napojnice<\/span><\/li><li><span style=\"font-weight: 400;\"> hranu i pi\u0107a koja nisu navedena<\/span><\/li><li><span style=\"font-weight: 400;\"> suveniri<\/span><\/li><\/ul><p><br \/><br \/><\/p><p><b>\u0160to ponijeti na izlet:<\/b><\/p><ul><li><span style=\"font-weight: 400;\"> udobnu obu\u0107u i odje\u0107u<\/span><\/li><li><span style=\"font-weight: 400;\"> kupa\u0107i kostim<\/span><\/li><li><span style=\"font-weight: 400;\"> za\u0161titu od sunca (kremu, \u0161e\u0161ir..)<\/span><\/li><\/ul>\t\t\t\t\t\t<\/div>\n\t\t\t\t<\/div>\n\t\t\t\t\t<\/div>\n\t\t<\/div>\n\t\t\t\t\t<\/div>\n\t\t<\/section>\n\t\t\t\t<section class=\"elementor-section elementor-top-section elementor-element elementor-element-85123a4 elementor-section-boxed elementor-section-height-default elementor-section-height-default\" data-id=\"85123a4\" data-element_type=\"section\">\n\t\t\t\t\t\t<div class=\"elementor-container elementor-column-gap-default\">\n\t\t\t\t\t<div class=\"elementor-column elementor-col-100 elementor-top-column elementor-element elementor-element-1bcc5b9\" data-id=\"1bcc5b9\" data-element_type=\"column\">\n\t\t\t<div class=\"elementor-widget-wrap elementor-element-populated\">\n\t\t\t\t\t\t<div class=\"elementor-element elementor-element-bb2e7dd elementor-flip-box--effect-flip elementor-flip-box--direction-up elementor-widget elementor-widget-global elementor-global-9737 elementor-widget-flip-box\" data-id=\"bb2e7dd\" data-element_type=\"widget\" data-widget_type=\"flip-box.default\">\n\t\t\t\t<div class=\"elementor-widget-container\">\n\t\t\t\t\t<div class=\"elementor-flip-box\" tabindex=\"0\">\n\t\t\t<div class=\"elementor-flip-box__layer elementor-flip-box__front\">\n\t\t\t\t<div class=\"elementor-flip-box__layer__overlay\">\n\t\t\t\t\t<div class=\"elementor-flip-box__layer__inner\">\n\t\t\t\t\t\t\n\t\t\t\t\t\t\t\t\t\t\t\t\t<h3 class=\"elementor-flip-box__layer__title\">\n\t\t\t\t\t\t\t\tKontaktirajte nas!\t\t\t\t\t\t\t<\/h3>\n\t\t\t\t\t\t\n\t\t\t\t\t\t\t\t\t\t\t\t\t<div class=\"elementor-flip-box__layer__description\">\n\t\t\t\t\t\t\t\tJedan klik ste od kontakta s nama!\t\t\t\t\t\t\t<\/div>\n\t\t\t\t\t\t\t\t\t\t\t<\/div>\n\t\t\t\t<\/div>\n\t\t\t<\/div>\n\t\t\t<div class=\"elementor-flip-box__layer elementor-flip-box__back\">\n\t\t\t<div class=\"elementor-flip-box__layer__overlay\">\n\t\t\t\t<div class=\"elementor-flip-box__layer__inner\">\n\t\t\t\t\t\n\t\t\t\t\t\t\t\t\t\t\t<div class=\"elementor-flip-box__layer__description\">\n\t\t\t\t\t\t\t[wpforms id=\"6858\" title=\"false\" description=\"false\"]\t\t\t\t\t\t<\/div>\n\t\t\t\t\t\n\t\t\t\t\t\t\t\t<\/div>\n\t\t<\/div>\n\t\t<\/div>\n\t\t<\/div>\n\t\t\t\t<\/div>\n\t\t\t\t<\/div>\n\t\t\t\t\t<\/div>\n\t\t<\/div>\n\t\t\t\t\t<\/div>\n\t\t<\/section>\n\t\t\t\t<\/div>\n\t\t","protected":false},"excerpt":{"rendered":"<p>Previous Next Jednodnevno jedrenje i gurmanski do\u017eivljaj Dalmacije U\u017eivanje u jedrenju, laganim sportskim aktivnostima, degustaciji hrane i vina Aktivnosti: jedrenje\u00a0 zadarskim arhipelagom u\u017eivanje u plivanju, ronjenju, istra\u017eivanju zaljeva na SUP dasci, pecanje, \u0161etnja po otoku ili odmaranje\u00a0 na palubi broda dalmatinska ve\u010dera pripremljena na tradicionalan na\u010din.\u00a0 Trajanje ture: jednodnevni izlet Broj osoba i cijena*: male &#8230;<\/p>\n","protected":false},"author":1,"featured_media":0,"parent":0,"menu_order":0,"comment_status":"closed","ping_status":"closed","template":"elementor_header_footer","meta":{"footnotes":""},"class_list":["post-36090","page","type-page","status-publish","hentry"],"yoast_head":"<!-- This site is optimized with the Yoast SEO plugin v23.8 - https:\/\/yoast.com\/wordpress\/plugins\/seo\/ -->\n<title>Jednodnevno jedrenje i gurmanski do\u017eivljaj Dalmacije - Hedonia<\/title>\n<meta name=\"robots\" content=\"index, follow, max-snippet:-1, max-image-preview:large, max-video-preview:-1\" \/>\n<link rel=\"canonical\" href=\"https:\/\/hedonia.hr\/daysailing-gourmet-experience-of-dalmatia\/\" \/>\n<meta property=\"og:locale\" content=\"hr_HR\" \/>\n<meta property=\"og:type\" content=\"article\" \/>\n<meta property=\"og:title\" content=\"Jednodnevno jedrenje i gurmanski do\u017eivljaj Dalmacije - Hedonia\" \/>\n<meta property=\"og:description\" content=\"Previous Next Jednodnevno jedrenje i gurmanski do\u017eivljaj Dalmacije U\u017eivanje u jedrenju, laganim sportskim aktivnostima, degustaciji hrane i vina Aktivnosti: jedrenje\u00a0 zadarskim arhipelagom u\u017eivanje u plivanju, ronjenju, istra\u017eivanju zaljeva na SUP dasci, pecanje, \u0161etnja po otoku ili odmaranje\u00a0 na palubi broda dalmatinska ve\u010dera pripremljena na tradicionalan na\u010din.\u00a0 Trajanje ture: jednodnevni izlet Broj osoba i cijena*: male ...\" \/>\n<meta property=\"og:url\" content=\"https:\/\/hedonia.hr\/daysailing-gourmet-experience-of-dalmatia\/\" \/>\n<meta property=\"og:site_name\" content=\"Hedonia\" \/>\n<meta property=\"article:modified_time\" content=\"2020-12-04T16:46:09+00:00\" \/>\n<meta property=\"og:image\" content=\"https:\/\/hedonia.hr\/wp-content\/uploads\/2020\/09\/IMG_20200706_100415-300x300.jpg\" \/>\n<meta name=\"twitter:card\" content=\"summary_large_image\" \/>\n<meta name=\"twitter:label1\" content=\"Procijenjeno vrijeme \u010ditanja\" \/>\n\t<meta name=\"twitter:data1\" content=\"2 minute\" \/>\n<script type=\"application\/ld+json\" class=\"yoast-schema-graph\">{\"@context\":\"https:\/\/schema.org\",\"@graph\":[{\"@type\":\"WebPage\",\"@id\":\"https:\/\/hedonia.hr\/daysailing-gourmet-experience-of-dalmatia\/\",\"url\":\"https:\/\/hedonia.hr\/daysailing-gourmet-experience-of-dalmatia\/\",\"name\":\"Jednodnevno jedrenje i gurmanski do\u017eivljaj Dalmacije - Hedonia\",\"isPartOf\":{\"@id\":\"https:\/\/hedonia.hr\/#website\"},\"primaryImageOfPage\":{\"@id\":\"https:\/\/hedonia.hr\/daysailing-gourmet-experience-of-dalmatia\/#primaryimage\"},\"image\":{\"@id\":\"https:\/\/hedonia.hr\/daysailing-gourmet-experience-of-dalmatia\/#primaryimage\"},\"thumbnailUrl\":\"https:\/\/hedonia.hr\/wp-content\/uploads\/2020\/09\/IMG_20200706_100415-300x300.jpg\",\"datePublished\":\"2020-09-10T12:41:29+00:00\",\"dateModified\":\"2020-12-04T16:46:09+00:00\",\"breadcrumb\":{\"@id\":\"https:\/\/hedonia.hr\/daysailing-gourmet-experience-of-dalmatia\/#breadcrumb\"},\"inLanguage\":\"hr\",\"potentialAction\":[{\"@type\":\"ReadAction\",\"target\":[\"https:\/\/hedonia.hr\/daysailing-gourmet-experience-of-dalmatia\/\"]}]},{\"@type\":\"ImageObject\",\"inLanguage\":\"hr\",\"@id\":\"https:\/\/hedonia.hr\/daysailing-gourmet-experience-of-dalmatia\/#primaryimage\",\"url\":\"https:\/\/hedonia.hr\/wp-content\/uploads\/2020\/09\/IMG_20200706_100415-300x300.jpg\",\"contentUrl\":\"https:\/\/hedonia.hr\/wp-content\/uploads\/2020\/09\/IMG_20200706_100415-300x300.jpg\"},{\"@type\":\"BreadcrumbList\",\"@id\":\"https:\/\/hedonia.hr\/daysailing-gourmet-experience-of-dalmatia\/#breadcrumb\",\"itemListElement\":[{\"@type\":\"ListItem\",\"position\":1,\"name\":\"Home\",\"item\":\"https:\/\/hedonia.hr\/hr\/\"},{\"@type\":\"ListItem\",\"position\":2,\"name\":\"Jednodnevno jedrenje i gurmanski do\u017eivljaj Dalmacije\"}]},{\"@type\":\"WebSite\",\"@id\":\"https:\/\/hedonia.hr\/#website\",\"url\":\"https:\/\/hedonia.hr\/\",\"name\":\"Hedonia\",\"description\":\"Hedonia experience\",\"potentialAction\":[{\"@type\":\"SearchAction\",\"target\":{\"@type\":\"EntryPoint\",\"urlTemplate\":\"https:\/\/hedonia.hr\/?s={search_term_string}\"},\"query-input\":{\"@type\":\"PropertyValueSpecification\",\"valueRequired\":true,\"valueName\":\"search_term_string\"}}],\"inLanguage\":\"hr\"}]}<\/script>\n<!-- \/ Yoast SEO plugin. -->","yoast_head_json":{"title":"Jednodnevno jedrenje i gurmanski do\u017eivljaj Dalmacije - Hedonia","robots":{"index":"index","follow":"follow","max-snippet":"max-snippet:-1","max-image-preview":"max-image-preview:large","max-video-preview":"max-video-preview:-1"},"canonical":"https:\/\/hedonia.hr\/daysailing-gourmet-experience-of-dalmatia\/","og_locale":"hr_HR","og_type":"article","og_title":"Jednodnevno jedrenje i gurmanski do\u017eivljaj Dalmacije - Hedonia","og_description":"Previous Next Jednodnevno jedrenje i gurmanski do\u017eivljaj Dalmacije U\u017eivanje u jedrenju, laganim sportskim aktivnostima, degustaciji hrane i vina Aktivnosti: jedrenje\u00a0 zadarskim arhipelagom u\u017eivanje u plivanju, ronjenju, istra\u017eivanju zaljeva na SUP dasci, pecanje, \u0161etnja po otoku ili odmaranje\u00a0 na palubi broda dalmatinska ve\u010dera pripremljena na tradicionalan na\u010din.\u00a0 Trajanje ture: jednodnevni izlet Broj osoba i cijena*: male ...","og_url":"https:\/\/hedonia.hr\/daysailing-gourmet-experience-of-dalmatia\/","og_site_name":"Hedonia","article_modified_time":"2020-12-04T16:46:09+00:00","og_image":[{"url":"https:\/\/hedonia.hr\/wp-content\/uploads\/2020\/09\/IMG_20200706_100415-300x300.jpg"}],"twitter_card":"summary_large_image","twitter_misc":{"Procijenjeno vrijeme \u010ditanja":"2 minute"},"schema":{"@context":"https:\/\/schema.org","@graph":[{"@type":"WebPage","@id":"https:\/\/hedonia.hr\/daysailing-gourmet-experience-of-dalmatia\/","url":"https:\/\/hedonia.hr\/daysailing-gourmet-experience-of-dalmatia\/","name":"Jednodnevno jedrenje i gurmanski do\u017eivljaj Dalmacije - Hedonia","isPartOf":{"@id":"https:\/\/hedonia.hr\/#website"},"primaryImageOfPage":{"@id":"https:\/\/hedonia.hr\/daysailing-gourmet-experience-of-dalmatia\/#primaryimage"},"image":{"@id":"https:\/\/hedonia.hr\/daysailing-gourmet-experience-of-dalmatia\/#primaryimage"},"thumbnailUrl":"https:\/\/hedonia.hr\/wp-content\/uploads\/2020\/09\/IMG_20200706_100415-300x300.jpg","datePublished":"2020-09-10T12:41:29+00:00","dateModified":"2020-12-04T16:46:09+00:00","breadcrumb":{"@id":"https:\/\/hedonia.hr\/daysailing-gourmet-experience-of-dalmatia\/#breadcrumb"},"inLanguage":"hr","potentialAction":[{"@type":"ReadAction","target":["https:\/\/hedonia.hr\/daysailing-gourmet-experience-of-dalmatia\/"]}]},{"@type":"ImageObject","inLanguage":"hr","@id":"https:\/\/hedonia.hr\/daysailing-gourmet-experience-of-dalmatia\/#primaryimage","url":"https:\/\/hedonia.hr\/wp-content\/uploads\/2020\/09\/IMG_20200706_100415-300x300.jpg","contentUrl":"https:\/\/hedonia.hr\/wp-content\/uploads\/2020\/09\/IMG_20200706_100415-300x300.jpg"},{"@type":"BreadcrumbList","@id":"https:\/\/hedonia.hr\/daysailing-gourmet-experience-of-dalmatia\/#breadcrumb","itemListElement":[{"@type":"ListItem","position":1,"name":"Home","item":"https:\/\/hedonia.hr\/hr\/"},{"@type":"ListItem","position":2,"name":"Jednodnevno jedrenje i gurmanski do\u017eivljaj Dalmacije"}]},{"@type":"WebSite","@id":"https:\/\/hedonia.hr\/#website","url":"https:\/\/hedonia.hr\/","name":"Hedonia","description":"Hedonia experience","potentialAction":[{"@type":"SearchAction","target":{"@type":"EntryPoint","urlTemplate":"https:\/\/hedonia.hr\/?s={search_term_string}"},"query-input":{"@type":"PropertyValueSpecification","valueRequired":true,"valueName":"search_term_string"}}],"inLanguage":"hr"}]}},"_links":{"self":[{"href":"https:\/\/hedonia.hr\/hr\/wp-json\/wp\/v2\/pages\/36090"}],"collection":[{"href":"https:\/\/hedonia.hr\/hr\/wp-json\/wp\/v2\/pages"}],"about":[{"href":"https:\/\/hedonia.hr\/hr\/wp-json\/wp\/v2\/types\/page"}],"author":[{"embeddable":true,"href":"https:\/\/hedonia.hr\/hr\/wp-json\/wp\/v2\/users\/1"}],"replies":[{"embeddable":true,"href":"https:\/\/hedonia.hr\/hr\/wp-json\/wp\/v2\/comments?post=36090"}],"version-history":[{"count":16,"href":"https:\/\/hedonia.hr\/hr\/wp-json\/wp\/v2\/pages\/36090\/revisions"}],"predecessor-version":[{"id":37255,"href":"https:\/\/hedonia.hr\/hr\/wp-json\/wp\/v2\/pages\/36090\/revisions\/37255"}],"wp:attachment":[{"href":"https:\/\/hedonia.hr\/hr\/wp-json\/wp\/v2\/media?parent=36090"}],"curies":[{"name":"wp","href":"https:\/\/api.w.org\/{rel}","templated":true}]}}