{"id":36246,"date":"2020-09-18T05:43:23","date_gmt":"2020-09-18T05:43:23","guid":{"rendered":"https:\/\/hedonia.hr\/?page_id=36246"},"modified":"2020-12-04T16:44:22","modified_gmt":"2020-12-04T16:44:22","slug":"pula-i-rovinj-dnevni-izlet","status":"publish","type":"page","link":"https:\/\/hedonia.hr\/hr\/pula-i-rovinj-dnevni-izlet\/","title":{"rendered":"Pula i Rovinj &#8211; Dnevni izlet"},"content":{"rendered":"\t\t<div data-elementor-type=\"wp-page\" data-elementor-id=\"36246\" class=\"elementor elementor-36246\" data-elementor-post-type=\"page\">\n\t\t\t\t\t\t<section class=\"elementor-section elementor-top-section elementor-element elementor-element-b3adce8 elementor-section-stretched elementor-section-full_width elementor-section-height-default elementor-section-height-default\" data-id=\"b3adce8\" data-element_type=\"section\" data-settings=\"{&quot;stretch_section&quot;:&quot;section-stretched&quot;}\">\n\t\t\t\t\t\t<div class=\"elementor-container elementor-column-gap-default\">\n\t\t\t\t\t<div class=\"elementor-column elementor-col-100 elementor-top-column elementor-element elementor-element-58b749f\" data-id=\"58b749f\" data-element_type=\"column\">\n\t\t\t<div class=\"elementor-widget-wrap elementor-element-populated\">\n\t\t\t\t\t\t<div class=\"elementor-element elementor-element-efb5f4c elementor--h-position-center elementor--v-position-middle elementor-arrows-position-inside elementor-pagination-position-inside elementor-widget elementor-widget-slides\" data-id=\"efb5f4c\" data-element_type=\"widget\" data-settings=\"{&quot;navigation&quot;:&quot;both&quot;,&quot;autoplay&quot;:&quot;yes&quot;,&quot;pause_on_hover&quot;:&quot;yes&quot;,&quot;pause_on_interaction&quot;:&quot;yes&quot;,&quot;autoplay_speed&quot;:5000,&quot;infinite&quot;:&quot;yes&quot;,&quot;transition&quot;:&quot;slide&quot;,&quot;transition_speed&quot;:500}\" data-widget_type=\"slides.default\">\n\t\t\t\t<div class=\"elementor-widget-container\">\n\t\t\t\t\t<div class=\"elementor-swiper\">\n\t\t\t<div class=\"elementor-slides-wrapper elementor-main-swiper swiper\" dir=\"ltr\" data-animation=\"fadeInUp\">\n\t\t\t\t<div class=\"swiper-wrapper elementor-slides\">\n\t\t\t\t\t\t\t\t\t\t<div class=\"elementor-repeater-item-a02d414 swiper-slide\"><div class=\"swiper-slide-bg\" role=\"img\"><\/div><div class=\"elementor-background-overlay\"><\/div><div class=\"swiper-slide-inner\" ><div class=\"swiper-slide-contents\"><\/div><\/div><\/div><div class=\"elementor-repeater-item-263dee1 swiper-slide\"><div class=\"swiper-slide-bg\" role=\"img\"><\/div><div class=\"swiper-slide-inner\" ><div class=\"swiper-slide-contents\"><\/div><\/div><\/div>\t\t\t\t<\/div>\n\t\t\t\t\t\t\t\t\t\t\t\t\t\t\t<div class=\"swiper-pagination\"><\/div>\n\t\t\t\t\t\t\t\t\t\t\t\t\t\t\t\t<div class=\"elementor-swiper-button elementor-swiper-button-prev\" role=\"button\" tabindex=\"0\">\n\t\t\t\t\t\t\t<i aria-hidden=\"true\" class=\"eicon-chevron-left\"><\/i>\t\t\t\t\t\t\t<span class=\"elementor-screen-only\">Previous slide<\/span>\n\t\t\t\t\t\t<\/div>\n\t\t\t\t\t\t<div class=\"elementor-swiper-button elementor-swiper-button-next\" role=\"button\" tabindex=\"0\">\n\t\t\t\t\t\t\t<i aria-hidden=\"true\" class=\"eicon-chevron-right\"><\/i>\t\t\t\t\t\t\t<span class=\"elementor-screen-only\">Next slide<\/span>\n\t\t\t\t\t\t<\/div>\n\t\t\t\t\t\t\t\t\t\t\t\t<\/div>\n\t\t<\/div>\n\t\t\t\t<\/div>\n\t\t\t\t<\/div>\n\t\t\t\t\t<\/div>\n\t\t<\/div>\n\t\t\t\t\t<\/div>\n\t\t<\/section>\n\t\t\t\t<section class=\"elementor-section elementor-top-section elementor-element elementor-element-2fe566ed elementor-section-content-middle elementor-section-boxed elementor-section-height-default elementor-section-height-default\" data-id=\"2fe566ed\" data-element_type=\"section\">\n\t\t\t\t\t\t<div class=\"elementor-container elementor-column-gap-default\">\n\t\t\t\t\t<div class=\"elementor-column elementor-col-100 elementor-top-column elementor-element elementor-element-756af6fe\" data-id=\"756af6fe\" data-element_type=\"column\">\n\t\t\t<div class=\"elementor-widget-wrap elementor-element-populated\">\n\t\t\t\t\t\t<div class=\"elementor-element elementor-element-d6a9142 elementor-widget elementor-widget-heading\" data-id=\"d6a9142\" data-element_type=\"widget\" data-widget_type=\"heading.default\">\n\t\t\t\t<div class=\"elementor-widget-container\">\n\t\t\t<h1 class=\"elementor-heading-title elementor-size-default\">Pula i Rovinj - jednodnevni izlet<\/h1>\t\t<\/div>\n\t\t\t\t<\/div>\n\t\t\t\t<div class=\"elementor-element elementor-element-d4e522f elementor-widget elementor-widget-heading\" data-id=\"d4e522f\" data-element_type=\"widget\" data-widget_type=\"heading.default\">\n\t\t\t\t<div class=\"elementor-widget-container\">\n\t\t\t<h2 class=\"elementor-heading-title elementor-size-default\">Istarski gradovi sa tisu\u0107ljetnim \u0161armom<\/h2>\t\t<\/div>\n\t\t\t\t<\/div>\n\t\t\t\t<div class=\"elementor-element elementor-element-59f5e21 elementor-widget elementor-widget-text-editor\" data-id=\"59f5e21\" data-element_type=\"widget\" data-widget_type=\"text-editor.default\">\n\t\t\t\t<div class=\"elementor-widget-container\">\n\t\t\t\t\t\t\t<p><b>Aktivnosti:\u00a0<\/b><\/p><ul><li>vo\u0111ena tura Pula i Rovinj<\/li><li>posjet proizvo\u0111a\u010du maslinovog ulja s degustacijom<\/li><li>gurmanski do\u017eivljaj Istre &#8211; tradicionalni istarski ru\u010dak i ve\u010dera.<\/li><\/ul><p><b>Trajanje:<\/b> jednodnevni izlet<\/p><p>\u00a0<\/p><p><b>Broj osoba i cijena*:<\/b><\/p><ul><li>velike grupe ( 30 osoba); Cijena na upit<\/li><li>male grupe\u00a0 (7 osoba); Cijena na upit<\/li><\/ul>\t\t\t\t\t\t<\/div>\n\t\t\t\t<\/div>\n\t\t\t\t<div class=\"elementor-element elementor-element-9e4a622 elementor-widget elementor-widget-text-editor\" data-id=\"9e4a622\" data-element_type=\"widget\" data-widget_type=\"text-editor.default\">\n\t\t\t\t<div class=\"elementor-widget-container\">\n\t\t\t\t\t\t\t<pre>\u00a0<\/pre><pre>*U slu\u010daju manjeg broja putnika agencija ima pravo na promjenu cijene ili otkazivanje putovanja<br \/>*HEDONIA EXPERIENCE d.o.o. nije u sustavu PDV-a, PDV nije obra\u010dunat temeljem \u010dl. 90 st.1 i st.2 Zakona o PDV-u.<\/pre>\t\t\t\t\t\t<\/div>\n\t\t\t\t<\/div>\n\t\t\t\t\t<\/div>\n\t\t<\/div>\n\t\t\t\t\t<\/div>\n\t\t<\/section>\n\t\t\t\t<section class=\"elementor-section elementor-top-section elementor-element elementor-element-374ee2f elementor-section-boxed elementor-section-height-default elementor-section-height-default\" data-id=\"374ee2f\" data-element_type=\"section\">\n\t\t\t\t\t\t<div class=\"elementor-container elementor-column-gap-default\">\n\t\t\t\t\t<div class=\"elementor-column elementor-col-100 elementor-top-column elementor-element elementor-element-b11dde3\" data-id=\"b11dde3\" data-element_type=\"column\">\n\t\t\t<div class=\"elementor-widget-wrap elementor-element-populated\">\n\t\t\t\t\t\t<div class=\"elementor-element elementor-element-e66306c elementor-arrows-position-inside elementor-pagination-position-outside elementor-widget elementor-widget-image-carousel\" data-id=\"e66306c\" data-element_type=\"widget\" data-settings=\"{&quot;navigation&quot;:&quot;both&quot;,&quot;autoplay&quot;:&quot;yes&quot;,&quot;pause_on_hover&quot;:&quot;yes&quot;,&quot;pause_on_interaction&quot;:&quot;yes&quot;,&quot;autoplay_speed&quot;:5000,&quot;infinite&quot;:&quot;yes&quot;,&quot;speed&quot;:500}\" data-widget_type=\"image-carousel.default\">\n\t\t\t\t<div class=\"elementor-widget-container\">\n\t\t\t\t\t<div class=\"elementor-image-carousel-wrapper swiper\" dir=\"ltr\">\n\t\t\t<div class=\"elementor-image-carousel swiper-wrapper swiper-image-stretch\" aria-live=\"off\">\n\t\t\t\t\t\t\t\t<div class=\"swiper-slide\" role=\"group\" aria-roledescription=\"slide\" aria-label=\"1 of 4\"><figure class=\"swiper-slide-inner\"><img decoding=\"async\" class=\"swiper-slide-image\" src=\"https:\/\/hedonia.hr\/wp-content\/uploads\/2020\/09\/josip-i-hcex9mYVYj4-unsplash1-300x300.jpg\" alt=\"josip-i-hcex9mYVYj4-unsplash(1)\" \/><\/figure><\/div><div class=\"swiper-slide\" role=\"group\" aria-roledescription=\"slide\" aria-label=\"2 of 4\"><figure class=\"swiper-slide-inner\"><img decoding=\"async\" class=\"swiper-slide-image\" src=\"https:\/\/hedonia.hr\/wp-content\/uploads\/2020\/09\/sea-4666946_19201-300x300.jpg\" alt=\"sea-4666946_1920(1)\" \/><\/figure><\/div><div class=\"swiper-slide\" role=\"group\" aria-roledescription=\"slide\" aria-label=\"3 of 4\"><figure class=\"swiper-slide-inner\"><img decoding=\"async\" class=\"swiper-slide-image\" src=\"https:\/\/hedonia.hr\/wp-content\/uploads\/2020\/09\/rovinj-5307540_19202-300x300.jpg\" alt=\"rovinj-5307540_1920(2)\" \/><\/figure><\/div><div class=\"swiper-slide\" role=\"group\" aria-roledescription=\"slide\" aria-label=\"4 of 4\"><figure class=\"swiper-slide-inner\"><img decoding=\"async\" class=\"swiper-slide-image\" src=\"https:\/\/hedonia.hr\/wp-content\/uploads\/2020\/09\/rovinj-3500211_19201-300x300.jpg\" alt=\"rovinj-3500211_1920(1)\" \/><\/figure><\/div>\t\t\t<\/div>\n\t\t\t\t\t\t\t\t\t\t\t\t<div class=\"elementor-swiper-button elementor-swiper-button-prev\" role=\"button\" tabindex=\"0\">\n\t\t\t\t\t\t<i aria-hidden=\"true\" class=\"eicon-chevron-left\"><\/i>\t\t\t\t\t<\/div>\n\t\t\t\t\t<div class=\"elementor-swiper-button elementor-swiper-button-next\" role=\"button\" tabindex=\"0\">\n\t\t\t\t\t\t<i aria-hidden=\"true\" class=\"eicon-chevron-right\"><\/i>\t\t\t\t\t<\/div>\n\t\t\t\t\n\t\t\t\t\t\t\t\t\t<div class=\"swiper-pagination\"><\/div>\n\t\t\t\t\t\t\t\t\t<\/div>\n\t\t\t\t<\/div>\n\t\t\t\t<\/div>\n\t\t\t\t<div class=\"elementor-element elementor-element-7517b23 elementor-widget elementor-widget-heading\" data-id=\"7517b23\" data-element_type=\"widget\" data-widget_type=\"heading.default\">\n\t\t\t\t<div class=\"elementor-widget-container\">\n\t\t\t<h2 class=\"elementor-heading-title elementor-size-default\"><b>Plan puta<\/b><\/h2>\t\t<\/div>\n\t\t\t\t<\/div>\n\t\t\t\t<div class=\"elementor-element elementor-element-98a7213 elementor-widget elementor-widget-text-editor\" data-id=\"98a7213\" data-element_type=\"widget\" data-widget_type=\"text-editor.default\">\n\t\t\t\t<div class=\"elementor-widget-container\">\n\t\t\t\t\t\t\t<p>\u00a0<\/p><p>\u00a0<\/p><p><b>7:00 sati <\/b>&#8211;\u00a0 Polazak za Istru<\/p><p>\u00a0<\/p><p><b>11:00 sat<\/b>i &#8211; Posjet proizvo\u0111a\u010du jednog od najboljih istarskih maslinovog ulja.<\/p><p>\u00a0<\/p><p>Istarsko maslinovo ulje dobivaju preradom maslina iz vlastitih maslinika. Masline se beru ru\u010dno i prera\u0111uju se unutar 24 sata \u010dime se osiguravaju osnove za vrhunsku kvalitetu Istarskog maslinovog ulja koje je prepoznato i cijenjeno \u0161irom svijeta. Nakon razgledavanja maslinika, odlaska u ku\u0161aonicu te vo\u0111enu degustaciju maslinovog ulja uz sir i skutu posjet proizvodnji zavr\u0161it \u0107emo uz kratku pri\u010du o maslinarstvu Istre i Vodnjan\u0161tine.<\/p><p>\u00a0<\/p><p>12:30 sati &#8211; Polazak za Pulu<\/p><p>\u00a0<\/p><p>U \u0161etnji Pulom na svakom koraku mo\u017eete osjetiti duh Rimljana, Mle\u010dana, Franaka i Austrougarskog carstva. U gradu muzeju otkrit \u0107ete brojne arhitektonski i povijesno zna\u010dajne spomenike sa\u010duvane iz pro\u0161lih vremena.<\/p><p>\u00a0<\/p><p>Va\u0161 \u0107e vas vodi\u010d odvesti do jednog od najbolje sa\u010duvanih rimskih amfiteatara. Pulska Arena je najljep\u0161a pozornica na svijetu u kojoj se tijekom ljeta pod zvijezdama izvode mnogi koncerti i festivali.<\/p><p>\u00a0<\/p><p>Nastavljate potragu za tri tisu\u0107ljetnom pro\u0161lo\u0161\u0107u Pule koja je vidljiva na svakom koraku u staroj jezgri grada. Posjetit \u0107ete Slavoluk Sergijevaca, Augustov hram, Herkulova vrata i mnoge druge spomenike bogate pulske ba\u0161tine.<\/p><p>\u00a0<\/p><p>14:00 sati &#8211;\u00a0 Pauzom za ru\u010dak zavr\u0161ava \u0161etnja Pulom i zapo\u010dinje gurmanska avantura. Ku\u0161at \u0107ete autohtona istarska tradicionalna jela spravljena od vrhunskih lokalnih namirnica.<\/p><p>\u00a0<\/p><p><b>16:00 sati &#8211;<\/b>\u00a0 Va\u0161e sljede\u0107e odredi\u0161te je Rovinj, nekada malo ribarsko mjesto, danas jedan od najpoznatijih turisti\u010dkih gradova u Europi.<\/p><p>\u00a0<\/p><p>Rovinj je mali gradi\u0107 na zapadnoj obali istarskog poluotoka. Mnogi ga smatraju jednim od najromanti\u010dnijih gradova na Mediteranu. Nekad davno, Rovinj je bio otok za\u0161ti\u0107en sa visokim kamenim zidinama. Zbijene, \u0161arene ku\u0107e, uske uli\u010dice i mali trgovi koje \u010duva barokna crkva Sv. Eufemije. Sa njenog tornja visokog 60 metara prostire se jedan od najljep\u0161ih pogleda u regiji.\u00a0<\/p><p>\u00a0<\/p><p>18:30 sati &#8211;\u00a0 Ve\u010dera<\/p><p>Putovanje \u0107ete nastaviti prema unutra\u0161njosti Istre gdje vas o\u010dekuje pravi gurmanski do\u017eivljaj Istre\u2026\u2026.<\/p><p>\u00a0<\/p><p>21:00 sati &#8211; Polazak za Zagreb; O\u010dekivano vrijeme dolaska u Zagreb oko 00:00<\/p><p>\u00a0<\/p><p><b>Uklju\u010deno u cijenu:<\/b><\/p><ul><li>pratitelj puta i licencirani turisti\u010dki vodi\u010d za Pulu i Rovinj<\/li><li>prijevoz od mjesta polaska do destinacije<\/li><li>tradicionalni ru\u010dak (tri slijeda) i ve\u010dera (tri slijeda) sa \u010da\u0161om vina.<\/li><li>Degustacija maslinovog ulja<\/li><li>ulaznice za Amfiteatar i Ka\u0161tel<\/li><\/ul><p>\u00a0<\/p><p><b>Cijena ne uklju\u010duje:<\/b><\/p><ul><li>napojnice<\/li><li>hranu i pi\u0107a koja nisu navedena<\/li><li>suveniri<\/li><\/ul><p>\u00a0<\/p><p><b>Izlet nije prikladan za:<\/b><\/p><ul><li>osobe s pote\u0161ko\u0107ama u hodanju i osobe u invalidskim kolicima<\/li><\/ul><p>\u00a0<\/p><p><b>Napomena:<\/b><\/p><ul><li>izlet uklju\u010duje umjerenu koli\u010dinu hodanja sa pojedinim strmim dijelovima\u00a0<\/li><li>preporu\u010duje se udobna obu\u0107a za hodanje<\/li><\/ul>\t\t\t\t\t\t<\/div>\n\t\t\t\t<\/div>\n\t\t\t\t\t<\/div>\n\t\t<\/div>\n\t\t\t\t\t<\/div>\n\t\t<\/section>\n\t\t\t\t<section class=\"elementor-section elementor-top-section elementor-element elementor-element-2066b5a elementor-section-boxed elementor-section-height-default elementor-section-height-default\" data-id=\"2066b5a\" data-element_type=\"section\">\n\t\t\t\t\t\t<div class=\"elementor-container elementor-column-gap-default\">\n\t\t\t\t\t<div class=\"elementor-column elementor-col-100 elementor-top-column elementor-element elementor-element-9382964\" data-id=\"9382964\" data-element_type=\"column\">\n\t\t\t<div class=\"elementor-widget-wrap elementor-element-populated\">\n\t\t\t\t\t\t<div class=\"elementor-element elementor-element-85bc3c8 elementor-flip-box--effect-flip elementor-flip-box--direction-up elementor-widget elementor-widget-global elementor-global-8752 elementor-widget-flip-box\" data-id=\"85bc3c8\" data-element_type=\"widget\" data-widget_type=\"flip-box.default\">\n\t\t\t\t<div class=\"elementor-widget-container\">\n\t\t\t\t\t<div class=\"elementor-flip-box\" tabindex=\"0\">\n\t\t\t<div class=\"elementor-flip-box__layer elementor-flip-box__front\">\n\t\t\t\t<div class=\"elementor-flip-box__layer__overlay\">\n\t\t\t\t\t<div class=\"elementor-flip-box__layer__inner\">\n\t\t\t\t\t\t\t\t\t\t\t\t\t<div class=\"elementor-icon-wrapper elementor-view-default\">\n\t\t\t\t\t\t\t\t<div class=\"elementor-icon\">\n\t\t\t\t\t\t\t\t\t\t\t\t\t\t\t\t\t<\/div>\n\t\t\t\t\t\t\t<\/div>\n\t\t\t\t\t\t\n\t\t\t\t\t\t\t\t\t\t\t\t\t<h3 class=\"elementor-flip-box__layer__title\">\n\t\t\t\t\t\t\t\tContact us \t\t\t\t\t\t\t<\/h3>\n\t\t\t\t\t\t\n\t\t\t\t\t\t\t\t\t\t\t\t\t<div class=\"elementor-flip-box__layer__description\">\n\t\t\t\t\t\t\t\tYou're one flip away from contacting us\t\t\t\t\t\t\t<\/div>\n\t\t\t\t\t\t\t\t\t\t\t<\/div>\n\t\t\t\t<\/div>\n\t\t\t<\/div>\n\t\t\t<div class=\"elementor-flip-box__layer elementor-flip-box__back\">\n\t\t\t<div class=\"elementor-flip-box__layer__overlay\">\n\t\t\t\t<div class=\"elementor-flip-box__layer__inner\">\n\t\t\t\t\t\n\t\t\t\t\t\t\t\t\t\t\t<div class=\"elementor-flip-box__layer__description\">\n\t\t\t\t\t\t\t[wpforms id=\"3907\" title=\"false\" description=\"false\"]\t\t\t\t\t\t<\/div>\n\t\t\t\t\t\n\t\t\t\t\t\t\t\t<\/div>\n\t\t<\/div>\n\t\t<\/div>\n\t\t<\/div>\n\t\t\t\t<\/div>\n\t\t\t\t<\/div>\n\t\t\t\t\t<\/div>\n\t\t<\/div>\n\t\t\t\t\t<\/div>\n\t\t<\/section>\n\t\t\t\t<\/div>\n\t\t","protected":false},"excerpt":{"rendered":"<p>Previous Next Pula i Rovinj &#8211; jednodnevni izlet Istarski gradovi sa tisu\u0107ljetnim \u0161armom Aktivnosti:\u00a0 vo\u0111ena tura Pula i Rovinj posjet proizvo\u0111a\u010du maslinovog ulja s degustacijom gurmanski do\u017eivljaj Istre &#8211; tradicionalni istarski ru\u010dak i ve\u010dera. Trajanje: jednodnevni izlet \u00a0 Broj osoba i cijena*: velike grupe ( 30 osoba); Cijena na upit male grupe\u00a0 (7 osoba); Cijena &#8230;<\/p>\n","protected":false},"author":1,"featured_media":0,"parent":0,"menu_order":0,"comment_status":"closed","ping_status":"closed","template":"elementor_header_footer","meta":{"footnotes":""},"class_list":["post-36246","page","type-page","status-publish","hentry"],"yoast_head":"<!-- This site is optimized with the Yoast SEO plugin v23.8 - https:\/\/yoast.com\/wordpress\/plugins\/seo\/ -->\n<title>Pula i Rovinj - Dnevni izlet - Hedonia<\/title>\n<meta name=\"robots\" content=\"index, follow, max-snippet:-1, max-image-preview:large, max-video-preview:-1\" \/>\n<link rel=\"canonical\" href=\"https:\/\/hedonia.hr\/pula-rovinj-day-trip\/\" \/>\n<meta property=\"og:locale\" content=\"hr_HR\" \/>\n<meta property=\"og:type\" content=\"article\" \/>\n<meta property=\"og:title\" content=\"Pula i Rovinj - Dnevni izlet - Hedonia\" \/>\n<meta property=\"og:description\" content=\"Previous Next Pula i Rovinj &#8211; jednodnevni izlet Istarski gradovi sa tisu\u0107ljetnim \u0161armom Aktivnosti:\u00a0 vo\u0111ena tura Pula i Rovinj posjet proizvo\u0111a\u010du maslinovog ulja s degustacijom gurmanski do\u017eivljaj Istre &#8211; tradicionalni istarski ru\u010dak i ve\u010dera. Trajanje: jednodnevni izlet \u00a0 Broj osoba i cijena*: velike grupe ( 30 osoba); Cijena na upit male grupe\u00a0 (7 osoba); Cijena ...\" \/>\n<meta property=\"og:url\" content=\"https:\/\/hedonia.hr\/pula-rovinj-day-trip\/\" \/>\n<meta property=\"og:site_name\" content=\"Hedonia\" \/>\n<meta property=\"article:modified_time\" content=\"2020-12-04T16:44:22+00:00\" \/>\n<meta property=\"og:image\" content=\"https:\/\/hedonia.hr\/wp-content\/uploads\/2020\/09\/josip-i-hcex9mYVYj4-unsplash1-300x300.jpg\" \/>\n<meta name=\"twitter:card\" content=\"summary_large_image\" \/>\n<meta name=\"twitter:label1\" content=\"Procijenjeno vrijeme \u010ditanja\" \/>\n\t<meta name=\"twitter:data1\" content=\"3 minute\" \/>\n<script type=\"application\/ld+json\" class=\"yoast-schema-graph\">{\"@context\":\"https:\/\/schema.org\",\"@graph\":[{\"@type\":\"WebPage\",\"@id\":\"https:\/\/hedonia.hr\/pula-rovinj-day-trip\/\",\"url\":\"https:\/\/hedonia.hr\/pula-rovinj-day-trip\/\",\"name\":\"Pula i Rovinj - Dnevni izlet - Hedonia\",\"isPartOf\":{\"@id\":\"https:\/\/hedonia.hr\/#website\"},\"primaryImageOfPage\":{\"@id\":\"https:\/\/hedonia.hr\/pula-rovinj-day-trip\/#primaryimage\"},\"image\":{\"@id\":\"https:\/\/hedonia.hr\/pula-rovinj-day-trip\/#primaryimage\"},\"thumbnailUrl\":\"https:\/\/hedonia.hr\/wp-content\/uploads\/2020\/09\/josip-i-hcex9mYVYj4-unsplash1-300x300.jpg\",\"datePublished\":\"2020-09-18T05:43:23+00:00\",\"dateModified\":\"2020-12-04T16:44:22+00:00\",\"breadcrumb\":{\"@id\":\"https:\/\/hedonia.hr\/pula-rovinj-day-trip\/#breadcrumb\"},\"inLanguage\":\"hr\",\"potentialAction\":[{\"@type\":\"ReadAction\",\"target\":[\"https:\/\/hedonia.hr\/pula-rovinj-day-trip\/\"]}]},{\"@type\":\"ImageObject\",\"inLanguage\":\"hr\",\"@id\":\"https:\/\/hedonia.hr\/pula-rovinj-day-trip\/#primaryimage\",\"url\":\"https:\/\/hedonia.hr\/wp-content\/uploads\/2020\/09\/josip-i-hcex9mYVYj4-unsplash1-300x300.jpg\",\"contentUrl\":\"https:\/\/hedonia.hr\/wp-content\/uploads\/2020\/09\/josip-i-hcex9mYVYj4-unsplash1-300x300.jpg\"},{\"@type\":\"BreadcrumbList\",\"@id\":\"https:\/\/hedonia.hr\/pula-rovinj-day-trip\/#breadcrumb\",\"itemListElement\":[{\"@type\":\"ListItem\",\"position\":1,\"name\":\"Home\",\"item\":\"https:\/\/hedonia.hr\/hr\/\"},{\"@type\":\"ListItem\",\"position\":2,\"name\":\"Pula i Rovinj &#8211; Dnevni izlet\"}]},{\"@type\":\"WebSite\",\"@id\":\"https:\/\/hedonia.hr\/#website\",\"url\":\"https:\/\/hedonia.hr\/\",\"name\":\"Hedonia\",\"description\":\"Hedonia experience\",\"potentialAction\":[{\"@type\":\"SearchAction\",\"target\":{\"@type\":\"EntryPoint\",\"urlTemplate\":\"https:\/\/hedonia.hr\/?s={search_term_string}\"},\"query-input\":{\"@type\":\"PropertyValueSpecification\",\"valueRequired\":true,\"valueName\":\"search_term_string\"}}],\"inLanguage\":\"hr\"}]}<\/script>\n<!-- \/ Yoast SEO plugin. -->","yoast_head_json":{"title":"Pula i Rovinj - Dnevni izlet - Hedonia","robots":{"index":"index","follow":"follow","max-snippet":"max-snippet:-1","max-image-preview":"max-image-preview:large","max-video-preview":"max-video-preview:-1"},"canonical":"https:\/\/hedonia.hr\/pula-rovinj-day-trip\/","og_locale":"hr_HR","og_type":"article","og_title":"Pula i Rovinj - Dnevni izlet - Hedonia","og_description":"Previous Next Pula i Rovinj &#8211; jednodnevni izlet Istarski gradovi sa tisu\u0107ljetnim \u0161armom Aktivnosti:\u00a0 vo\u0111ena tura Pula i Rovinj posjet proizvo\u0111a\u010du maslinovog ulja s degustacijom gurmanski do\u017eivljaj Istre &#8211; tradicionalni istarski ru\u010dak i ve\u010dera. Trajanje: jednodnevni izlet \u00a0 Broj osoba i cijena*: velike grupe ( 30 osoba); Cijena na upit male grupe\u00a0 (7 osoba); Cijena ...","og_url":"https:\/\/hedonia.hr\/pula-rovinj-day-trip\/","og_site_name":"Hedonia","article_modified_time":"2020-12-04T16:44:22+00:00","og_image":[{"url":"https:\/\/hedonia.hr\/wp-content\/uploads\/2020\/09\/josip-i-hcex9mYVYj4-unsplash1-300x300.jpg"}],"twitter_card":"summary_large_image","twitter_misc":{"Procijenjeno vrijeme \u010ditanja":"3 minute"},"schema":{"@context":"https:\/\/schema.org","@graph":[{"@type":"WebPage","@id":"https:\/\/hedonia.hr\/pula-rovinj-day-trip\/","url":"https:\/\/hedonia.hr\/pula-rovinj-day-trip\/","name":"Pula i Rovinj - Dnevni izlet - Hedonia","isPartOf":{"@id":"https:\/\/hedonia.hr\/#website"},"primaryImageOfPage":{"@id":"https:\/\/hedonia.hr\/pula-rovinj-day-trip\/#primaryimage"},"image":{"@id":"https:\/\/hedonia.hr\/pula-rovinj-day-trip\/#primaryimage"},"thumbnailUrl":"https:\/\/hedonia.hr\/wp-content\/uploads\/2020\/09\/josip-i-hcex9mYVYj4-unsplash1-300x300.jpg","datePublished":"2020-09-18T05:43:23+00:00","dateModified":"2020-12-04T16:44:22+00:00","breadcrumb":{"@id":"https:\/\/hedonia.hr\/pula-rovinj-day-trip\/#breadcrumb"},"inLanguage":"hr","potentialAction":[{"@type":"ReadAction","target":["https:\/\/hedonia.hr\/pula-rovinj-day-trip\/"]}]},{"@type":"ImageObject","inLanguage":"hr","@id":"https:\/\/hedonia.hr\/pula-rovinj-day-trip\/#primaryimage","url":"https:\/\/hedonia.hr\/wp-content\/uploads\/2020\/09\/josip-i-hcex9mYVYj4-unsplash1-300x300.jpg","contentUrl":"https:\/\/hedonia.hr\/wp-content\/uploads\/2020\/09\/josip-i-hcex9mYVYj4-unsplash1-300x300.jpg"},{"@type":"BreadcrumbList","@id":"https:\/\/hedonia.hr\/pula-rovinj-day-trip\/#breadcrumb","itemListElement":[{"@type":"ListItem","position":1,"name":"Home","item":"https:\/\/hedonia.hr\/hr\/"},{"@type":"ListItem","position":2,"name":"Pula i Rovinj &#8211; Dnevni izlet"}]},{"@type":"WebSite","@id":"https:\/\/hedonia.hr\/#website","url":"https:\/\/hedonia.hr\/","name":"Hedonia","description":"Hedonia experience","potentialAction":[{"@type":"SearchAction","target":{"@type":"EntryPoint","urlTemplate":"https:\/\/hedonia.hr\/?s={search_term_string}"},"query-input":{"@type":"PropertyValueSpecification","valueRequired":true,"valueName":"search_term_string"}}],"inLanguage":"hr"}]}},"_links":{"self":[{"href":"https:\/\/hedonia.hr\/hr\/wp-json\/wp\/v2\/pages\/36246"}],"collection":[{"href":"https:\/\/hedonia.hr\/hr\/wp-json\/wp\/v2\/pages"}],"about":[{"href":"https:\/\/hedonia.hr\/hr\/wp-json\/wp\/v2\/types\/page"}],"author":[{"embeddable":true,"href":"https:\/\/hedonia.hr\/hr\/wp-json\/wp\/v2\/users\/1"}],"replies":[{"embeddable":true,"href":"https:\/\/hedonia.hr\/hr\/wp-json\/wp\/v2\/comments?post=36246"}],"version-history":[{"count":11,"href":"https:\/\/hedonia.hr\/hr\/wp-json\/wp\/v2\/pages\/36246\/revisions"}],"predecessor-version":[{"id":37247,"href":"https:\/\/hedonia.hr\/hr\/wp-json\/wp\/v2\/pages\/36246\/revisions\/37247"}],"wp:attachment":[{"href":"https:\/\/hedonia.hr\/hr\/wp-json\/wp\/v2\/media?parent=36246"}],"curies":[{"name":"wp","href":"https:\/\/api.w.org\/{rel}","templated":true}]}}