{"id":36257,"date":"2020-09-18T05:58:39","date_gmt":"2020-09-18T05:58:39","guid":{"rendered":"https:\/\/hedonia.hr\/?page_id=36257"},"modified":"2020-12-04T16:48:17","modified_gmt":"2020-12-04T16:48:17","slug":"gurmansko-pivska-tura-istre","status":"publish","type":"page","link":"https:\/\/hedonia.hr\/hr\/gurmansko-pivska-tura-istre\/","title":{"rendered":"Gurmansko-pivska tura istre"},"content":{"rendered":"\t\t<div data-elementor-type=\"wp-page\" data-elementor-id=\"36257\" class=\"elementor elementor-36257\" data-elementor-post-type=\"page\">\n\t\t\t\t\t\t<section class=\"elementor-section elementor-top-section elementor-element elementor-element-b3adce8 elementor-section-stretched elementor-section-full_width elementor-section-height-default elementor-section-height-default\" data-id=\"b3adce8\" data-element_type=\"section\" data-settings=\"{&quot;stretch_section&quot;:&quot;section-stretched&quot;}\">\n\t\t\t\t\t\t<div class=\"elementor-container elementor-column-gap-no\">\n\t\t\t\t\t<div class=\"elementor-column elementor-col-100 elementor-top-column elementor-element elementor-element-58b749f\" data-id=\"58b749f\" data-element_type=\"column\">\n\t\t\t<div class=\"elementor-widget-wrap elementor-element-populated\">\n\t\t\t\t\t\t<div class=\"elementor-element elementor-element-efb5f4c elementor--h-position-center elementor--v-position-middle elementor-arrows-position-inside elementor-pagination-position-inside elementor-widget elementor-widget-slides\" data-id=\"efb5f4c\" data-element_type=\"widget\" data-settings=\"{&quot;navigation&quot;:&quot;both&quot;,&quot;autoplay&quot;:&quot;yes&quot;,&quot;pause_on_hover&quot;:&quot;yes&quot;,&quot;pause_on_interaction&quot;:&quot;yes&quot;,&quot;autoplay_speed&quot;:5000,&quot;infinite&quot;:&quot;yes&quot;,&quot;transition&quot;:&quot;slide&quot;,&quot;transition_speed&quot;:500}\" data-widget_type=\"slides.default\">\n\t\t\t\t<div class=\"elementor-widget-container\">\n\t\t\t\t\t<div class=\"elementor-swiper\">\n\t\t\t<div class=\"elementor-slides-wrapper elementor-main-swiper swiper\" dir=\"ltr\" data-animation=\"fadeInUp\">\n\t\t\t\t<div class=\"swiper-wrapper elementor-slides\">\n\t\t\t\t\t\t\t\t\t\t<div class=\"elementor-repeater-item-a02d414 swiper-slide\"><div class=\"swiper-slide-bg\" role=\"img\"><\/div><div class=\"elementor-background-overlay\"><\/div><div class=\"swiper-slide-inner\" ><div class=\"swiper-slide-contents\"><\/div><\/div><\/div>\t\t\t\t<\/div>\n\t\t\t\t\t\t\t<\/div>\n\t\t<\/div>\n\t\t\t\t<\/div>\n\t\t\t\t<\/div>\n\t\t\t\t\t<\/div>\n\t\t<\/div>\n\t\t\t\t\t<\/div>\n\t\t<\/section>\n\t\t\t\t<section class=\"elementor-section elementor-top-section elementor-element elementor-element-2fe566ed elementor-section-content-middle elementor-section-boxed elementor-section-height-default elementor-section-height-default\" data-id=\"2fe566ed\" data-element_type=\"section\">\n\t\t\t\t\t\t<div class=\"elementor-container elementor-column-gap-default\">\n\t\t\t\t\t<div class=\"elementor-column elementor-col-100 elementor-top-column elementor-element elementor-element-756af6fe\" data-id=\"756af6fe\" data-element_type=\"column\">\n\t\t\t<div class=\"elementor-widget-wrap elementor-element-populated\">\n\t\t\t\t\t\t<div class=\"elementor-element elementor-element-fb79277 elementor-widget elementor-widget-heading\" data-id=\"fb79277\" data-element_type=\"widget\" data-widget_type=\"heading.default\">\n\t\t\t\t<div class=\"elementor-widget-container\">\n\t\t\t<h2 class=\"elementor-heading-title elementor-size-default\">GURMANSKO-PIVSKA TURA ISTRE<\/h2>\t\t<\/div>\n\t\t\t\t<\/div>\n\t\t\t\t<div class=\"elementor-element elementor-element-7cb861f elementor-widget elementor-widget-text-editor\" data-id=\"7cb861f\" data-element_type=\"widget\" data-widget_type=\"text-editor.default\">\n\t\t\t\t<div class=\"elementor-widget-container\">\n\t\t\t\t\t\t\t<p>\u00a0<\/p><p><b>Po\u010dastiti \u0107ete svoje nepce fantasti\u010dnim craft pivom i hranom na istarski na\u010din<\/b><\/p><p>\u00a0<\/p><p><b>Aktivnosti:<\/b><\/p><p>\u00a0<\/p><ul><li>degustacija nagra\u0111ivanih sireva i maslinovog ulja\u00a0 stancije \u0160pin\u00a0<\/li><li>Posjet i degustacija fantasti\u010dnih piva\u00a0 dvije istarske craft pivovare,\u00a0<\/li><li>gurmanski ru\u010dak<\/li><li>obilazak dvaju naj\u010darobnijih istarskih srednjovjekovnih gradi\u0107a.<\/li><\/ul><p><b>Trajanje:<\/b> jednodnevni izlet<\/p><p>\u00a0<\/p><p><b>Broj osoba i cijena*:<\/b><\/p><ul><li>velike grupe ( 30 osoba); Cijena na upit<\/li><li>male grupe\u00a0 (7 osoba); Cijena na upit<\/li><\/ul>\t\t\t\t\t\t<\/div>\n\t\t\t\t<\/div>\n\t\t\t\t<div class=\"elementor-element elementor-element-1b15bd4 elementor-widget elementor-widget-text-editor\" data-id=\"1b15bd4\" data-element_type=\"widget\" data-widget_type=\"text-editor.default\">\n\t\t\t\t<div class=\"elementor-widget-container\">\n\t\t\t\t\t\t\t<pre><br \/><span style=\"color: #999999;\">*U slu\u010daju manjeg broja putnika agencija ima pravo na promjenu cijene ili otkazivanje putovanja.<\/span><br \/><span style=\"color: #999999;\">*HEDONIA EXPERIENCE d.o.o. nije u sustavu PDV-a, PDV nije obra\u010dunat temeljem \u010dl. 90 st.1 i st.2 Zakona o PDV-u.<\/span><\/pre>\t\t\t\t\t\t<\/div>\n\t\t\t\t<\/div>\n\t\t\t\t\t<\/div>\n\t\t<\/div>\n\t\t\t\t\t<\/div>\n\t\t<\/section>\n\t\t\t\t<section class=\"elementor-section elementor-top-section elementor-element elementor-element-374ee2f elementor-section-boxed elementor-section-height-default elementor-section-height-default\" data-id=\"374ee2f\" data-element_type=\"section\">\n\t\t\t\t\t\t<div class=\"elementor-container elementor-column-gap-default\">\n\t\t\t\t\t<div class=\"elementor-column elementor-col-100 elementor-top-column elementor-element elementor-element-b11dde3\" data-id=\"b11dde3\" data-element_type=\"column\">\n\t\t\t<div class=\"elementor-widget-wrap elementor-element-populated\">\n\t\t\t\t\t\t<div class=\"elementor-element elementor-element-e66306c elementor-arrows-position-inside elementor-pagination-position-outside elementor-widget elementor-widget-image-carousel\" data-id=\"e66306c\" data-element_type=\"widget\" data-settings=\"{&quot;navigation&quot;:&quot;both&quot;,&quot;autoplay&quot;:&quot;yes&quot;,&quot;pause_on_hover&quot;:&quot;yes&quot;,&quot;pause_on_interaction&quot;:&quot;yes&quot;,&quot;autoplay_speed&quot;:5000,&quot;infinite&quot;:&quot;yes&quot;,&quot;speed&quot;:500}\" data-widget_type=\"image-carousel.default\">\n\t\t\t\t<div class=\"elementor-widget-container\">\n\t\t\t\t\t<div class=\"elementor-image-carousel-wrapper swiper\" dir=\"ltr\">\n\t\t\t<div class=\"elementor-image-carousel swiper-wrapper swiper-image-stretch\" aria-live=\"off\">\n\t\t\t\t\t\t\t\t<div class=\"swiper-slide\" role=\"group\" aria-roledescription=\"slide\" aria-label=\"1 of 9\"><figure class=\"swiper-slide-inner\"><img decoding=\"async\" class=\"swiper-slide-image\" src=\"https:\/\/hedonia.hr\/wp-content\/uploads\/2020\/09\/IMG_0092-1-300x300.jpg\" alt=\"IMG_0092\" \/><\/figure><\/div><div class=\"swiper-slide\" role=\"group\" aria-roledescription=\"slide\" aria-label=\"2 of 9\"><figure class=\"swiper-slide-inner\"><img decoding=\"async\" class=\"swiper-slide-image\" src=\"https:\/\/hedonia.hr\/wp-content\/uploads\/2020\/09\/IMG_1888-1-300x300.jpg\" alt=\"IMG_1888\" \/><\/figure><\/div><div class=\"swiper-slide\" role=\"group\" aria-roledescription=\"slide\" aria-label=\"3 of 9\"><figure class=\"swiper-slide-inner\"><img decoding=\"async\" class=\"swiper-slide-image\" src=\"https:\/\/hedonia.hr\/wp-content\/uploads\/2020\/09\/IMG_3544-1-300x300.jpg\" alt=\"IMG_3544\" \/><\/figure><\/div><div class=\"swiper-slide\" role=\"group\" aria-roledescription=\"slide\" aria-label=\"4 of 9\"><figure class=\"swiper-slide-inner\"><img decoding=\"async\" class=\"swiper-slide-image\" src=\"https:\/\/hedonia.hr\/wp-content\/uploads\/2020\/09\/jonathan-sollender-zYBZ6akL80Q-unsplash-1-300x300.jpg\" alt=\"jonathan-sollender-zYBZ6akL80Q-unsplash\" \/><\/figure><\/div><div class=\"swiper-slide\" role=\"group\" aria-roledescription=\"slide\" aria-label=\"5 of 9\"><figure class=\"swiper-slide-inner\"><img decoding=\"async\" class=\"swiper-slide-image\" src=\"https:\/\/hedonia.hr\/wp-content\/uploads\/2020\/09\/P1010202-1-300x300.jpg\" alt=\"P1010202\" \/><\/figure><\/div><div class=\"swiper-slide\" role=\"group\" aria-roledescription=\"slide\" aria-label=\"6 of 9\"><figure class=\"swiper-slide-inner\"><img decoding=\"async\" class=\"swiper-slide-image\" src=\"https:\/\/hedonia.hr\/wp-content\/uploads\/2020\/09\/P1010187-1-300x300.jpg\" alt=\"P1010187\" \/><\/figure><\/div><div class=\"swiper-slide\" role=\"group\" aria-roledescription=\"slide\" aria-label=\"7 of 9\"><figure class=\"swiper-slide-inner\"><img decoding=\"async\" class=\"swiper-slide-image\" src=\"https:\/\/hedonia.hr\/wp-content\/uploads\/2020\/09\/P1010178-1-300x300.jpg\" alt=\"P1010178\" \/><\/figure><\/div><div class=\"swiper-slide\" role=\"group\" aria-roledescription=\"slide\" aria-label=\"8 of 9\"><figure class=\"swiper-slide-inner\"><img decoding=\"async\" class=\"swiper-slide-image\" src=\"https:\/\/hedonia.hr\/wp-content\/uploads\/2020\/09\/San-Servolo-Oktober-2018-Photo-Dean-Dubokovic-113-1-300x300.jpg\" alt=\"San Servolo Oktober 2018 - Photo Dean Dubokovic-113\" \/><\/figure><\/div><div class=\"swiper-slide\" role=\"group\" aria-roledescription=\"slide\" aria-label=\"9 of 9\"><figure class=\"swiper-slide-inner\"><img decoding=\"async\" class=\"swiper-slide-image\" src=\"https:\/\/hedonia.hr\/wp-content\/uploads\/2020\/09\/San-Servolo-Oktober-2018-Photo-Dean-Dubokovic-105-1-300x300.jpg\" alt=\"San Servolo Oktober 2018 - Photo Dean Dubokovic-105\" \/><\/figure><\/div>\t\t\t<\/div>\n\t\t\t\t\t\t\t\t\t\t\t\t<div class=\"elementor-swiper-button elementor-swiper-button-prev\" role=\"button\" tabindex=\"0\">\n\t\t\t\t\t\t<i aria-hidden=\"true\" class=\"eicon-chevron-left\"><\/i>\t\t\t\t\t<\/div>\n\t\t\t\t\t<div class=\"elementor-swiper-button elementor-swiper-button-next\" role=\"button\" tabindex=\"0\">\n\t\t\t\t\t\t<i aria-hidden=\"true\" class=\"eicon-chevron-right\"><\/i>\t\t\t\t\t<\/div>\n\t\t\t\t\n\t\t\t\t\t\t\t\t\t<div class=\"swiper-pagination\"><\/div>\n\t\t\t\t\t\t\t\t\t<\/div>\n\t\t\t\t<\/div>\n\t\t\t\t<\/div>\n\t\t\t\t<div class=\"elementor-element elementor-element-de8bc0d elementor-widget elementor-widget-text-editor\" data-id=\"de8bc0d\" data-element_type=\"widget\" data-widget_type=\"text-editor.default\">\n\t\t\t\t<div class=\"elementor-widget-container\">\n\t\t\t\t\t\t\t<h1 style=\"text-align: center;\"><b>Plan puta<\/b><\/h1>\t\t\t\t\t\t<\/div>\n\t\t\t\t<\/div>\n\t\t\t\t<div class=\"elementor-element elementor-element-98a7213 elementor-widget elementor-widget-text-editor\" data-id=\"98a7213\" data-element_type=\"widget\" data-widget_type=\"text-editor.default\">\n\t\t\t\t<div class=\"elementor-widget-container\">\n\t\t\t\t\t\t\t<p><b>7:00 sati <\/b>&#8211; Polazak iz Zagreba<\/p><p><b>10:00 sati<\/b> &#8211; Dolazak u Stanciju \u0160pin<\/p><p>Va\u0161a avantura po\u010dinje posjetom stanciji \u0160pin, farmi na sjeverozapadnoj obali Istre. Degustirat \u0107ete sireve i skutu poslu\u017eene uz ekstradjevi\u010danska maslinova ulja i pro\u0161etati Cestom sira. I ako nemate vremena obi\u0107i cijelu Istru, u stanciji \u0160pin imat \u0107ete osje\u0107aj kao da jeste.<\/p><p>Nakon ove jedinstvene harmonije okusa i mirisa vodimo vas u najbolje istarske craft pivovare.<\/p><p><b>12:00 sati<\/b> &#8211; Dolazak u craft pivovaru Bura Brew, Pore\u010d<\/p><p>Gdje \u0107e vam stru\u010dnjaci i zaljubljenici u svoj posao ispri\u010dati pri\u010du kako je njihov craft san postao stvarnost i naravno degustirati njihove fantasti\u010dne pive koje \u0107e vam sigurni smo, dobro sjesti nakon \u0161to ste svoje nepce po\u010dastili preukusnim sirevima.<\/p><p><b>14:00 sati<\/b> &#8211; Ru\u010dak, pivovara San Servolo<\/p><p>Ru\u010dak vas o\u010dekuje u\u00a0 San Servolo obiteljskoj pivovari u malom mjestu Buje na sjeverozapadu Istre. Ova organski proizvedena piva dobila je ime prema za\u0161titniku mjesta u kojem se proizvodi. Posebno zanimljivo zvu\u010di podatak kako se prilikom proizvodnje po\u0161tuje njema\u010dki zakon o \u010disto\u0107i pivo iz 1516. godine, na \u0161to su vlasnici Bujske pivovare posebno ponosni.<\/p><p>Do\u017eivjet \u0107ete toplu dobrodo\u0161licu i jedinstveno iskustvo kroz \u010darobno putovanje u lokalnoj craft pivnici. Otkrit \u0107ete kako majstori pivari mije\u0161aju ove sastojke na tradicionalan na\u010din, gdje primjena modernih tehnologija stvara jedinstveno San Servolo pivo.<\/p><p>U ugodnom ambijentu pivnice ure\u0111ene u rustikalnom stilu u\u017eivati \u0107ete u ru\u010dku na San Servolo na\u010din!<\/p><p><b>16:00 sati <\/b>&#8211; Razgled srednjovjekovnih gradi\u0107a Gro\u017enjana i Motovuna uz stru\u010dno vodstvo<\/p><p>Gro\u017enjan je grad umjetnika, okru\u017een zelenim bre\u017euljcima i \u010darobnom bijelom zemljom, obavezno je odredi\u0161te za sve one koji \u017eele otkriti \u010dari Istre. Gro\u017enjan je poznat po \u010destim koncertima klasi\u010dne glazbe, jazz-festivalu, slikarskim manifestacijama i brojnim izlo\u017ebama.<\/p><p>Odlazite do Motovuna, jednog od najpoznatijih\u00a0 istarskih srednjovjekovnih gradi\u0107a \u010dija je veduta jedan od poznatih simbola istarske unutra\u0161njosti. Smje\u0161ten u sjevernom dijelu Istre, iznad doline rijeke Mirne.<\/p><p><b>19:00 sati <\/b>&#8211; Istarska ve\u010dera<\/p><p>Kako \u017eelimo da okusite pravu Istru, avanturu zavr\u0161avate s ve\u010derom u istarskoj konobi koja priprema samo doma\u0107u hranu.<\/p><p><b>21:00 sati<\/b> &#8211; Polazak za Zagreb; O\u010dekivano vrijeme dolaska u Zagreb oko 00:00 sati.<\/p><p><b>Uklju\u010deno u cijenu:<\/b><\/p><ul><li>licencirani turisti\u010dki vodi\u010d za Motovun i Gro\u017enjan<\/li><li>prijevoz od mjesta polaska do destinacije<\/li><li>ru\u010dak\u00a0 (tri slijeda) sa \u010da\u0161om pive<\/li><li>ve\u010dera (tri slijeda)\u00a0 sa \u010da\u0161om pive ili vina<\/li><li>degustacija piva<\/li><li>degustacija sireva i maslinovog ulja<\/li><\/ul><p><b>Cijena ne uklju\u010duje:<\/b><\/p><ul><li>napojnice<\/li><li>hranu i pi\u0107a koja nisu navedena<\/li><li>suveniri<\/li><\/ul><p><b>Izlet nije prikladan za:<\/b><\/p><ul><li>osobe s pote\u0161ko\u0107ama u hodanju i osobe u invalidskim kolicima<\/li><li>djecu<\/li><\/ul><p><b>Napomena:<\/b><\/p><ul><li>izlet uklju\u010duje umjerenu koli\u010dinu hodanja sa pojedinim strmim dijelovima\u00a0<\/li><li>preporu\u010duje se udobna obu\u0107a za hodanje<\/li><\/ul>\t\t\t\t\t\t<\/div>\n\t\t\t\t<\/div>\n\t\t\t\t\t<\/div>\n\t\t<\/div>\n\t\t\t\t\t<\/div>\n\t\t<\/section>\n\t\t\t\t<section class=\"elementor-section elementor-top-section elementor-element elementor-element-85123a4 elementor-section-boxed elementor-section-height-default elementor-section-height-default\" data-id=\"85123a4\" data-element_type=\"section\">\n\t\t\t\t\t\t<div class=\"elementor-container elementor-column-gap-default\">\n\t\t\t\t\t<div class=\"elementor-column elementor-col-100 elementor-top-column elementor-element elementor-element-1bcc5b9\" data-id=\"1bcc5b9\" data-element_type=\"column\">\n\t\t\t<div class=\"elementor-widget-wrap elementor-element-populated\">\n\t\t\t\t\t\t<div class=\"elementor-element elementor-element-bb2e7dd elementor-flip-box--effect-flip elementor-flip-box--direction-up elementor-widget elementor-widget-global elementor-global-9737 elementor-widget-flip-box\" data-id=\"bb2e7dd\" data-element_type=\"widget\" data-widget_type=\"flip-box.default\">\n\t\t\t\t<div class=\"elementor-widget-container\">\n\t\t\t\t\t<div class=\"elementor-flip-box\" tabindex=\"0\">\n\t\t\t<div class=\"elementor-flip-box__layer elementor-flip-box__front\">\n\t\t\t\t<div class=\"elementor-flip-box__layer__overlay\">\n\t\t\t\t\t<div class=\"elementor-flip-box__layer__inner\">\n\t\t\t\t\t\t\n\t\t\t\t\t\t\t\t\t\t\t\t\t<h3 class=\"elementor-flip-box__layer__title\">\n\t\t\t\t\t\t\t\tKontaktirajte nas!\t\t\t\t\t\t\t<\/h3>\n\t\t\t\t\t\t\n\t\t\t\t\t\t\t\t\t\t\t\t\t<div class=\"elementor-flip-box__layer__description\">\n\t\t\t\t\t\t\t\tJedan klik ste od kontakta s nama!\t\t\t\t\t\t\t<\/div>\n\t\t\t\t\t\t\t\t\t\t\t<\/div>\n\t\t\t\t<\/div>\n\t\t\t<\/div>\n\t\t\t<div class=\"elementor-flip-box__layer elementor-flip-box__back\">\n\t\t\t<div class=\"elementor-flip-box__layer__overlay\">\n\t\t\t\t<div class=\"elementor-flip-box__layer__inner\">\n\t\t\t\t\t\n\t\t\t\t\t\t\t\t\t\t\t<div class=\"elementor-flip-box__layer__description\">\n\t\t\t\t\t\t\t[wpforms id=\"6858\" title=\"false\" description=\"false\"]\t\t\t\t\t\t<\/div>\n\t\t\t\t\t\n\t\t\t\t\t\t\t\t<\/div>\n\t\t<\/div>\n\t\t<\/div>\n\t\t<\/div>\n\t\t\t\t<\/div>\n\t\t\t\t<\/div>\n\t\t\t\t\t<\/div>\n\t\t<\/div>\n\t\t\t\t\t<\/div>\n\t\t<\/section>\n\t\t\t\t<\/div>\n\t\t","protected":false},"excerpt":{"rendered":"<p>GURMANSKO-PIVSKA TURA ISTRE \u00a0 Po\u010dastiti \u0107ete svoje nepce fantasti\u010dnim craft pivom i hranom na istarski na\u010din \u00a0 Aktivnosti: \u00a0 degustacija nagra\u0111ivanih sireva i maslinovog ulja\u00a0 stancije \u0160pin\u00a0 Posjet i degustacija fantasti\u010dnih piva\u00a0 dvije istarske craft pivovare,\u00a0 gurmanski ru\u010dak obilazak dvaju naj\u010darobnijih istarskih srednjovjekovnih gradi\u0107a. Trajanje: jednodnevni izlet \u00a0 Broj osoba i cijena*: velike grupe ( &#8230;<\/p>\n","protected":false},"author":1,"featured_media":0,"parent":0,"menu_order":0,"comment_status":"closed","ping_status":"closed","template":"elementor_header_footer","meta":{"footnotes":""},"class_list":["post-36257","page","type-page","status-publish","hentry"],"yoast_head":"<!-- This site is optimized with the Yoast SEO plugin v23.8 - https:\/\/yoast.com\/wordpress\/plugins\/seo\/ -->\n<title>Gurmansko-pivska tura istre - Hedonia<\/title>\n<meta name=\"robots\" content=\"index, follow, max-snippet:-1, max-image-preview:large, max-video-preview:-1\" \/>\n<link rel=\"canonical\" href=\"https:\/\/hedonia.hr\/hr\/gurmansko-pivska-tura-istre\/\" \/>\n<meta property=\"og:locale\" content=\"hr_HR\" \/>\n<meta property=\"og:type\" content=\"article\" \/>\n<meta property=\"og:title\" content=\"Gurmansko-pivska tura istre - Hedonia\" \/>\n<meta property=\"og:description\" content=\"GURMANSKO-PIVSKA TURA ISTRE \u00a0 Po\u010dastiti \u0107ete svoje nepce fantasti\u010dnim craft pivom i hranom na istarski na\u010din \u00a0 Aktivnosti: \u00a0 degustacija nagra\u0111ivanih sireva i maslinovog ulja\u00a0 stancije \u0160pin\u00a0 Posjet i degustacija fantasti\u010dnih piva\u00a0 dvije istarske craft pivovare,\u00a0 gurmanski ru\u010dak obilazak dvaju naj\u010darobnijih istarskih srednjovjekovnih gradi\u0107a. Trajanje: jednodnevni izlet \u00a0 Broj osoba i cijena*: velike grupe ( ...\" \/>\n<meta property=\"og:url\" content=\"https:\/\/hedonia.hr\/hr\/gurmansko-pivska-tura-istre\/\" \/>\n<meta property=\"og:site_name\" content=\"Hedonia\" \/>\n<meta property=\"article:modified_time\" content=\"2020-12-04T16:48:17+00:00\" \/>\n<meta property=\"og:image\" content=\"https:\/\/hedonia.hr\/wp-content\/uploads\/2020\/09\/IMG_0092-1-300x300.jpg\" \/>\n<meta name=\"twitter:card\" content=\"summary_large_image\" \/>\n<meta name=\"twitter:label1\" content=\"Procijenjeno vrijeme \u010ditanja\" \/>\n\t<meta name=\"twitter:data1\" content=\"3 minute\" \/>\n<script type=\"application\/ld+json\" class=\"yoast-schema-graph\">{\"@context\":\"https:\/\/schema.org\",\"@graph\":[{\"@type\":\"WebPage\",\"@id\":\"https:\/\/hedonia.hr\/hr\/gurmansko-pivska-tura-istre\/\",\"url\":\"https:\/\/hedonia.hr\/hr\/gurmansko-pivska-tura-istre\/\",\"name\":\"Gurmansko-pivska tura istre - Hedonia\",\"isPartOf\":{\"@id\":\"https:\/\/hedonia.hr\/#website\"},\"primaryImageOfPage\":{\"@id\":\"https:\/\/hedonia.hr\/hr\/gurmansko-pivska-tura-istre\/#primaryimage\"},\"image\":{\"@id\":\"https:\/\/hedonia.hr\/hr\/gurmansko-pivska-tura-istre\/#primaryimage\"},\"thumbnailUrl\":\"https:\/\/hedonia.hr\/wp-content\/uploads\/2020\/09\/IMG_0092-1-300x300.jpg\",\"datePublished\":\"2020-09-18T05:58:39+00:00\",\"dateModified\":\"2020-12-04T16:48:17+00:00\",\"breadcrumb\":{\"@id\":\"https:\/\/hedonia.hr\/hr\/gurmansko-pivska-tura-istre\/#breadcrumb\"},\"inLanguage\":\"hr\",\"potentialAction\":[{\"@type\":\"ReadAction\",\"target\":[\"https:\/\/hedonia.hr\/hr\/gurmansko-pivska-tura-istre\/\"]}]},{\"@type\":\"ImageObject\",\"inLanguage\":\"hr\",\"@id\":\"https:\/\/hedonia.hr\/hr\/gurmansko-pivska-tura-istre\/#primaryimage\",\"url\":\"https:\/\/hedonia.hr\/wp-content\/uploads\/2020\/09\/IMG_0092-1-300x300.jpg\",\"contentUrl\":\"https:\/\/hedonia.hr\/wp-content\/uploads\/2020\/09\/IMG_0092-1-300x300.jpg\"},{\"@type\":\"BreadcrumbList\",\"@id\":\"https:\/\/hedonia.hr\/hr\/gurmansko-pivska-tura-istre\/#breadcrumb\",\"itemListElement\":[{\"@type\":\"ListItem\",\"position\":1,\"name\":\"Home\",\"item\":\"https:\/\/hedonia.hr\/hr\/\"},{\"@type\":\"ListItem\",\"position\":2,\"name\":\"Gurmansko-pivska tura istre\"}]},{\"@type\":\"WebSite\",\"@id\":\"https:\/\/hedonia.hr\/#website\",\"url\":\"https:\/\/hedonia.hr\/\",\"name\":\"Hedonia\",\"description\":\"Hedonia experience\",\"potentialAction\":[{\"@type\":\"SearchAction\",\"target\":{\"@type\":\"EntryPoint\",\"urlTemplate\":\"https:\/\/hedonia.hr\/?s={search_term_string}\"},\"query-input\":{\"@type\":\"PropertyValueSpecification\",\"valueRequired\":true,\"valueName\":\"search_term_string\"}}],\"inLanguage\":\"hr\"}]}<\/script>\n<!-- \/ Yoast SEO plugin. -->","yoast_head_json":{"title":"Gurmansko-pivska tura istre - Hedonia","robots":{"index":"index","follow":"follow","max-snippet":"max-snippet:-1","max-image-preview":"max-image-preview:large","max-video-preview":"max-video-preview:-1"},"canonical":"https:\/\/hedonia.hr\/hr\/gurmansko-pivska-tura-istre\/","og_locale":"hr_HR","og_type":"article","og_title":"Gurmansko-pivska tura istre - Hedonia","og_description":"GURMANSKO-PIVSKA TURA ISTRE \u00a0 Po\u010dastiti \u0107ete svoje nepce fantasti\u010dnim craft pivom i hranom na istarski na\u010din \u00a0 Aktivnosti: \u00a0 degustacija nagra\u0111ivanih sireva i maslinovog ulja\u00a0 stancije \u0160pin\u00a0 Posjet i degustacija fantasti\u010dnih piva\u00a0 dvije istarske craft pivovare,\u00a0 gurmanski ru\u010dak obilazak dvaju naj\u010darobnijih istarskih srednjovjekovnih gradi\u0107a. Trajanje: jednodnevni izlet \u00a0 Broj osoba i cijena*: velike grupe ( ...","og_url":"https:\/\/hedonia.hr\/hr\/gurmansko-pivska-tura-istre\/","og_site_name":"Hedonia","article_modified_time":"2020-12-04T16:48:17+00:00","og_image":[{"url":"https:\/\/hedonia.hr\/wp-content\/uploads\/2020\/09\/IMG_0092-1-300x300.jpg"}],"twitter_card":"summary_large_image","twitter_misc":{"Procijenjeno vrijeme \u010ditanja":"3 minute"},"schema":{"@context":"https:\/\/schema.org","@graph":[{"@type":"WebPage","@id":"https:\/\/hedonia.hr\/hr\/gurmansko-pivska-tura-istre\/","url":"https:\/\/hedonia.hr\/hr\/gurmansko-pivska-tura-istre\/","name":"Gurmansko-pivska tura istre - Hedonia","isPartOf":{"@id":"https:\/\/hedonia.hr\/#website"},"primaryImageOfPage":{"@id":"https:\/\/hedonia.hr\/hr\/gurmansko-pivska-tura-istre\/#primaryimage"},"image":{"@id":"https:\/\/hedonia.hr\/hr\/gurmansko-pivska-tura-istre\/#primaryimage"},"thumbnailUrl":"https:\/\/hedonia.hr\/wp-content\/uploads\/2020\/09\/IMG_0092-1-300x300.jpg","datePublished":"2020-09-18T05:58:39+00:00","dateModified":"2020-12-04T16:48:17+00:00","breadcrumb":{"@id":"https:\/\/hedonia.hr\/hr\/gurmansko-pivska-tura-istre\/#breadcrumb"},"inLanguage":"hr","potentialAction":[{"@type":"ReadAction","target":["https:\/\/hedonia.hr\/hr\/gurmansko-pivska-tura-istre\/"]}]},{"@type":"ImageObject","inLanguage":"hr","@id":"https:\/\/hedonia.hr\/hr\/gurmansko-pivska-tura-istre\/#primaryimage","url":"https:\/\/hedonia.hr\/wp-content\/uploads\/2020\/09\/IMG_0092-1-300x300.jpg","contentUrl":"https:\/\/hedonia.hr\/wp-content\/uploads\/2020\/09\/IMG_0092-1-300x300.jpg"},{"@type":"BreadcrumbList","@id":"https:\/\/hedonia.hr\/hr\/gurmansko-pivska-tura-istre\/#breadcrumb","itemListElement":[{"@type":"ListItem","position":1,"name":"Home","item":"https:\/\/hedonia.hr\/hr\/"},{"@type":"ListItem","position":2,"name":"Gurmansko-pivska tura istre"}]},{"@type":"WebSite","@id":"https:\/\/hedonia.hr\/#website","url":"https:\/\/hedonia.hr\/","name":"Hedonia","description":"Hedonia experience","potentialAction":[{"@type":"SearchAction","target":{"@type":"EntryPoint","urlTemplate":"https:\/\/hedonia.hr\/?s={search_term_string}"},"query-input":{"@type":"PropertyValueSpecification","valueRequired":true,"valueName":"search_term_string"}}],"inLanguage":"hr"}]}},"_links":{"self":[{"href":"https:\/\/hedonia.hr\/hr\/wp-json\/wp\/v2\/pages\/36257"}],"collection":[{"href":"https:\/\/hedonia.hr\/hr\/wp-json\/wp\/v2\/pages"}],"about":[{"href":"https:\/\/hedonia.hr\/hr\/wp-json\/wp\/v2\/types\/page"}],"author":[{"embeddable":true,"href":"https:\/\/hedonia.hr\/hr\/wp-json\/wp\/v2\/users\/1"}],"replies":[{"embeddable":true,"href":"https:\/\/hedonia.hr\/hr\/wp-json\/wp\/v2\/comments?post=36257"}],"version-history":[{"count":11,"href":"https:\/\/hedonia.hr\/hr\/wp-json\/wp\/v2\/pages\/36257\/revisions"}],"predecessor-version":[{"id":37263,"href":"https:\/\/hedonia.hr\/hr\/wp-json\/wp\/v2\/pages\/36257\/revisions\/37263"}],"wp:attachment":[{"href":"https:\/\/hedonia.hr\/hr\/wp-json\/wp\/v2\/media?parent=36257"}],"curies":[{"name":"wp","href":"https:\/\/api.w.org\/{rel}","templated":true}]}}