{"id":36283,"date":"2020-09-18T06:23:47","date_gmt":"2020-09-18T06:23:47","guid":{"rendered":"https:\/\/hedonia.hr\/?page_id=36283"},"modified":"2020-12-04T16:36:14","modified_gmt":"2020-12-04T16:36:14","slug":"np-brijuni-i-gurmanski-dozivljaj-istre","status":"publish","type":"page","link":"https:\/\/hedonia.hr\/hr\/np-brijuni-i-gurmanski-dozivljaj-istre\/","title":{"rendered":"NP Brijuni i gurmanski do\u017eivljaj Istre"},"content":{"rendered":"\t\t<div data-elementor-type=\"wp-page\" data-elementor-id=\"36283\" class=\"elementor elementor-36283\" data-elementor-post-type=\"page\">\n\t\t\t\t\t\t<section class=\"elementor-section elementor-top-section elementor-element elementor-element-b3adce8 elementor-section-stretched elementor-section-full_width elementor-section-height-default elementor-section-height-default\" data-id=\"b3adce8\" data-element_type=\"section\" data-settings=\"{&quot;stretch_section&quot;:&quot;section-stretched&quot;}\">\n\t\t\t\t\t\t<div class=\"elementor-container elementor-column-gap-no\">\n\t\t\t\t\t<div class=\"elementor-column elementor-col-100 elementor-top-column elementor-element elementor-element-58b749f\" data-id=\"58b749f\" data-element_type=\"column\">\n\t\t\t<div class=\"elementor-widget-wrap elementor-element-populated\">\n\t\t\t\t\t\t<div class=\"elementor-element elementor-element-efb5f4c elementor--h-position-center elementor--v-position-middle elementor-arrows-position-inside elementor-pagination-position-inside elementor-widget elementor-widget-slides\" data-id=\"efb5f4c\" data-element_type=\"widget\" data-settings=\"{&quot;navigation&quot;:&quot;both&quot;,&quot;autoplay&quot;:&quot;yes&quot;,&quot;pause_on_hover&quot;:&quot;yes&quot;,&quot;pause_on_interaction&quot;:&quot;yes&quot;,&quot;autoplay_speed&quot;:5000,&quot;infinite&quot;:&quot;yes&quot;,&quot;transition&quot;:&quot;slide&quot;,&quot;transition_speed&quot;:500}\" data-widget_type=\"slides.default\">\n\t\t\t\t<div class=\"elementor-widget-container\">\n\t\t\t\t\t<div class=\"elementor-swiper\">\n\t\t\t<div class=\"elementor-slides-wrapper elementor-main-swiper swiper\" dir=\"ltr\" data-animation=\"fadeInUp\">\n\t\t\t\t<div class=\"swiper-wrapper elementor-slides\">\n\t\t\t\t\t\t\t\t\t\t<div class=\"elementor-repeater-item-a02d414 swiper-slide\"><div class=\"swiper-slide-bg\" role=\"img\"><\/div><div class=\"elementor-background-overlay\"><\/div><div class=\"swiper-slide-inner\" ><div class=\"swiper-slide-contents\"><\/div><\/div><\/div><div class=\"elementor-repeater-item-8640c06 swiper-slide\"><div class=\"swiper-slide-bg\" role=\"img\"><\/div><div class=\"elementor-background-overlay\"><\/div><div class=\"swiper-slide-inner\" ><div class=\"swiper-slide-contents\"><\/div><\/div><\/div>\t\t\t\t<\/div>\n\t\t\t\t\t\t\t\t\t\t\t\t\t\t\t<div class=\"swiper-pagination\"><\/div>\n\t\t\t\t\t\t\t\t\t\t\t\t\t\t\t\t<div class=\"elementor-swiper-button elementor-swiper-button-prev\" role=\"button\" tabindex=\"0\">\n\t\t\t\t\t\t\t<i aria-hidden=\"true\" class=\"eicon-chevron-left\"><\/i>\t\t\t\t\t\t\t<span class=\"elementor-screen-only\">Previous slide<\/span>\n\t\t\t\t\t\t<\/div>\n\t\t\t\t\t\t<div class=\"elementor-swiper-button elementor-swiper-button-next\" role=\"button\" tabindex=\"0\">\n\t\t\t\t\t\t\t<i aria-hidden=\"true\" class=\"eicon-chevron-right\"><\/i>\t\t\t\t\t\t\t<span class=\"elementor-screen-only\">Next slide<\/span>\n\t\t\t\t\t\t<\/div>\n\t\t\t\t\t\t\t\t\t\t\t\t<\/div>\n\t\t<\/div>\n\t\t\t\t<\/div>\n\t\t\t\t<\/div>\n\t\t\t\t\t<\/div>\n\t\t<\/div>\n\t\t\t\t\t<\/div>\n\t\t<\/section>\n\t\t\t\t<section class=\"elementor-section elementor-top-section elementor-element elementor-element-2fe566ed elementor-section-content-middle elementor-section-boxed elementor-section-height-default elementor-section-height-default\" data-id=\"2fe566ed\" data-element_type=\"section\">\n\t\t\t\t\t\t<div class=\"elementor-container elementor-column-gap-default\">\n\t\t\t\t\t<div class=\"elementor-column elementor-col-100 elementor-top-column elementor-element elementor-element-756af6fe\" data-id=\"756af6fe\" data-element_type=\"column\">\n\t\t\t<div class=\"elementor-widget-wrap elementor-element-populated\">\n\t\t\t\t\t\t<div class=\"elementor-element elementor-element-fb79277 elementor-widget elementor-widget-heading\" data-id=\"fb79277\" data-element_type=\"widget\" data-widget_type=\"heading.default\">\n\t\t\t\t<div class=\"elementor-widget-container\">\n\t\t\t<h1 class=\"elementor-heading-title elementor-size-default\">NP Brijuni i gurmanski do\u017eivljaj Istarske kuhinje -  jednodnevni izlet<\/h1>\t\t<\/div>\n\t\t\t\t<\/div>\n\t\t\t\t<div class=\"elementor-element elementor-element-aa8c4de elementor-widget elementor-widget-heading\" data-id=\"aa8c4de\" data-element_type=\"widget\" data-widget_type=\"heading.default\">\n\t\t\t\t<div class=\"elementor-widget-container\">\n\t\t\t<h3 class=\"elementor-heading-title elementor-size-default\">Brijunsko oto\u010dje izuzetan je spoj prirodnih vrijednosti i kulturno-povijesne ba\u0161tine.<\/h3>\t\t<\/div>\n\t\t\t\t<\/div>\n\t\t\t\t<div class=\"elementor-element elementor-element-7cb861f elementor-widget elementor-widget-text-editor\" data-id=\"7cb861f\" data-element_type=\"widget\" data-widget_type=\"text-editor.default\">\n\t\t\t\t<div class=\"elementor-widget-container\">\n\t\t\t\t\t\t\t<p>Brijuni u svom arhipelagu imaju dva velika i dvanaest malih oto\u010di\u0107a smje\u0161tenih u blizini Pule.<\/p><p>Otoci su do po\u010detka 80-tih bili zatvoreni za javnost jer su slu\u017eili kao rezidencija tada\u0161njem predsjedniku J. B. Titu. 1983. godine otoci su progla\u0161eni Nacionalnim Parkom i ve\u0107ina otoka je otvorena za javnost. Dio otoka Veli Brijun i danas se koristi kao rezidencija Hrvatskog predsjednika. O ljepoti i \u0161armu oto\u010dja govori i \u010dinjenica da je za vrijeme Austro-Ugarske monarhije bilo omiljeno odredi\u0161te elite Austijske, Ma\u0111arske i Njema\u010dke aristokracije.<\/p><p>\u00a0<\/p><p>NP Brijuni \u0107e vas o\u010darati bogatom mediteranskom florom i faunom. U\u017eivat \u0107ete \u0161etnjom mediteranskom \u0161umom i makijom, pejza\u017enim parkovima, travnjacima i mediteranskim vrtom. Ovo specifi\u010dno i jedinstveno podru\u010dje pru\u017ea vam priliku da se u kratkoj\u00a0 \u0161etnji susretnete s jelenom lopatarom, vjevericom, zecom ili nekom od ptica iz bogate brijunske ornitofaune. Osim toga,\u00a0 prisutne su i egzoti\u010dne vrste koje svjedo\u010de o zanimljivoj brijunskoj povijesti.<\/p><p>\u00a0<\/p><p>O brijunskoj povijesti govori nam i bogata kulturno-povijesna ba\u0161tina otoka. Od stvaranja prvog prapovijesnog naselja do stvaranja mondenog ljetovali\u0161ta i lje\u010dili\u0161ta po\u010detkom 20. Stolje\u0107a, a potom i predsjedni\u010dke rezidencije, proteklo je vi\u0161e od \u010detiri tisu\u0107lje\u0107a.<\/p><p>\u00a0<\/p><p>Dali smo vam dovoljno razloga da posjetite NP Brijuni!<\/p><p>\u00a0<\/p><p><b>Aktivnosti:\u00a0<\/b><\/p><p>\u00a0<\/p><ul><li>U\u017eivat \u0107ete u vo\u0111enoj\u00a0 turi po NP Brijuni u trajanju cca 4 sata koja uklju\u010duje obilazak oto\u010dja turisti\u010dkim vlakom<\/li><li>U\u017eina (marenda) u Fa\u017eani, malom ribarskom mjestu nasuprot Brijuna<\/li><li>Ve\u010dera u tradicionalnoj Istarskoj konobi u unutra\u0161njosti Istre<\/li><\/ul><p><b>Trajanje:<\/b> jednodnevni izlet<\/p><p>\u00a0<\/p><p><b>Broj osoba i cijena*:<\/b><\/p><ul><li>velike grupe ( 30 osoba); Cijena na upit<\/li><li>male grupe\u00a0 (7 osoba); Cijena na upit<\/li><\/ul>\t\t\t\t\t\t<\/div>\n\t\t\t\t<\/div>\n\t\t\t\t<div class=\"elementor-element elementor-element-1b15bd4 elementor-widget elementor-widget-text-editor\" data-id=\"1b15bd4\" data-element_type=\"widget\" data-widget_type=\"text-editor.default\">\n\t\t\t\t<div class=\"elementor-widget-container\">\n\t\t\t\t\t\t\t<pre><br \/><br \/><span style=\"color: #999999;\">*U slu\u010daju manjeg broja putnika agencija ima pravo na promjenu cijene ili otkazivanje putovanja.<\/span><br \/><span style=\"color: #999999;\">*HEDONIA EXPERIENCE d.o.o. nije u sustavu PDV-a, PDV nije obra\u010dunat temeljem \u010dl. 90 st.1 i st.2 Zakona o PDV-u.<\/span><\/pre>\t\t\t\t\t\t<\/div>\n\t\t\t\t<\/div>\n\t\t\t\t\t<\/div>\n\t\t<\/div>\n\t\t\t\t\t<\/div>\n\t\t<\/section>\n\t\t\t\t<section class=\"elementor-section elementor-top-section elementor-element elementor-element-374ee2f elementor-section-boxed elementor-section-height-default elementor-section-height-default\" data-id=\"374ee2f\" data-element_type=\"section\">\n\t\t\t\t\t\t<div class=\"elementor-container elementor-column-gap-default\">\n\t\t\t\t\t<div class=\"elementor-column elementor-col-100 elementor-top-column elementor-element elementor-element-b11dde3\" data-id=\"b11dde3\" data-element_type=\"column\">\n\t\t\t<div class=\"elementor-widget-wrap elementor-element-populated\">\n\t\t\t\t\t\t<div class=\"elementor-element elementor-element-e66306c elementor-arrows-position-inside elementor-pagination-position-outside elementor-widget elementor-widget-image-carousel\" data-id=\"e66306c\" data-element_type=\"widget\" data-settings=\"{&quot;navigation&quot;:&quot;both&quot;,&quot;autoplay&quot;:&quot;yes&quot;,&quot;pause_on_hover&quot;:&quot;yes&quot;,&quot;pause_on_interaction&quot;:&quot;yes&quot;,&quot;autoplay_speed&quot;:5000,&quot;infinite&quot;:&quot;yes&quot;,&quot;speed&quot;:500}\" data-widget_type=\"image-carousel.default\">\n\t\t\t\t<div class=\"elementor-widget-container\">\n\t\t\t\t\t<div class=\"elementor-image-carousel-wrapper swiper\" dir=\"ltr\">\n\t\t\t<div class=\"elementor-image-carousel swiper-wrapper swiper-image-stretch\" aria-live=\"off\">\n\t\t\t\t\t\t\t\t<div class=\"swiper-slide\" role=\"group\" aria-roledescription=\"slide\" aria-label=\"1 of 3\"><figure class=\"swiper-slide-inner\"><img decoding=\"async\" class=\"swiper-slide-image\" src=\"https:\/\/hedonia.hr\/wp-content\/uploads\/2020\/09\/photo-1568987563406-34cbfe9186f81-300x300.jpg\" alt=\"photo-1568987563406-34cbfe9186f8(1)\" \/><\/figure><\/div><div class=\"swiper-slide\" role=\"group\" aria-roledescription=\"slide\" aria-label=\"2 of 3\"><figure class=\"swiper-slide-inner\"><img decoding=\"async\" class=\"swiper-slide-image\" src=\"https:\/\/hedonia.hr\/wp-content\/uploads\/2020\/09\/Brijuni_Bootshaus1-300x300.jpg\" alt=\"Brijuni,_Bootshaus(1)\" \/><\/figure><\/div><div class=\"swiper-slide\" role=\"group\" aria-roledescription=\"slide\" aria-label=\"3 of 3\"><figure class=\"swiper-slide-inner\"><img decoding=\"async\" class=\"swiper-slide-image\" src=\"https:\/\/hedonia.hr\/wp-content\/uploads\/2020\/09\/fotka-za-ringispil1-300x300.jpg\" alt=\"fotka za ringispil(1)\" \/><\/figure><\/div>\t\t\t<\/div>\n\t\t\t\t\t\t\t\t\t\t\t\t<div class=\"elementor-swiper-button elementor-swiper-button-prev\" role=\"button\" tabindex=\"0\">\n\t\t\t\t\t\t<i aria-hidden=\"true\" class=\"eicon-chevron-left\"><\/i>\t\t\t\t\t<\/div>\n\t\t\t\t\t<div class=\"elementor-swiper-button elementor-swiper-button-next\" role=\"button\" tabindex=\"0\">\n\t\t\t\t\t\t<i aria-hidden=\"true\" class=\"eicon-chevron-right\"><\/i>\t\t\t\t\t<\/div>\n\t\t\t\t\n\t\t\t\t\t\t\t\t\t<div class=\"swiper-pagination\"><\/div>\n\t\t\t\t\t\t\t\t\t<\/div>\n\t\t\t\t<\/div>\n\t\t\t\t<\/div>\n\t\t\t\t<div class=\"elementor-element elementor-element-de8bc0d elementor-widget elementor-widget-text-editor\" data-id=\"de8bc0d\" data-element_type=\"widget\" data-widget_type=\"text-editor.default\">\n\t\t\t\t<div class=\"elementor-widget-container\">\n\t\t\t\t\t\t\t<h1 style=\"text-align: center;\"><b>Plan puta<\/b><\/h1>\t\t\t\t\t\t<\/div>\n\t\t\t\t<\/div>\n\t\t\t\t<div class=\"elementor-element elementor-element-98a7213 elementor-widget elementor-widget-text-editor\" data-id=\"98a7213\" data-element_type=\"widget\" data-widget_type=\"text-editor.default\">\n\t\t\t\t<div class=\"elementor-widget-container\">\n\t\t\t\t\t\t\t<p><b>7:00 sati<\/b> &#8211;\u00a0 Polazak iz Zagreba\u00a0<\/p><p>\u00a0<\/p><p><b>11.00 sati<\/b> &#8211; O\u010dekivani dolazak u Fa\u017eanu, malo ribarsko mjesto iz kojeg polazi brod za NP\u00a0<\/p><p>\u00a0<\/p><p><b>11:30 sati <\/b>&#8211;\u00a0 Istarska marenda (u\u017eina) u ribarskoj konobi<\/p><p>\u00a0<\/p><p><b>13:30 sati<\/b> &#8211;\u00a0 Kre\u0107ete brodom iz luke Fa\u017eana do centralne luke Velikog Brijuna<\/p><p>\u00a0<\/p><p>Po dolasku brodom u luku Veliki Brijun, vodi\u010d dogovara prvi dio programa koji je planiran kao ugodna jednosatna vo\u017enja turisti\u010dkim vlaki\u0107em uz obalu, do sjevera otoka gdje je smje\u0161ten Safari park. Na putu, imate prilike vidjeti golf terene, ka\u0161tel i stare gospodarske zgrade izgra\u0111ene po\u010detkom 20. stolje\u0107a u doba austrijske obitelji Kupelwieser.\u00a0<\/p><p>\u00a0<\/p><p>Prije dolaska u Safari park, sjevernije od Velikog Brijuna, vidi se i drugi po veli\u010dini otok &#8211; Mali Brijun. Na Malom se Brijunu nalazi jedna od najve\u0107ih austrougarskih utvrda na Mediteranu &#8211; utvrda Fort Brioni Minor gra\u0111ena od 1895. do 1900. godine. Ova velika utvrda od po\u010detka 21. stolje\u0107a ljeti se koristi u razne kulturne svrhe.<\/p><p>\u00a0<\/p><p>Prilikom stanke u Safari parku, mo\u017eete se dru\u017eiti sa \u017eivotinjama ili pak okrepiti u caffe baru Sony i Lanka.<\/p><p>\u00a0<\/p><p>Panoramska vo\u017enja nastavlja se po zapadnoj strani otoka. Na obzoru se pojavljuju 2 brijunska oto\u010di\u0107a, Vrsar i Vanga. Prije sljede\u0107eg zaustavljanja, u zaljevu Verige posjetit \u0107ete bizantski kastrum kao najbogatije arheolo\u0161ko nalazi\u0161te na Brijunima i ostatke rimske vile iz 1. stolje\u0107a prije Krista. Tijekom stanke, imate priliku osvje\u017eiti se u caffe baru \u0160koljka ili kupiti suvenir koji \u0107ete ponijeti ku\u0107i kao uspomenu na prelijepe Brijune.<\/p><p>\u00a0<\/p><p>Drugi dio programa uklju\u010duje posjet slijede\u0107im izlo\u017ebama: &#8220;Izlo\u017eba kopija i fresaka i glagolji\u010dkih natpisa Istre i Kvarnera&#8221; u crkvi Sv. Germana, izlo\u017eba fotografija &#8220;Josip Broz Tito na Brionima&#8221;, &#8220;Iz sje\u0107anja starog Austrijanca&#8221; te prirodoslovnoj izlo\u017ebi. \u0160etnja se nastavlja do mediteranskog vrta i\u00a0 masline stare vi\u0161e od 1600 godina &#8211; \u010dime se izlet kroz brijunski prostor i vrijeme polako primi\u010de kraju.<\/p><p><br \/><br \/><\/p><p><b>\u00a017:30 sati<\/b> &#8211;\u00a0 Polazak za seosko imanje u unutra\u0161njosti Istre gdje vas\u00a0 o\u010dekuje pravi gurmanski do\u017eivljaj Istre\u2026\u2026.<\/p><p>\u00a0<\/p><p><b>20:00 sati<\/b> &#8211; polazak za Zagreb i o\u010dekivani dolazak oko 00:00<\/p><p>\u00a0<\/p><p><b>Uklju\u010deno u cijenu:<\/b><\/p><ul><li>pratitelj puta i licencirani turisti\u010dki vodi\u010d za NP Brijune<\/li><li>prijevoz od mjesta polaska do destinacije<\/li><li>Istarska marenda i ve\u010dera (tri slijeda) sa \u010da\u0161om vina.<\/li><li>ulaznica za NP Brijuni<\/li><\/ul><p>\u00a0<\/p><p><b>Cijena ne uklju\u010duje:<\/b><\/p><ul><li>napojnice<\/li><li>hranu i pi\u0107a koja nisu navedena<\/li><li>suveniri<\/li><\/ul><p>\u00a0<\/p><p><b>Napomena:<\/b><\/p><ul><li>izlet uklju\u010duje umjerenu koli\u010dinu hodanja<\/li><li>preporu\u010duje se udobna obu\u0107a za hodanje<\/li><\/ul>\t\t\t\t\t\t<\/div>\n\t\t\t\t<\/div>\n\t\t\t\t\t<\/div>\n\t\t<\/div>\n\t\t\t\t\t<\/div>\n\t\t<\/section>\n\t\t\t\t<section class=\"elementor-section elementor-top-section elementor-element elementor-element-85123a4 elementor-section-boxed elementor-section-height-default elementor-section-height-default\" data-id=\"85123a4\" data-element_type=\"section\">\n\t\t\t\t\t\t<div class=\"elementor-container elementor-column-gap-default\">\n\t\t\t\t\t<div class=\"elementor-column elementor-col-100 elementor-top-column elementor-element elementor-element-1bcc5b9\" data-id=\"1bcc5b9\" data-element_type=\"column\">\n\t\t\t<div class=\"elementor-widget-wrap elementor-element-populated\">\n\t\t\t\t\t\t<div class=\"elementor-element elementor-element-bb2e7dd elementor-flip-box--effect-flip elementor-flip-box--direction-up elementor-widget elementor-widget-global elementor-global-9737 elementor-widget-flip-box\" data-id=\"bb2e7dd\" data-element_type=\"widget\" data-widget_type=\"flip-box.default\">\n\t\t\t\t<div class=\"elementor-widget-container\">\n\t\t\t\t\t<div class=\"elementor-flip-box\" tabindex=\"0\">\n\t\t\t<div class=\"elementor-flip-box__layer elementor-flip-box__front\">\n\t\t\t\t<div class=\"elementor-flip-box__layer__overlay\">\n\t\t\t\t\t<div class=\"elementor-flip-box__layer__inner\">\n\t\t\t\t\t\t\n\t\t\t\t\t\t\t\t\t\t\t\t\t<h3 class=\"elementor-flip-box__layer__title\">\n\t\t\t\t\t\t\t\tKontaktirajte nas!\t\t\t\t\t\t\t<\/h3>\n\t\t\t\t\t\t\n\t\t\t\t\t\t\t\t\t\t\t\t\t<div class=\"elementor-flip-box__layer__description\">\n\t\t\t\t\t\t\t\tJedan klik ste od kontakta s nama!\t\t\t\t\t\t\t<\/div>\n\t\t\t\t\t\t\t\t\t\t\t<\/div>\n\t\t\t\t<\/div>\n\t\t\t<\/div>\n\t\t\t<div class=\"elementor-flip-box__layer elementor-flip-box__back\">\n\t\t\t<div class=\"elementor-flip-box__layer__overlay\">\n\t\t\t\t<div class=\"elementor-flip-box__layer__inner\">\n\t\t\t\t\t\n\t\t\t\t\t\t\t\t\t\t\t<div class=\"elementor-flip-box__layer__description\">\n\t\t\t\t\t\t\t[wpforms id=\"6858\" title=\"false\" description=\"false\"]\t\t\t\t\t\t<\/div>\n\t\t\t\t\t\n\t\t\t\t\t\t\t\t<\/div>\n\t\t<\/div>\n\t\t<\/div>\n\t\t<\/div>\n\t\t\t\t<\/div>\n\t\t\t\t<\/div>\n\t\t\t\t\t<\/div>\n\t\t<\/div>\n\t\t\t\t\t<\/div>\n\t\t<\/section>\n\t\t\t\t<\/div>\n\t\t","protected":false},"excerpt":{"rendered":"<p>Previous Next NP Brijuni i gurmanski do\u017eivljaj Istarske kuhinje &#8211; jednodnevni izlet Brijunsko oto\u010dje izuzetan je spoj prirodnih vrijednosti i kulturno-povijesne ba\u0161tine. Brijuni u svom arhipelagu imaju dva velika i dvanaest malih oto\u010di\u0107a smje\u0161tenih u blizini Pule. Otoci su do po\u010detka 80-tih bili zatvoreni za javnost jer su slu\u017eili kao rezidencija tada\u0161njem predsjedniku J. B. &#8230;<\/p>\n","protected":false},"author":1,"featured_media":0,"parent":0,"menu_order":0,"comment_status":"closed","ping_status":"closed","template":"elementor_header_footer","meta":{"footnotes":""},"class_list":["post-36283","page","type-page","status-publish","hentry"],"yoast_head":"<!-- This site is optimized with the Yoast SEO plugin v23.8 - https:\/\/yoast.com\/wordpress\/plugins\/seo\/ -->\n<title>NP Brijuni i gurmanski do\u017eivljaj Istre - Hedonia<\/title>\n<meta name=\"robots\" content=\"index, follow, max-snippet:-1, max-image-preview:large, max-video-preview:-1\" \/>\n<link rel=\"canonical\" href=\"https:\/\/hedonia.hr\/hr\/np-brijuni-i-gurmanski-dozivljaj-istre\/\" \/>\n<meta property=\"og:locale\" content=\"hr_HR\" \/>\n<meta property=\"og:type\" content=\"article\" \/>\n<meta property=\"og:title\" content=\"NP Brijuni i gurmanski do\u017eivljaj Istre - Hedonia\" \/>\n<meta property=\"og:description\" content=\"Previous Next NP Brijuni i gurmanski do\u017eivljaj Istarske kuhinje &#8211; jednodnevni izlet Brijunsko oto\u010dje izuzetan je spoj prirodnih vrijednosti i kulturno-povijesne ba\u0161tine. Brijuni u svom arhipelagu imaju dva velika i dvanaest malih oto\u010di\u0107a smje\u0161tenih u blizini Pule. Otoci su do po\u010detka 80-tih bili zatvoreni za javnost jer su slu\u017eili kao rezidencija tada\u0161njem predsjedniku J. B. ...\" \/>\n<meta property=\"og:url\" content=\"https:\/\/hedonia.hr\/hr\/np-brijuni-i-gurmanski-dozivljaj-istre\/\" \/>\n<meta property=\"og:site_name\" content=\"Hedonia\" \/>\n<meta property=\"article:modified_time\" content=\"2020-12-04T16:36:14+00:00\" \/>\n<meta property=\"og:image\" content=\"https:\/\/hedonia.hr\/wp-content\/uploads\/2020\/09\/photo-1568987563406-34cbfe9186f81-300x300.jpg\" \/>\n<meta name=\"twitter:card\" content=\"summary_large_image\" \/>\n<meta name=\"twitter:label1\" content=\"Procijenjeno vrijeme \u010ditanja\" \/>\n\t<meta name=\"twitter:data1\" content=\"4 minute\" \/>\n<script type=\"application\/ld+json\" class=\"yoast-schema-graph\">{\"@context\":\"https:\/\/schema.org\",\"@graph\":[{\"@type\":\"WebPage\",\"@id\":\"https:\/\/hedonia.hr\/hr\/np-brijuni-i-gurmanski-dozivljaj-istre\/\",\"url\":\"https:\/\/hedonia.hr\/hr\/np-brijuni-i-gurmanski-dozivljaj-istre\/\",\"name\":\"NP Brijuni i gurmanski do\u017eivljaj Istre - Hedonia\",\"isPartOf\":{\"@id\":\"https:\/\/hedonia.hr\/#website\"},\"primaryImageOfPage\":{\"@id\":\"https:\/\/hedonia.hr\/hr\/np-brijuni-i-gurmanski-dozivljaj-istre\/#primaryimage\"},\"image\":{\"@id\":\"https:\/\/hedonia.hr\/hr\/np-brijuni-i-gurmanski-dozivljaj-istre\/#primaryimage\"},\"thumbnailUrl\":\"https:\/\/hedonia.hr\/wp-content\/uploads\/2020\/09\/photo-1568987563406-34cbfe9186f81-300x300.jpg\",\"datePublished\":\"2020-09-18T06:23:47+00:00\",\"dateModified\":\"2020-12-04T16:36:14+00:00\",\"breadcrumb\":{\"@id\":\"https:\/\/hedonia.hr\/hr\/np-brijuni-i-gurmanski-dozivljaj-istre\/#breadcrumb\"},\"inLanguage\":\"hr\",\"potentialAction\":[{\"@type\":\"ReadAction\",\"target\":[\"https:\/\/hedonia.hr\/hr\/np-brijuni-i-gurmanski-dozivljaj-istre\/\"]}]},{\"@type\":\"ImageObject\",\"inLanguage\":\"hr\",\"@id\":\"https:\/\/hedonia.hr\/hr\/np-brijuni-i-gurmanski-dozivljaj-istre\/#primaryimage\",\"url\":\"https:\/\/hedonia.hr\/wp-content\/uploads\/2020\/09\/photo-1568987563406-34cbfe9186f81-300x300.jpg\",\"contentUrl\":\"https:\/\/hedonia.hr\/wp-content\/uploads\/2020\/09\/photo-1568987563406-34cbfe9186f81-300x300.jpg\"},{\"@type\":\"BreadcrumbList\",\"@id\":\"https:\/\/hedonia.hr\/hr\/np-brijuni-i-gurmanski-dozivljaj-istre\/#breadcrumb\",\"itemListElement\":[{\"@type\":\"ListItem\",\"position\":1,\"name\":\"Home\",\"item\":\"https:\/\/hedonia.hr\/hr\/\"},{\"@type\":\"ListItem\",\"position\":2,\"name\":\"NP Brijuni i gurmanski do\u017eivljaj Istre\"}]},{\"@type\":\"WebSite\",\"@id\":\"https:\/\/hedonia.hr\/#website\",\"url\":\"https:\/\/hedonia.hr\/\",\"name\":\"Hedonia\",\"description\":\"Hedonia experience\",\"potentialAction\":[{\"@type\":\"SearchAction\",\"target\":{\"@type\":\"EntryPoint\",\"urlTemplate\":\"https:\/\/hedonia.hr\/?s={search_term_string}\"},\"query-input\":{\"@type\":\"PropertyValueSpecification\",\"valueRequired\":true,\"valueName\":\"search_term_string\"}}],\"inLanguage\":\"hr\"}]}<\/script>\n<!-- \/ Yoast SEO plugin. -->","yoast_head_json":{"title":"NP Brijuni i gurmanski do\u017eivljaj Istre - Hedonia","robots":{"index":"index","follow":"follow","max-snippet":"max-snippet:-1","max-image-preview":"max-image-preview:large","max-video-preview":"max-video-preview:-1"},"canonical":"https:\/\/hedonia.hr\/hr\/np-brijuni-i-gurmanski-dozivljaj-istre\/","og_locale":"hr_HR","og_type":"article","og_title":"NP Brijuni i gurmanski do\u017eivljaj Istre - Hedonia","og_description":"Previous Next NP Brijuni i gurmanski do\u017eivljaj Istarske kuhinje &#8211; jednodnevni izlet Brijunsko oto\u010dje izuzetan je spoj prirodnih vrijednosti i kulturno-povijesne ba\u0161tine. Brijuni u svom arhipelagu imaju dva velika i dvanaest malih oto\u010di\u0107a smje\u0161tenih u blizini Pule. Otoci su do po\u010detka 80-tih bili zatvoreni za javnost jer su slu\u017eili kao rezidencija tada\u0161njem predsjedniku J. B. ...","og_url":"https:\/\/hedonia.hr\/hr\/np-brijuni-i-gurmanski-dozivljaj-istre\/","og_site_name":"Hedonia","article_modified_time":"2020-12-04T16:36:14+00:00","og_image":[{"url":"https:\/\/hedonia.hr\/wp-content\/uploads\/2020\/09\/photo-1568987563406-34cbfe9186f81-300x300.jpg"}],"twitter_card":"summary_large_image","twitter_misc":{"Procijenjeno vrijeme \u010ditanja":"4 minute"},"schema":{"@context":"https:\/\/schema.org","@graph":[{"@type":"WebPage","@id":"https:\/\/hedonia.hr\/hr\/np-brijuni-i-gurmanski-dozivljaj-istre\/","url":"https:\/\/hedonia.hr\/hr\/np-brijuni-i-gurmanski-dozivljaj-istre\/","name":"NP Brijuni i gurmanski do\u017eivljaj Istre - Hedonia","isPartOf":{"@id":"https:\/\/hedonia.hr\/#website"},"primaryImageOfPage":{"@id":"https:\/\/hedonia.hr\/hr\/np-brijuni-i-gurmanski-dozivljaj-istre\/#primaryimage"},"image":{"@id":"https:\/\/hedonia.hr\/hr\/np-brijuni-i-gurmanski-dozivljaj-istre\/#primaryimage"},"thumbnailUrl":"https:\/\/hedonia.hr\/wp-content\/uploads\/2020\/09\/photo-1568987563406-34cbfe9186f81-300x300.jpg","datePublished":"2020-09-18T06:23:47+00:00","dateModified":"2020-12-04T16:36:14+00:00","breadcrumb":{"@id":"https:\/\/hedonia.hr\/hr\/np-brijuni-i-gurmanski-dozivljaj-istre\/#breadcrumb"},"inLanguage":"hr","potentialAction":[{"@type":"ReadAction","target":["https:\/\/hedonia.hr\/hr\/np-brijuni-i-gurmanski-dozivljaj-istre\/"]}]},{"@type":"ImageObject","inLanguage":"hr","@id":"https:\/\/hedonia.hr\/hr\/np-brijuni-i-gurmanski-dozivljaj-istre\/#primaryimage","url":"https:\/\/hedonia.hr\/wp-content\/uploads\/2020\/09\/photo-1568987563406-34cbfe9186f81-300x300.jpg","contentUrl":"https:\/\/hedonia.hr\/wp-content\/uploads\/2020\/09\/photo-1568987563406-34cbfe9186f81-300x300.jpg"},{"@type":"BreadcrumbList","@id":"https:\/\/hedonia.hr\/hr\/np-brijuni-i-gurmanski-dozivljaj-istre\/#breadcrumb","itemListElement":[{"@type":"ListItem","position":1,"name":"Home","item":"https:\/\/hedonia.hr\/hr\/"},{"@type":"ListItem","position":2,"name":"NP Brijuni i gurmanski do\u017eivljaj Istre"}]},{"@type":"WebSite","@id":"https:\/\/hedonia.hr\/#website","url":"https:\/\/hedonia.hr\/","name":"Hedonia","description":"Hedonia experience","potentialAction":[{"@type":"SearchAction","target":{"@type":"EntryPoint","urlTemplate":"https:\/\/hedonia.hr\/?s={search_term_string}"},"query-input":{"@type":"PropertyValueSpecification","valueRequired":true,"valueName":"search_term_string"}}],"inLanguage":"hr"}]}},"_links":{"self":[{"href":"https:\/\/hedonia.hr\/hr\/wp-json\/wp\/v2\/pages\/36283"}],"collection":[{"href":"https:\/\/hedonia.hr\/hr\/wp-json\/wp\/v2\/pages"}],"about":[{"href":"https:\/\/hedonia.hr\/hr\/wp-json\/wp\/v2\/types\/page"}],"author":[{"embeddable":true,"href":"https:\/\/hedonia.hr\/hr\/wp-json\/wp\/v2\/users\/1"}],"replies":[{"embeddable":true,"href":"https:\/\/hedonia.hr\/hr\/wp-json\/wp\/v2\/comments?post=36283"}],"version-history":[{"count":11,"href":"https:\/\/hedonia.hr\/hr\/wp-json\/wp\/v2\/pages\/36283\/revisions"}],"predecessor-version":[{"id":37231,"href":"https:\/\/hedonia.hr\/hr\/wp-json\/wp\/v2\/pages\/36283\/revisions\/37231"}],"wp:attachment":[{"href":"https:\/\/hedonia.hr\/hr\/wp-json\/wp\/v2\/media?parent=36283"}],"curies":[{"name":"wp","href":"https:\/\/api.w.org\/{rel}","templated":true}]}}