{"id":36295,"date":"2020-09-18T06:56:08","date_gmt":"2020-09-18T06:56:08","guid":{"rendered":"https:\/\/hedonia.hr\/?page_id=36295"},"modified":"2020-12-04T16:38:21","modified_gmt":"2020-12-04T16:38:21","slug":"u-potrazi-za-istarskim-tartufom-jednodnevni-izlet","status":"publish","type":"page","link":"https:\/\/hedonia.hr\/hr\/u-potrazi-za-istarskim-tartufom-jednodnevni-izlet\/","title":{"rendered":"U potrazi za Istarskim tartufom- jednodnevni izlet"},"content":{"rendered":"\t\t<div data-elementor-type=\"wp-page\" data-elementor-id=\"36295\" class=\"elementor elementor-36295\" data-elementor-post-type=\"page\">\n\t\t\t\t\t\t<section class=\"elementor-section elementor-top-section elementor-element elementor-element-b3adce8 elementor-section-stretched elementor-section-full_width elementor-section-height-default elementor-section-height-default\" data-id=\"b3adce8\" data-element_type=\"section\" data-settings=\"{&quot;stretch_section&quot;:&quot;section-stretched&quot;}\">\n\t\t\t\t\t\t<div class=\"elementor-container elementor-column-gap-no\">\n\t\t\t\t\t<div class=\"elementor-column elementor-col-100 elementor-top-column elementor-element elementor-element-58b749f\" data-id=\"58b749f\" data-element_type=\"column\">\n\t\t\t<div class=\"elementor-widget-wrap elementor-element-populated\">\n\t\t\t\t\t\t<div class=\"elementor-element elementor-element-efb5f4c elementor--h-position-center elementor--v-position-middle elementor-arrows-position-inside elementor-pagination-position-inside elementor-widget elementor-widget-slides\" data-id=\"efb5f4c\" data-element_type=\"widget\" data-settings=\"{&quot;navigation&quot;:&quot;both&quot;,&quot;autoplay&quot;:&quot;yes&quot;,&quot;pause_on_hover&quot;:&quot;yes&quot;,&quot;pause_on_interaction&quot;:&quot;yes&quot;,&quot;autoplay_speed&quot;:5000,&quot;infinite&quot;:&quot;yes&quot;,&quot;transition&quot;:&quot;slide&quot;,&quot;transition_speed&quot;:500}\" data-widget_type=\"slides.default\">\n\t\t\t\t<div class=\"elementor-widget-container\">\n\t\t\t\t\t<div class=\"elementor-swiper\">\n\t\t\t<div class=\"elementor-slides-wrapper elementor-main-swiper swiper\" dir=\"ltr\" data-animation=\"fadeInUp\">\n\t\t\t\t<div class=\"swiper-wrapper elementor-slides\">\n\t\t\t\t\t\t\t\t\t\t<div class=\"elementor-repeater-item-a02d414 swiper-slide\"><div class=\"swiper-slide-bg\" role=\"img\"><\/div><div class=\"elementor-background-overlay\"><\/div><div class=\"swiper-slide-inner\" ><div class=\"swiper-slide-contents\"><\/div><\/div><\/div>\t\t\t\t<\/div>\n\t\t\t\t\t\t\t<\/div>\n\t\t<\/div>\n\t\t\t\t<\/div>\n\t\t\t\t<\/div>\n\t\t\t\t\t<\/div>\n\t\t<\/div>\n\t\t\t\t\t<\/div>\n\t\t<\/section>\n\t\t\t\t<section class=\"elementor-section elementor-top-section elementor-element elementor-element-2fe566ed elementor-section-content-middle elementor-section-boxed elementor-section-height-default elementor-section-height-default\" data-id=\"2fe566ed\" data-element_type=\"section\">\n\t\t\t\t\t\t<div class=\"elementor-container elementor-column-gap-default\">\n\t\t\t\t\t<div class=\"elementor-column elementor-col-100 elementor-top-column elementor-element elementor-element-756af6fe\" data-id=\"756af6fe\" data-element_type=\"column\">\n\t\t\t<div class=\"elementor-widget-wrap elementor-element-populated\">\n\t\t\t\t\t\t<div class=\"elementor-element elementor-element-fb79277 elementor-widget elementor-widget-heading\" data-id=\"fb79277\" data-element_type=\"widget\" data-widget_type=\"heading.default\">\n\t\t\t\t<div class=\"elementor-widget-container\">\n\t\t\t<h1 class=\"elementor-heading-title elementor-size-default\">U potrazi za Istarskim tartufom- jednodnevni izlet <\/h1>\t\t<\/div>\n\t\t\t\t<\/div>\n\t\t\t\t<div class=\"elementor-element elementor-element-800612e elementor-widget elementor-widget-heading\" data-id=\"800612e\" data-element_type=\"widget\" data-widget_type=\"heading.default\">\n\t\t\t\t<div class=\"elementor-widget-container\">\n\t\t\t<h3 class=\"elementor-heading-title elementor-size-default\">Gurmanska avantura sjeverne Istre<\/h3>\t\t<\/div>\n\t\t\t\t<\/div>\n\t\t\t\t<div class=\"elementor-element elementor-element-7cb861f elementor-widget elementor-widget-text-editor\" data-id=\"7cb861f\" data-element_type=\"widget\" data-widget_type=\"text-editor.default\">\n\t\t\t\t<div class=\"elementor-widget-container\">\n\t\t\t\t\t\t\t<p>Pri\u010da o tartufima zanimljiva je u svakom pogledu: njihova lokacija, psi &#8211; lovci na tartufe i naravno odli\u010dan\u00a0 okus.<\/p><p>\u00a0<\/p><p><b>Aktivnosti:\u00a0<\/b><\/p><ul><li>u\u017eivat \u0107ete u lovu, pri\u010di i okusu ovog afrodizijaka<\/li><\/ul><ul><li>vo\u0111ena tura Motovun i Gro\u017enjan<\/li><li>gurmansko iskustvo tradicionalne istarske kuhinje<\/li><li>degustacija istarskog vina.<\/li><\/ul><p><b>Trajanje:<\/b> jednodnevni izlet<\/p><p><b>Broj osoba i cijena*:<\/b><\/p><ul><li>velike grupe ( 30 osoba); Cijena na upit<\/li><li>male grupe\u00a0 (7 osoba); Cijena na upit<\/li><\/ul>\t\t\t\t\t\t<\/div>\n\t\t\t\t<\/div>\n\t\t\t\t<div class=\"elementor-element elementor-element-1b15bd4 elementor-widget elementor-widget-text-editor\" data-id=\"1b15bd4\" data-element_type=\"widget\" data-widget_type=\"text-editor.default\">\n\t\t\t\t<div class=\"elementor-widget-container\">\n\t\t\t\t\t\t\t<pre><br \/>*U slu\u010daju manjeg broja putnika agencija ima pravo na promjenu cijene ili otkazivanje putovanja.<br \/>*HEDONIA EXPERIENCE d.o.o. nije u sustavu PDV-a, PDV nije obra\u010dunat temeljem \u010dl. 90 st.1 i st.2 Zakona o PDV-u.<\/pre>\t\t\t\t\t\t<\/div>\n\t\t\t\t<\/div>\n\t\t\t\t\t<\/div>\n\t\t<\/div>\n\t\t\t\t\t<\/div>\n\t\t<\/section>\n\t\t\t\t<section class=\"elementor-section elementor-top-section elementor-element elementor-element-374ee2f elementor-section-boxed elementor-section-height-default elementor-section-height-default\" data-id=\"374ee2f\" data-element_type=\"section\">\n\t\t\t\t\t\t<div class=\"elementor-container elementor-column-gap-default\">\n\t\t\t\t\t<div class=\"elementor-column elementor-col-100 elementor-top-column elementor-element elementor-element-b11dde3\" data-id=\"b11dde3\" data-element_type=\"column\">\n\t\t\t<div class=\"elementor-widget-wrap elementor-element-populated\">\n\t\t\t\t\t\t<div class=\"elementor-element elementor-element-e66306c elementor-arrows-position-inside elementor-pagination-position-outside elementor-widget elementor-widget-image-carousel\" data-id=\"e66306c\" data-element_type=\"widget\" data-settings=\"{&quot;navigation&quot;:&quot;both&quot;,&quot;autoplay&quot;:&quot;yes&quot;,&quot;pause_on_hover&quot;:&quot;yes&quot;,&quot;pause_on_interaction&quot;:&quot;yes&quot;,&quot;autoplay_speed&quot;:5000,&quot;infinite&quot;:&quot;yes&quot;,&quot;speed&quot;:500}\" data-widget_type=\"image-carousel.default\">\n\t\t\t\t<div class=\"elementor-widget-container\">\n\t\t\t\t\t<div class=\"elementor-image-carousel-wrapper swiper\" dir=\"ltr\">\n\t\t\t<div class=\"elementor-image-carousel swiper-wrapper swiper-image-stretch\" aria-live=\"off\">\n\t\t\t\t\t\t\t\t<div class=\"swiper-slide\" role=\"group\" aria-roledescription=\"slide\" aria-label=\"1 of 8\"><figure class=\"swiper-slide-inner\"><img decoding=\"async\" class=\"swiper-slide-image\" src=\"https:\/\/hedonia.hr\/wp-content\/uploads\/2020\/09\/Naslovna1-300x300.jpg\" alt=\"Naslovna(1)\" \/><\/figure><\/div><div class=\"swiper-slide\" role=\"group\" aria-roledescription=\"slide\" aria-label=\"2 of 8\"><figure class=\"swiper-slide-inner\"><img decoding=\"async\" class=\"swiper-slide-image\" src=\"https:\/\/hedonia.hr\/wp-content\/uploads\/2020\/09\/valley241-300x300.jpg\" alt=\"valley2(4)(1)\" \/><\/figure><\/div><div class=\"swiper-slide\" role=\"group\" aria-roledescription=\"slide\" aria-label=\"3 of 8\"><figure class=\"swiper-slide-inner\"><img decoding=\"async\" class=\"swiper-slide-image\" src=\"https:\/\/hedonia.hr\/wp-content\/uploads\/2020\/09\/P10101651-300x300.jpg\" alt=\"P1010165(1)\" \/><\/figure><\/div><div class=\"swiper-slide\" role=\"group\" aria-roledescription=\"slide\" aria-label=\"4 of 8\"><figure class=\"swiper-slide-inner\"><img decoding=\"async\" class=\"swiper-slide-image\" src=\"https:\/\/hedonia.hr\/wp-content\/uploads\/2020\/09\/P10101521-300x300.jpg\" alt=\"P1010152(1)\" \/><\/figure><\/div><div class=\"swiper-slide\" role=\"group\" aria-roledescription=\"slide\" aria-label=\"5 of 8\"><figure class=\"swiper-slide-inner\"><img decoding=\"async\" class=\"swiper-slide-image\" src=\"https:\/\/hedonia.hr\/wp-content\/uploads\/2020\/09\/P101008411-300x300.jpg\" alt=\"P1010084(1)(1)\" \/><\/figure><\/div><div class=\"swiper-slide\" role=\"group\" aria-roledescription=\"slide\" aria-label=\"6 of 8\"><figure class=\"swiper-slide-inner\"><img decoding=\"async\" class=\"swiper-slide-image\" src=\"https:\/\/hedonia.hr\/wp-content\/uploads\/2020\/09\/P10101341-300x300.jpg\" alt=\"P1010134(1)\" \/><\/figure><\/div><div class=\"swiper-slide\" role=\"group\" aria-roledescription=\"slide\" aria-label=\"7 of 8\"><figure class=\"swiper-slide-inner\"><img decoding=\"async\" class=\"swiper-slide-image\" src=\"https:\/\/hedonia.hr\/wp-content\/uploads\/2020\/09\/P10101851-300x300.jpg\" alt=\"P1010185(1)\" \/><\/figure><\/div><div class=\"swiper-slide\" role=\"group\" aria-roledescription=\"slide\" aria-label=\"8 of 8\"><figure class=\"swiper-slide-inner\"><img decoding=\"async\" class=\"swiper-slide-image\" src=\"https:\/\/hedonia.hr\/wp-content\/uploads\/2020\/09\/P10101871-300x300.jpg\" alt=\"P1010187(1)\" \/><\/figure><\/div>\t\t\t<\/div>\n\t\t\t\t\t\t\t\t\t\t\t\t<div class=\"elementor-swiper-button elementor-swiper-button-prev\" role=\"button\" tabindex=\"0\">\n\t\t\t\t\t\t<i aria-hidden=\"true\" class=\"eicon-chevron-left\"><\/i>\t\t\t\t\t<\/div>\n\t\t\t\t\t<div class=\"elementor-swiper-button elementor-swiper-button-next\" role=\"button\" tabindex=\"0\">\n\t\t\t\t\t\t<i aria-hidden=\"true\" class=\"eicon-chevron-right\"><\/i>\t\t\t\t\t<\/div>\n\t\t\t\t\n\t\t\t\t\t\t\t\t\t<div class=\"swiper-pagination\"><\/div>\n\t\t\t\t\t\t\t\t\t<\/div>\n\t\t\t\t<\/div>\n\t\t\t\t<\/div>\n\t\t\t\t<div class=\"elementor-element elementor-element-de8bc0d elementor-widget elementor-widget-text-editor\" data-id=\"de8bc0d\" data-element_type=\"widget\" data-widget_type=\"text-editor.default\">\n\t\t\t\t<div class=\"elementor-widget-container\">\n\t\t\t\t\t\t\t<h1 style=\"text-align: center;\"><b>Plan puta<\/b><\/h1>\t\t\t\t\t\t<\/div>\n\t\t\t\t<\/div>\n\t\t\t\t<div class=\"elementor-element elementor-element-98a7213 elementor-widget elementor-widget-text-editor\" data-id=\"98a7213\" data-element_type=\"widget\" data-widget_type=\"text-editor.default\">\n\t\t\t\t<div class=\"elementor-widget-container\">\n\t\t\t\t\t\t\t<p><b>7:00 sati &#8211;\u00a0 <\/b>Odlazak u Buzet\u00a0 gdje vas o\u010dekuje\u00a0 lov na tartufe<\/p><p>Va\u0161a pri\u010da o tartufima zapo\u010det \u0107e u 10:00 sati u\u017eivanjem u ukusnoj degustaciji s najboljim lovcima na tartufe. Pri\u010da o tartufima nastavit \u0107e se u \u0161umi s obu\u010denim psima i profesionalnim lovcima na tartufe &#8211; i\u0107i \u0107ete u lov na tartufe.\u00a0<\/p><p>\u00a0<\/p><p><b>12:00 sati &#8211;\u00a0 <\/b>Obilazak i \u0161etnja Motovunom &#8211; srednjovjekovni biser<\/p><p>Motovun, mali gradi\u0107 smje\u0161ten na bre\u017euljku u sredi\u0161njoj Istri, po mnogima jedan od najljep\u0161ih i najo\u010duvanijih srednjovjekovnih gradova u Istri i \u0161ire. Tijekom ljetnih mjeseci u Motovunu odr\u017eava se filmski festival.<\/p><p>\u00a0<\/p><p><b>14:00 sati &#8211; <\/b>Ru\u010dak<\/p><p>U obli\u017enjem restoranu o\u010dekuje Vas pravo gastronomsko iskustvo istarske doma\u0107e kuhinje.<\/p><p>\u00a0<\/p><p><b>16:00 sati &#8211; <\/b>U\u017eivat \u0107ete u vo\u0111enoj \u0161etnji Gro\u017enjanom &#8211; gradom umjetnika<\/p><p>Gro\u017enjan je grad umjetnika, okru\u017een zelenim bre\u017euljcima i \u010darobnom bijelom zemljom, obavezno je odredi\u0161te za sve one koji \u017eele otkriti \u010dari Istre. Gro\u017enjan je poznat po \u010destim koncertima klasi\u010dne glazbe, jazz-festivalu, slikarskim manifestacijama i brojnim izlo\u017ebama.<\/p><p>\u00a0<\/p><p>Proizvo\u0111a\u010di vina u Istri prili\u010dno su poznati i upravo zbog toga \u0107emo vas odvesti u jednu od najmodernijih obiteljskih vinarija, ali i jedne od najboljih u svom poslu.\u00a0<\/p><p><br \/><br \/><br \/><\/p><p><b>18:30 sati <\/b>&#8211; Ve\u010dara<\/p><p>Kako \u017eelimo da okusite pravu Istru, nastavit \u0107ete s ve\u010derom u odli\u010dnom restoranu koji priprema samo doma\u0107u hranu.<\/p><p>\u00a0<\/p><p><b>21:00 sati<\/b> &#8211; Na kraju ovog bajkovitog putovanja, slijedi povratak u Zagreb.<\/p><p>\u00a0<\/p><p><b>O\u010dekivano vrijeme dolaska u Zagreb je oko 00:00 sati.<\/b><\/p><p>\u00a0<\/p><p><b>Uklju\u010deno u cijenu:<\/b><\/p><ul><li>licencirani turisti\u010dki vodi\u010d za Motovun i Gro\u017enjan<\/li><li>prijevoz od mjesta polaska do destinacije<\/li><li>tradicionalni ru\u010dak (tri slijeda) i ve\u010dera (tri slijeda) sa \u010da\u0161om vina.<\/li><li>degustacija vina<\/li><li>lov na tartufe i degustacija proizvoda od tartufa<\/li><\/ul><p>\u00a0<\/p><p><b>Cijena ne uklju\u010duje:<\/b><\/p><ul><li>napojnice<\/li><li>hranu i pi\u0107a koja nisu navedena<\/li><li>suveniri<\/li><\/ul><p>\u00a0<\/p><p><b>Izlet nije prikladan za:<\/b><\/p><ul><li>osobe s pote\u0161ko\u0107ama u hodanju i osobe u invalidskim kolicima<\/li><\/ul><p>\u00a0<\/p><p><b>Napomena:<\/b><\/p><ul><li>izlet uklju\u010duje umjerenu koli\u010dinu hodanja sa pojedinim strmim dijelovima\u00a0<\/li><li>preporu\u010duje se udobna obu\u0107a za hodanje<\/li><\/ul>\t\t\t\t\t\t<\/div>\n\t\t\t\t<\/div>\n\t\t\t\t\t<\/div>\n\t\t<\/div>\n\t\t\t\t\t<\/div>\n\t\t<\/section>\n\t\t\t\t<section class=\"elementor-section elementor-top-section elementor-element elementor-element-85123a4 elementor-section-boxed elementor-section-height-default elementor-section-height-default\" data-id=\"85123a4\" data-element_type=\"section\">\n\t\t\t\t\t\t<div class=\"elementor-container elementor-column-gap-default\">\n\t\t\t\t\t<div class=\"elementor-column elementor-col-100 elementor-top-column elementor-element elementor-element-1bcc5b9\" data-id=\"1bcc5b9\" data-element_type=\"column\">\n\t\t\t<div class=\"elementor-widget-wrap elementor-element-populated\">\n\t\t\t\t\t\t<div class=\"elementor-element elementor-element-bb2e7dd elementor-flip-box--effect-flip elementor-flip-box--direction-up elementor-widget elementor-widget-global elementor-global-9737 elementor-widget-flip-box\" data-id=\"bb2e7dd\" data-element_type=\"widget\" data-widget_type=\"flip-box.default\">\n\t\t\t\t<div class=\"elementor-widget-container\">\n\t\t\t\t\t<div class=\"elementor-flip-box\" tabindex=\"0\">\n\t\t\t<div class=\"elementor-flip-box__layer elementor-flip-box__front\">\n\t\t\t\t<div class=\"elementor-flip-box__layer__overlay\">\n\t\t\t\t\t<div class=\"elementor-flip-box__layer__inner\">\n\t\t\t\t\t\t\n\t\t\t\t\t\t\t\t\t\t\t\t\t<h3 class=\"elementor-flip-box__layer__title\">\n\t\t\t\t\t\t\t\tKontaktirajte nas!\t\t\t\t\t\t\t<\/h3>\n\t\t\t\t\t\t\n\t\t\t\t\t\t\t\t\t\t\t\t\t<div class=\"elementor-flip-box__layer__description\">\n\t\t\t\t\t\t\t\tJedan klik ste od kontakta s nama!\t\t\t\t\t\t\t<\/div>\n\t\t\t\t\t\t\t\t\t\t\t<\/div>\n\t\t\t\t<\/div>\n\t\t\t<\/div>\n\t\t\t<div class=\"elementor-flip-box__layer elementor-flip-box__back\">\n\t\t\t<div class=\"elementor-flip-box__layer__overlay\">\n\t\t\t\t<div class=\"elementor-flip-box__layer__inner\">\n\t\t\t\t\t\n\t\t\t\t\t\t\t\t\t\t\t<div class=\"elementor-flip-box__layer__description\">\n\t\t\t\t\t\t\t[wpforms id=\"6858\" title=\"false\" description=\"false\"]\t\t\t\t\t\t<\/div>\n\t\t\t\t\t\n\t\t\t\t\t\t\t\t<\/div>\n\t\t<\/div>\n\t\t<\/div>\n\t\t<\/div>\n\t\t\t\t<\/div>\n\t\t\t\t<\/div>\n\t\t\t\t\t<\/div>\n\t\t<\/div>\n\t\t\t\t\t<\/div>\n\t\t<\/section>\n\t\t\t\t<\/div>\n\t\t","protected":false},"excerpt":{"rendered":"<p>U potrazi za Istarskim tartufom- jednodnevni izlet Gurmanska avantura sjeverne Istre Pri\u010da o tartufima zanimljiva je u svakom pogledu: njihova lokacija, psi &#8211; lovci na tartufe i naravno odli\u010dan\u00a0 okus. \u00a0 Aktivnosti:\u00a0 u\u017eivat \u0107ete u lovu, pri\u010di i okusu ovog afrodizijaka vo\u0111ena tura Motovun i Gro\u017enjan gurmansko iskustvo tradicionalne istarske kuhinje degustacija istarskog vina. Trajanje: &#8230;<\/p>\n","protected":false},"author":1,"featured_media":0,"parent":0,"menu_order":0,"comment_status":"closed","ping_status":"closed","template":"elementor_header_footer","meta":{"footnotes":""},"class_list":["post-36295","page","type-page","status-publish","hentry"],"yoast_head":"<!-- This site is optimized with the Yoast SEO plugin v23.8 - https:\/\/yoast.com\/wordpress\/plugins\/seo\/ -->\n<title>U potrazi za Istarskim tartufom- jednodnevni izlet - Hedonia<\/title>\n<meta name=\"robots\" content=\"index, follow, max-snippet:-1, max-image-preview:large, max-video-preview:-1\" \/>\n<link rel=\"canonical\" href=\"https:\/\/hedonia.hr\/north-istria-gourmet-tour-full-day\/\" \/>\n<meta property=\"og:locale\" content=\"hr_HR\" \/>\n<meta property=\"og:type\" content=\"article\" \/>\n<meta property=\"og:title\" content=\"U potrazi za Istarskim tartufom- jednodnevni izlet - Hedonia\" \/>\n<meta property=\"og:description\" content=\"U potrazi za Istarskim tartufom- jednodnevni izlet Gurmanska avantura sjeverne Istre Pri\u010da o tartufima zanimljiva je u svakom pogledu: njihova lokacija, psi &#8211; lovci na tartufe i naravno odli\u010dan\u00a0 okus. \u00a0 Aktivnosti:\u00a0 u\u017eivat \u0107ete u lovu, pri\u010di i okusu ovog afrodizijaka vo\u0111ena tura Motovun i Gro\u017enjan gurmansko iskustvo tradicionalne istarske kuhinje degustacija istarskog vina. Trajanje: ...\" \/>\n<meta property=\"og:url\" content=\"https:\/\/hedonia.hr\/north-istria-gourmet-tour-full-day\/\" \/>\n<meta property=\"og:site_name\" content=\"Hedonia\" \/>\n<meta property=\"article:modified_time\" content=\"2020-12-04T16:38:21+00:00\" \/>\n<meta property=\"og:image\" content=\"https:\/\/hedonia.hr\/wp-content\/uploads\/2020\/09\/Naslovna1-300x300.jpg\" \/>\n<meta name=\"twitter:card\" content=\"summary_large_image\" \/>\n<meta name=\"twitter:label1\" content=\"Procijenjeno vrijeme \u010ditanja\" \/>\n\t<meta name=\"twitter:data1\" content=\"2 minute\" \/>\n<script type=\"application\/ld+json\" class=\"yoast-schema-graph\">{\"@context\":\"https:\/\/schema.org\",\"@graph\":[{\"@type\":\"WebPage\",\"@id\":\"https:\/\/hedonia.hr\/north-istria-gourmet-tour-full-day\/\",\"url\":\"https:\/\/hedonia.hr\/north-istria-gourmet-tour-full-day\/\",\"name\":\"U potrazi za Istarskim tartufom- jednodnevni izlet - Hedonia\",\"isPartOf\":{\"@id\":\"https:\/\/hedonia.hr\/#website\"},\"primaryImageOfPage\":{\"@id\":\"https:\/\/hedonia.hr\/north-istria-gourmet-tour-full-day\/#primaryimage\"},\"image\":{\"@id\":\"https:\/\/hedonia.hr\/north-istria-gourmet-tour-full-day\/#primaryimage\"},\"thumbnailUrl\":\"https:\/\/hedonia.hr\/wp-content\/uploads\/2020\/09\/Naslovna1-300x300.jpg\",\"datePublished\":\"2020-09-18T06:56:08+00:00\",\"dateModified\":\"2020-12-04T16:38:21+00:00\",\"breadcrumb\":{\"@id\":\"https:\/\/hedonia.hr\/north-istria-gourmet-tour-full-day\/#breadcrumb\"},\"inLanguage\":\"hr\",\"potentialAction\":[{\"@type\":\"ReadAction\",\"target\":[\"https:\/\/hedonia.hr\/north-istria-gourmet-tour-full-day\/\"]}]},{\"@type\":\"ImageObject\",\"inLanguage\":\"hr\",\"@id\":\"https:\/\/hedonia.hr\/north-istria-gourmet-tour-full-day\/#primaryimage\",\"url\":\"https:\/\/hedonia.hr\/wp-content\/uploads\/2020\/09\/Naslovna1-300x300.jpg\",\"contentUrl\":\"https:\/\/hedonia.hr\/wp-content\/uploads\/2020\/09\/Naslovna1-300x300.jpg\"},{\"@type\":\"BreadcrumbList\",\"@id\":\"https:\/\/hedonia.hr\/north-istria-gourmet-tour-full-day\/#breadcrumb\",\"itemListElement\":[{\"@type\":\"ListItem\",\"position\":1,\"name\":\"Home\",\"item\":\"https:\/\/hedonia.hr\/hr\/\"},{\"@type\":\"ListItem\",\"position\":2,\"name\":\"U potrazi za Istarskim tartufom- jednodnevni izlet\"}]},{\"@type\":\"WebSite\",\"@id\":\"https:\/\/hedonia.hr\/#website\",\"url\":\"https:\/\/hedonia.hr\/\",\"name\":\"Hedonia\",\"description\":\"Hedonia experience\",\"potentialAction\":[{\"@type\":\"SearchAction\",\"target\":{\"@type\":\"EntryPoint\",\"urlTemplate\":\"https:\/\/hedonia.hr\/?s={search_term_string}\"},\"query-input\":{\"@type\":\"PropertyValueSpecification\",\"valueRequired\":true,\"valueName\":\"search_term_string\"}}],\"inLanguage\":\"hr\"}]}<\/script>\n<!-- \/ Yoast SEO plugin. -->","yoast_head_json":{"title":"U potrazi za Istarskim tartufom- jednodnevni izlet - Hedonia","robots":{"index":"index","follow":"follow","max-snippet":"max-snippet:-1","max-image-preview":"max-image-preview:large","max-video-preview":"max-video-preview:-1"},"canonical":"https:\/\/hedonia.hr\/north-istria-gourmet-tour-full-day\/","og_locale":"hr_HR","og_type":"article","og_title":"U potrazi za Istarskim tartufom- jednodnevni izlet - Hedonia","og_description":"U potrazi za Istarskim tartufom- jednodnevni izlet Gurmanska avantura sjeverne Istre Pri\u010da o tartufima zanimljiva je u svakom pogledu: njihova lokacija, psi &#8211; lovci na tartufe i naravno odli\u010dan\u00a0 okus. \u00a0 Aktivnosti:\u00a0 u\u017eivat \u0107ete u lovu, pri\u010di i okusu ovog afrodizijaka vo\u0111ena tura Motovun i Gro\u017enjan gurmansko iskustvo tradicionalne istarske kuhinje degustacija istarskog vina. Trajanje: ...","og_url":"https:\/\/hedonia.hr\/north-istria-gourmet-tour-full-day\/","og_site_name":"Hedonia","article_modified_time":"2020-12-04T16:38:21+00:00","og_image":[{"url":"https:\/\/hedonia.hr\/wp-content\/uploads\/2020\/09\/Naslovna1-300x300.jpg"}],"twitter_card":"summary_large_image","twitter_misc":{"Procijenjeno vrijeme \u010ditanja":"2 minute"},"schema":{"@context":"https:\/\/schema.org","@graph":[{"@type":"WebPage","@id":"https:\/\/hedonia.hr\/north-istria-gourmet-tour-full-day\/","url":"https:\/\/hedonia.hr\/north-istria-gourmet-tour-full-day\/","name":"U potrazi za Istarskim tartufom- jednodnevni izlet - Hedonia","isPartOf":{"@id":"https:\/\/hedonia.hr\/#website"},"primaryImageOfPage":{"@id":"https:\/\/hedonia.hr\/north-istria-gourmet-tour-full-day\/#primaryimage"},"image":{"@id":"https:\/\/hedonia.hr\/north-istria-gourmet-tour-full-day\/#primaryimage"},"thumbnailUrl":"https:\/\/hedonia.hr\/wp-content\/uploads\/2020\/09\/Naslovna1-300x300.jpg","datePublished":"2020-09-18T06:56:08+00:00","dateModified":"2020-12-04T16:38:21+00:00","breadcrumb":{"@id":"https:\/\/hedonia.hr\/north-istria-gourmet-tour-full-day\/#breadcrumb"},"inLanguage":"hr","potentialAction":[{"@type":"ReadAction","target":["https:\/\/hedonia.hr\/north-istria-gourmet-tour-full-day\/"]}]},{"@type":"ImageObject","inLanguage":"hr","@id":"https:\/\/hedonia.hr\/north-istria-gourmet-tour-full-day\/#primaryimage","url":"https:\/\/hedonia.hr\/wp-content\/uploads\/2020\/09\/Naslovna1-300x300.jpg","contentUrl":"https:\/\/hedonia.hr\/wp-content\/uploads\/2020\/09\/Naslovna1-300x300.jpg"},{"@type":"BreadcrumbList","@id":"https:\/\/hedonia.hr\/north-istria-gourmet-tour-full-day\/#breadcrumb","itemListElement":[{"@type":"ListItem","position":1,"name":"Home","item":"https:\/\/hedonia.hr\/hr\/"},{"@type":"ListItem","position":2,"name":"U potrazi za Istarskim tartufom- jednodnevni izlet"}]},{"@type":"WebSite","@id":"https:\/\/hedonia.hr\/#website","url":"https:\/\/hedonia.hr\/","name":"Hedonia","description":"Hedonia experience","potentialAction":[{"@type":"SearchAction","target":{"@type":"EntryPoint","urlTemplate":"https:\/\/hedonia.hr\/?s={search_term_string}"},"query-input":{"@type":"PropertyValueSpecification","valueRequired":true,"valueName":"search_term_string"}}],"inLanguage":"hr"}]}},"_links":{"self":[{"href":"https:\/\/hedonia.hr\/hr\/wp-json\/wp\/v2\/pages\/36295"}],"collection":[{"href":"https:\/\/hedonia.hr\/hr\/wp-json\/wp\/v2\/pages"}],"about":[{"href":"https:\/\/hedonia.hr\/hr\/wp-json\/wp\/v2\/types\/page"}],"author":[{"embeddable":true,"href":"https:\/\/hedonia.hr\/hr\/wp-json\/wp\/v2\/users\/1"}],"replies":[{"embeddable":true,"href":"https:\/\/hedonia.hr\/hr\/wp-json\/wp\/v2\/comments?post=36295"}],"version-history":[{"count":14,"href":"https:\/\/hedonia.hr\/hr\/wp-json\/wp\/v2\/pages\/36295\/revisions"}],"predecessor-version":[{"id":37239,"href":"https:\/\/hedonia.hr\/hr\/wp-json\/wp\/v2\/pages\/36295\/revisions\/37239"}],"wp:attachment":[{"href":"https:\/\/hedonia.hr\/hr\/wp-json\/wp\/v2\/media?parent=36295"}],"curies":[{"name":"wp","href":"https:\/\/api.w.org\/{rel}","templated":true}]}}