{"id":36372,"date":"2020-09-19T05:33:11","date_gmt":"2020-09-19T05:33:11","guid":{"rendered":"https:\/\/hedonia.hr\/?page_id=36372"},"modified":"2020-12-04T17:56:35","modified_gmt":"2020-12-04T17:56:35","slug":"baranja-jednodnevni-izlet","status":"publish","type":"page","link":"https:\/\/hedonia.hr\/hr\/baranja-jednodnevni-izlet\/","title":{"rendered":"Baranja \u2013 jednodnevni izlet"},"content":{"rendered":"\t\t<div data-elementor-type=\"wp-page\" data-elementor-id=\"36372\" class=\"elementor elementor-36372\" data-elementor-post-type=\"page\">\n\t\t\t\t\t\t<section class=\"elementor-section elementor-top-section elementor-element elementor-element-2be35451 elementor-section-boxed elementor-section-height-default elementor-section-height-default\" data-id=\"2be35451\" data-element_type=\"section\">\n\t\t\t\t\t\t<div class=\"elementor-container elementor-column-gap-default\">\n\t\t\t\t\t<div class=\"elementor-column elementor-col-100 elementor-top-column elementor-element elementor-element-2420fd15\" data-id=\"2420fd15\" data-element_type=\"column\">\n\t\t\t<div class=\"elementor-widget-wrap elementor-element-populated\">\n\t\t\t\t\t\t<div class=\"elementor-element elementor-element-7d47a7dd elementor-widget elementor-widget-text-editor\" data-id=\"7d47a7dd\" data-element_type=\"widget\" data-widget_type=\"text-editor.default\">\n\t\t\t\t<div class=\"elementor-widget-container\">\n\t\t\t\t\t\t\t<p>Previous<br \/>Next<\/p><h1>Baranja \u2013 jednodnevni izlet<\/h1><h3>Vrhunski vinski i gurmanski u\u017eici u srcu Panonske nizine<\/h3><p>\u00a0<\/p><p>Plodne ravnice i bre\u017euljci ovog kraja privla\u010de civilizacije tisu\u0107ama godina. Tradicija vinarstva na ovim podru\u010djima zapo\u010dinje jo\u0161 u 13. stolje\u0107u. Uz razvoj vinarstva razvila se i slavonska kuhinja pro\u017eeta utjecajima istoka i zapada. Uz bogate doma\u0107e namirnice, rodila se vrhunska gurmanska pri\u010da koju morate probati i vrhunska vina bez kojih gurmanski do\u017eivljaj ove regije ne bi bio potpun.<\/p><p><b>Aktivnosti:<\/b><\/p><ul><li>degustacija vrhunskih vina Baranje<\/li><li>posjet surducima, za\u0161ti\u0107enim vinskim podrumima<\/li><li>degustacija lokalnih suhomesnatih proizvoda\u00a0<\/li><li>upoznavanje sa tradicijom vinarstva ovoga kraja dugom vi\u0161e od pet stolje\u0107a.<\/li><\/ul><p><strong>Trajanje:<\/strong> jednodnevni izlet<\/p><p><strong>Broj osoba i cijena*: <\/strong>30 osoba. Cijena na upit<\/p><pre>*U slu\u010daju manjeg broja putnika agencija ima pravo na promjenu cijene ili otkazivanje putovanja.\n*HEDONIA EXPERIENCE d.o.o. nije u sustavu PDV-a, PDV nije obra\u010dunat temeljem \u010dl. 90 st.1 i st.2 Zakona o PDV-u.\u00a0<\/pre>\t\t\t\t\t\t<\/div>\n\t\t\t\t<\/div>\n\t\t\t\t\t<\/div>\n\t\t<\/div>\n\t\t\t\t\t<\/div>\n\t\t<\/section>\n\t\t\t\t<section class=\"elementor-section elementor-top-section elementor-element elementor-element-b0a164f elementor-section-boxed elementor-section-height-default elementor-section-height-default\" data-id=\"b0a164f\" data-element_type=\"section\">\n\t\t\t\t\t\t<div class=\"elementor-container elementor-column-gap-default\">\n\t\t\t\t\t<div class=\"elementor-column elementor-col-100 elementor-top-column elementor-element elementor-element-a01f290\" data-id=\"a01f290\" data-element_type=\"column\">\n\t\t\t<div class=\"elementor-widget-wrap elementor-element-populated\">\n\t\t\t\t\t\t<div class=\"elementor-element elementor-element-02a5c3b elementor-arrows-position-inside elementor-pagination-position-outside elementor-widget elementor-widget-image-carousel\" data-id=\"02a5c3b\" data-element_type=\"widget\" data-settings=\"{&quot;navigation&quot;:&quot;both&quot;,&quot;autoplay&quot;:&quot;yes&quot;,&quot;pause_on_hover&quot;:&quot;yes&quot;,&quot;pause_on_interaction&quot;:&quot;yes&quot;,&quot;autoplay_speed&quot;:5000,&quot;infinite&quot;:&quot;yes&quot;,&quot;speed&quot;:500}\" data-widget_type=\"image-carousel.default\">\n\t\t\t\t<div class=\"elementor-widget-container\">\n\t\t\t\t\t<div class=\"elementor-image-carousel-wrapper swiper\" dir=\"ltr\">\n\t\t\t<div class=\"elementor-image-carousel swiper-wrapper\" aria-live=\"off\">\n\t\t\t\t\t\t\t\t<div class=\"swiper-slide\" role=\"group\" aria-roledescription=\"slide\" aria-label=\"1 of 2\"><figure class=\"swiper-slide-inner\"><img decoding=\"async\" class=\"swiper-slide-image\" src=\"https:\/\/hedonia.hr\/wp-content\/uploads\/2020\/09\/snejina-nikolova-8Lp5FuyYUeg-unsplash1-150x150.jpg\" alt=\"snejina-nikolova-8Lp5FuyYUeg-unsplash(1)\" \/><\/figure><\/div><div class=\"swiper-slide\" role=\"group\" aria-roledescription=\"slide\" aria-label=\"2 of 2\"><figure class=\"swiper-slide-inner\"><img decoding=\"async\" class=\"swiper-slide-image\" src=\"https:\/\/hedonia.hr\/wp-content\/uploads\/2019\/11\/6cdd6774-ed6a-4f40-b9c9-70828fa117f8-150x150.jpg\" alt=\"6cdd6774-ed6a-4f40-b9c9-70828fa117f8\" \/><\/figure><\/div>\t\t\t<\/div>\n\t\t\t\t\t\t\t\t\t\t\t\t<div class=\"elementor-swiper-button elementor-swiper-button-prev\" role=\"button\" tabindex=\"0\">\n\t\t\t\t\t\t<i aria-hidden=\"true\" class=\"eicon-chevron-left\"><\/i>\t\t\t\t\t<\/div>\n\t\t\t\t\t<div class=\"elementor-swiper-button elementor-swiper-button-next\" role=\"button\" tabindex=\"0\">\n\t\t\t\t\t\t<i aria-hidden=\"true\" class=\"eicon-chevron-right\"><\/i>\t\t\t\t\t<\/div>\n\t\t\t\t\n\t\t\t\t\t\t\t\t\t<div class=\"swiper-pagination\"><\/div>\n\t\t\t\t\t\t\t\t\t<\/div>\n\t\t\t\t<\/div>\n\t\t\t\t<\/div>\n\t\t\t\t\t<\/div>\n\t\t<\/div>\n\t\t\t\t\t<\/div>\n\t\t<\/section>\n\t\t\t\t<section class=\"elementor-section elementor-top-section elementor-element elementor-element-9839616 elementor-section-boxed elementor-section-height-default elementor-section-height-default\" data-id=\"9839616\" data-element_type=\"section\">\n\t\t\t\t\t\t<div class=\"elementor-container elementor-column-gap-default\">\n\t\t\t\t\t<div class=\"elementor-column elementor-col-100 elementor-top-column elementor-element elementor-element-6b4d3f9\" data-id=\"6b4d3f9\" data-element_type=\"column\">\n\t\t\t<div class=\"elementor-widget-wrap elementor-element-populated\">\n\t\t\t\t\t\t<div class=\"elementor-element elementor-element-fc39541 elementor-widget elementor-widget-text-editor\" data-id=\"fc39541\" data-element_type=\"widget\" data-widget_type=\"text-editor.default\">\n\t\t\t\t<div class=\"elementor-widget-container\">\n\t\t\t\t\t\t\t<h1 style=\"font-family: Montserrat, monts; text-align: center;\">Plan puta<\/h1><p><span style=\"font-weight: bold;\">7:00 sati<\/span>\u00a0\u2013 Polazak iz Zagreba<\/p><p><span style=\"font-weight: bold;\">10:30 sati<\/span>\u00a0\u2013 Dolazak u\u00a0 jedan od najstarijih i daleko najljep\u0161ih vinskih podruma ovog kraja \u2013 Stari podrum Belje. Posjetit \u0107ete obli\u017enji Vidikovac,\u00a0okru\u017een milijunima \u010dokota vinove loze, mjesto za predah i u\u017eivanje u pogledu na nepregledne hektare vinograda, pejza\u017ee hrvatskoga Podunavlja i grad Osijek.<\/p><p>Pravo mjesto za upoznavanje\u00a0njihovih\u00a0najboljih vina\u00a0upravo je Stari podrum.\u00a0Ukopan u brijeg jo\u0161 prije pet stolje\u0107a,\u00a0ovo fantasti\u010dno zdanje iza svojih te\u0161kih vrata skriva tri eta\u017ee duga\u010dkih hodnika ispunjenih ba\u010dvama od najboljeg slavonskog hrasta.<\/p><p>\u017delite li okuse Baranje ponijeti ku\u0107i, u bogatoj ponudi vinoteke i suvenirnice nalazi se velik izbor vina i baranjskih suhomesnatih delikatese te brojni drugi baranjski suveniri.<\/p><p><span style=\"font-weight: bold;\">12:30\u00a0<\/span>\u2013<span style=\"font-weight: bold;\">\u00a013:30 sati\u00a0<\/span>&#8211; Zatim kre\u0107ete do jednog obiteljskog poljoprivrednog gospodarstva gdje \u0107ete vidjeti njihovu proizvodnju pravog doma\u0107eg baranjskog kulena i suhomesnatih proizvoda uz ku\u0161anje odli\u010dnog vina i rakije.<\/p><p><span style=\"font-weight: bold;\">14:00 sati\u00a0<\/span>\u2013 Slijedi odlazak u Batinu, mjesto najljep\u0161eg pogleda \u201dgdje Dunav ljubi nebo\u201d, koji \u0107e vas, sigurni smo, ostaviti bez daha. Smje\u0161tena uz Dunav, nudi pogled na Ma\u0111arsku i Vojvodinu, a tu \u0107ete vidjeti i spomenik Batinskoj bitci, najve\u0107oj bitci u Drugom svjetskom ratu.<\/p><p><span style=\"font-weight: bold;\">14:30 do 16:30 sati<\/span>\u00a0\u2013 Nastavljate va\u0161u eno-gastronomsku avanturu \u2013\u00a0\u00a0<span style=\"font-weight: bold;\">vrijeme je za ru\u010dak.<\/span><\/p><p>U restoranu poznate vinarije do\u010dekat \u0107e vas\u00a0tradicionalni\u00a0baranjski ru\u010dak\u00a0na kojemu \u0107ete imati priliku sljubljivati njihova vina s gurmanskim delicijama ovoga kraja.\u00a0U njihovom vinskom podrumu zasigurno se mo\u017ee do\u017eivjeti stotinama godina stara pri\u010da o baranjskim surducima.\u00a0Njihova vina\u00a0dosada su okrunjena brojnim zlatnim medaljama za kvalitetu te vi\u0161estrukim nagradama za dizajn.<\/p><p>Poslije ru\u010dka odlazimo za Zagreb. O\u010dekivani dolazak u ve\u010dernjim satima.<\/p><p><span style=\"font-weight: bold;\">Uklju\u010deno u cijenu:<\/span><\/p><ul><li>turisti\u010dki pratitelj i vodi\u010d<\/li><li>prijevoz od mjesta polaska do destinacije<\/li><li>posjet vinskom podrumu<\/li><li>degustacija vina, baranjskog kulena i doma\u0107ih rakija<\/li><li>tradicionalni ru\u010dak (\u010detiri slijeda) s \u010da\u0161om vina uz svaki slijed.<\/li><\/ul><p><span style=\"font-weight: bold;\">Cijena ne uklju\u010duje:<\/span><\/p><ul><li>napojnice<\/li><li>hranu i pi\u0107a koja nisu navedena<\/li><li>suveniri<\/li><\/ul><p>Izlet nije prikladan za mla\u0111e od 18 godina<\/p><h3 style=\"font-family: Montserrat, monts;\">Kontaktirajte nas!<\/h3><p>Jedan klik ste od kontakta s nama!<br \/>[wpforms id=&#8221;6858&#8243; title=&#8221;false&#8221; description=&#8221;false&#8221;]<\/p>\t\t\t\t\t\t<\/div>\n\t\t\t\t<\/div>\n\t\t\t\t\t<\/div>\n\t\t<\/div>\n\t\t\t\t\t<\/div>\n\t\t<\/section>\n\t\t\t\t<\/div>\n\t\t","protected":false},"excerpt":{"rendered":"<p>PreviousNext Baranja \u2013 jednodnevni izlet Vrhunski vinski i gurmanski u\u017eici u srcu Panonske nizine \u00a0 Plodne ravnice i bre\u017euljci ovog kraja privla\u010de civilizacije tisu\u0107ama godina. Tradicija vinarstva na ovim podru\u010djima zapo\u010dinje jo\u0161 u 13. stolje\u0107u. Uz razvoj vinarstva razvila se i slavonska kuhinja pro\u017eeta utjecajima istoka i zapada. Uz bogate doma\u0107e namirnice, rodila se vrhunska &#8230;<\/p>\n","protected":false},"author":1,"featured_media":0,"parent":0,"menu_order":0,"comment_status":"closed","ping_status":"closed","template":"elementor_header_footer","meta":{"footnotes":""},"class_list":["post-36372","page","type-page","status-publish","hentry"],"yoast_head":"<!-- This site is optimized with the Yoast SEO plugin v23.8 - https:\/\/yoast.com\/wordpress\/plugins\/seo\/ -->\n<title>Baranja \u2013 jednodnevni izlet - Hedonia<\/title>\n<meta name=\"robots\" content=\"index, follow, max-snippet:-1, max-image-preview:large, max-video-preview:-1\" \/>\n<link rel=\"canonical\" href=\"https:\/\/hedonia.hr\/baranja-a-wine-gourmet-day-trip\/\" \/>\n<meta property=\"og:locale\" content=\"hr_HR\" \/>\n<meta property=\"og:type\" content=\"article\" \/>\n<meta property=\"og:title\" content=\"Vodimo vas na jednodnevni izlet u BARANJU gdje vas o\u010dekuju vrhunski vinski i gurmanski u\u017eici\" \/>\n<meta property=\"og:description\" content=\"PreviousNext Baranja \u2013 jednodnevni izlet Vrhunski vinski i gurmanski u\u017eici u srcu Panonske nizine \u00a0 Plodne ravnice i bre\u017euljci ovog kraja privla\u010de civilizacije tisu\u0107ama godina. Tradicija vinarstva na ovim podru\u010djima zapo\u010dinje jo\u0161 u 13. stolje\u0107u. Uz razvoj vinarstva razvila se i slavonska kuhinja pro\u017eeta utjecajima istoka i zapada. Uz bogate doma\u0107e namirnice, rodila se vrhunska ...\" \/>\n<meta property=\"og:url\" content=\"https:\/\/hedonia.hr\/baranja-a-wine-gourmet-day-trip\/\" \/>\n<meta property=\"og:site_name\" content=\"Hedonia\" \/>\n<meta property=\"article:modified_time\" content=\"2020-12-04T17:56:35+00:00\" \/>\n<meta property=\"og:image\" content=\"https:\/\/hedonia.hr\/wp-content\/uploads\/2020\/10\/Baranja-najava-izleta.jpg\" \/>\n\t<meta property=\"og:image:width\" content=\"940\" \/>\n\t<meta property=\"og:image:height\" content=\"788\" \/>\n\t<meta property=\"og:image:type\" content=\"image\/jpeg\" \/>\n<meta name=\"twitter:card\" content=\"summary_large_image\" \/>\n<meta name=\"twitter:label1\" content=\"Procijenjeno vrijeme \u010ditanja\" \/>\n\t<meta name=\"twitter:data1\" content=\"3 minute\" \/>\n<script type=\"application\/ld+json\" class=\"yoast-schema-graph\">{\"@context\":\"https:\/\/schema.org\",\"@graph\":[{\"@type\":\"WebPage\",\"@id\":\"https:\/\/hedonia.hr\/baranja-a-wine-gourmet-day-trip\/\",\"url\":\"https:\/\/hedonia.hr\/baranja-a-wine-gourmet-day-trip\/\",\"name\":\"Baranja \u2013 jednodnevni izlet - Hedonia\",\"isPartOf\":{\"@id\":\"https:\/\/hedonia.hr\/#website\"},\"primaryImageOfPage\":{\"@id\":\"https:\/\/hedonia.hr\/baranja-a-wine-gourmet-day-trip\/#primaryimage\"},\"image\":{\"@id\":\"https:\/\/hedonia.hr\/baranja-a-wine-gourmet-day-trip\/#primaryimage\"},\"thumbnailUrl\":\"https:\/\/hedonia.hr\/wp-content\/uploads\/2020\/09\/snejina-nikolova-8Lp5FuyYUeg-unsplash1-150x150.jpg\",\"datePublished\":\"2020-09-19T05:33:11+00:00\",\"dateModified\":\"2020-12-04T17:56:35+00:00\",\"breadcrumb\":{\"@id\":\"https:\/\/hedonia.hr\/baranja-a-wine-gourmet-day-trip\/#breadcrumb\"},\"inLanguage\":\"hr\",\"potentialAction\":[{\"@type\":\"ReadAction\",\"target\":[\"https:\/\/hedonia.hr\/baranja-a-wine-gourmet-day-trip\/\"]}]},{\"@type\":\"ImageObject\",\"inLanguage\":\"hr\",\"@id\":\"https:\/\/hedonia.hr\/baranja-a-wine-gourmet-day-trip\/#primaryimage\",\"url\":\"https:\/\/hedonia.hr\/wp-content\/uploads\/2020\/09\/snejina-nikolova-8Lp5FuyYUeg-unsplash1-150x150.jpg\",\"contentUrl\":\"https:\/\/hedonia.hr\/wp-content\/uploads\/2020\/09\/snejina-nikolova-8Lp5FuyYUeg-unsplash1-150x150.jpg\"},{\"@type\":\"BreadcrumbList\",\"@id\":\"https:\/\/hedonia.hr\/baranja-a-wine-gourmet-day-trip\/#breadcrumb\",\"itemListElement\":[{\"@type\":\"ListItem\",\"position\":1,\"name\":\"Home\",\"item\":\"https:\/\/hedonia.hr\/hr\/\"},{\"@type\":\"ListItem\",\"position\":2,\"name\":\"Baranja \u2013 jednodnevni izlet\"}]},{\"@type\":\"WebSite\",\"@id\":\"https:\/\/hedonia.hr\/#website\",\"url\":\"https:\/\/hedonia.hr\/\",\"name\":\"Hedonia\",\"description\":\"Hedonia experience\",\"potentialAction\":[{\"@type\":\"SearchAction\",\"target\":{\"@type\":\"EntryPoint\",\"urlTemplate\":\"https:\/\/hedonia.hr\/?s={search_term_string}\"},\"query-input\":{\"@type\":\"PropertyValueSpecification\",\"valueRequired\":true,\"valueName\":\"search_term_string\"}}],\"inLanguage\":\"hr\"}]}<\/script>\n<!-- \/ Yoast SEO plugin. -->","yoast_head_json":{"title":"Baranja \u2013 jednodnevni izlet - Hedonia","robots":{"index":"index","follow":"follow","max-snippet":"max-snippet:-1","max-image-preview":"max-image-preview:large","max-video-preview":"max-video-preview:-1"},"canonical":"https:\/\/hedonia.hr\/baranja-a-wine-gourmet-day-trip\/","og_locale":"hr_HR","og_type":"article","og_title":"Vodimo vas na jednodnevni izlet u BARANJU gdje vas o\u010dekuju vrhunski vinski i gurmanski u\u017eici","og_description":"PreviousNext Baranja \u2013 jednodnevni izlet Vrhunski vinski i gurmanski u\u017eici u srcu Panonske nizine \u00a0 Plodne ravnice i bre\u017euljci ovog kraja privla\u010de civilizacije tisu\u0107ama godina. Tradicija vinarstva na ovim podru\u010djima zapo\u010dinje jo\u0161 u 13. stolje\u0107u. Uz razvoj vinarstva razvila se i slavonska kuhinja pro\u017eeta utjecajima istoka i zapada. Uz bogate doma\u0107e namirnice, rodila se vrhunska ...","og_url":"https:\/\/hedonia.hr\/baranja-a-wine-gourmet-day-trip\/","og_site_name":"Hedonia","article_modified_time":"2020-12-04T17:56:35+00:00","og_image":[{"width":940,"height":788,"url":"https:\/\/hedonia.hr\/wp-content\/uploads\/2020\/10\/Baranja-najava-izleta.jpg","type":"image\/jpeg"}],"twitter_card":"summary_large_image","twitter_misc":{"Procijenjeno vrijeme \u010ditanja":"3 minute"},"schema":{"@context":"https:\/\/schema.org","@graph":[{"@type":"WebPage","@id":"https:\/\/hedonia.hr\/baranja-a-wine-gourmet-day-trip\/","url":"https:\/\/hedonia.hr\/baranja-a-wine-gourmet-day-trip\/","name":"Baranja \u2013 jednodnevni izlet - Hedonia","isPartOf":{"@id":"https:\/\/hedonia.hr\/#website"},"primaryImageOfPage":{"@id":"https:\/\/hedonia.hr\/baranja-a-wine-gourmet-day-trip\/#primaryimage"},"image":{"@id":"https:\/\/hedonia.hr\/baranja-a-wine-gourmet-day-trip\/#primaryimage"},"thumbnailUrl":"https:\/\/hedonia.hr\/wp-content\/uploads\/2020\/09\/snejina-nikolova-8Lp5FuyYUeg-unsplash1-150x150.jpg","datePublished":"2020-09-19T05:33:11+00:00","dateModified":"2020-12-04T17:56:35+00:00","breadcrumb":{"@id":"https:\/\/hedonia.hr\/baranja-a-wine-gourmet-day-trip\/#breadcrumb"},"inLanguage":"hr","potentialAction":[{"@type":"ReadAction","target":["https:\/\/hedonia.hr\/baranja-a-wine-gourmet-day-trip\/"]}]},{"@type":"ImageObject","inLanguage":"hr","@id":"https:\/\/hedonia.hr\/baranja-a-wine-gourmet-day-trip\/#primaryimage","url":"https:\/\/hedonia.hr\/wp-content\/uploads\/2020\/09\/snejina-nikolova-8Lp5FuyYUeg-unsplash1-150x150.jpg","contentUrl":"https:\/\/hedonia.hr\/wp-content\/uploads\/2020\/09\/snejina-nikolova-8Lp5FuyYUeg-unsplash1-150x150.jpg"},{"@type":"BreadcrumbList","@id":"https:\/\/hedonia.hr\/baranja-a-wine-gourmet-day-trip\/#breadcrumb","itemListElement":[{"@type":"ListItem","position":1,"name":"Home","item":"https:\/\/hedonia.hr\/hr\/"},{"@type":"ListItem","position":2,"name":"Baranja \u2013 jednodnevni izlet"}]},{"@type":"WebSite","@id":"https:\/\/hedonia.hr\/#website","url":"https:\/\/hedonia.hr\/","name":"Hedonia","description":"Hedonia experience","potentialAction":[{"@type":"SearchAction","target":{"@type":"EntryPoint","urlTemplate":"https:\/\/hedonia.hr\/?s={search_term_string}"},"query-input":{"@type":"PropertyValueSpecification","valueRequired":true,"valueName":"search_term_string"}}],"inLanguage":"hr"}]}},"_links":{"self":[{"href":"https:\/\/hedonia.hr\/hr\/wp-json\/wp\/v2\/pages\/36372"}],"collection":[{"href":"https:\/\/hedonia.hr\/hr\/wp-json\/wp\/v2\/pages"}],"about":[{"href":"https:\/\/hedonia.hr\/hr\/wp-json\/wp\/v2\/types\/page"}],"author":[{"embeddable":true,"href":"https:\/\/hedonia.hr\/hr\/wp-json\/wp\/v2\/users\/1"}],"replies":[{"embeddable":true,"href":"https:\/\/hedonia.hr\/hr\/wp-json\/wp\/v2\/comments?post=36372"}],"version-history":[{"count":29,"href":"https:\/\/hedonia.hr\/hr\/wp-json\/wp\/v2\/pages\/36372\/revisions"}],"predecessor-version":[{"id":37335,"href":"https:\/\/hedonia.hr\/hr\/wp-json\/wp\/v2\/pages\/36372\/revisions\/37335"}],"wp:attachment":[{"href":"https:\/\/hedonia.hr\/hr\/wp-json\/wp\/v2\/media?parent=36372"}],"curies":[{"name":"wp","href":"https:\/\/api.w.org\/{rel}","templated":true}]}}