{"id":36442,"date":"2020-09-22T07:03:16","date_gmt":"2020-09-22T07:03:16","guid":{"rendered":"https:\/\/hedonia.hr\/?page_id=36442"},"modified":"2020-12-04T16:18:36","modified_gmt":"2020-12-04T16:18:36","slug":"daruvarske-pivske-price","status":"publish","type":"page","link":"https:\/\/hedonia.hr\/hr\/daruvarske-pivske-price\/","title":{"rendered":"Daruvarske pivske pri\u010de"},"content":{"rendered":"\t\t<div data-elementor-type=\"wp-page\" data-elementor-id=\"36442\" class=\"elementor elementor-36442\" data-elementor-post-type=\"page\">\n\t\t\t\t\t\t<section class=\"elementor-section elementor-top-section elementor-element elementor-element-b3adce8 elementor-section-stretched elementor-section-full_width elementor-section-height-default elementor-section-height-default\" data-id=\"b3adce8\" data-element_type=\"section\" data-settings=\"{&quot;stretch_section&quot;:&quot;section-stretched&quot;}\">\n\t\t\t\t\t\t<div class=\"elementor-container elementor-column-gap-no\">\n\t\t\t\t\t<div class=\"elementor-column elementor-col-100 elementor-top-column elementor-element elementor-element-58b749f\" data-id=\"58b749f\" data-element_type=\"column\">\n\t\t\t<div class=\"elementor-widget-wrap elementor-element-populated\">\n\t\t\t\t\t\t<div class=\"elementor-element elementor-element-efb5f4c elementor--h-position-center elementor--v-position-middle elementor-arrows-position-inside elementor-pagination-position-inside elementor-widget elementor-widget-slides\" data-id=\"efb5f4c\" data-element_type=\"widget\" data-settings=\"{&quot;navigation&quot;:&quot;both&quot;,&quot;autoplay&quot;:&quot;yes&quot;,&quot;pause_on_hover&quot;:&quot;yes&quot;,&quot;pause_on_interaction&quot;:&quot;yes&quot;,&quot;autoplay_speed&quot;:5000,&quot;infinite&quot;:&quot;yes&quot;,&quot;transition&quot;:&quot;slide&quot;,&quot;transition_speed&quot;:500}\" data-widget_type=\"slides.default\">\n\t\t\t\t<div class=\"elementor-widget-container\">\n\t\t\t\t\t<div class=\"elementor-swiper\">\n\t\t\t<div class=\"elementor-slides-wrapper elementor-main-swiper swiper\" dir=\"ltr\" data-animation=\"fadeInUp\">\n\t\t\t\t<div class=\"swiper-wrapper elementor-slides\">\n\t\t\t\t\t\t\t\t\t\t<div class=\"elementor-repeater-item-a02d414 swiper-slide\"><div class=\"swiper-slide-bg\" role=\"img\"><\/div><div class=\"elementor-background-overlay\"><\/div><div class=\"swiper-slide-inner\" ><div class=\"swiper-slide-contents\"><\/div><\/div><\/div>\t\t\t\t<\/div>\n\t\t\t\t\t\t\t<\/div>\n\t\t<\/div>\n\t\t\t\t<\/div>\n\t\t\t\t<\/div>\n\t\t\t\t\t<\/div>\n\t\t<\/div>\n\t\t\t\t\t<\/div>\n\t\t<\/section>\n\t\t\t\t<section class=\"elementor-section elementor-top-section elementor-element elementor-element-2fe566ed elementor-section-content-middle elementor-section-boxed elementor-section-height-default elementor-section-height-default\" data-id=\"2fe566ed\" data-element_type=\"section\">\n\t\t\t\t\t\t<div class=\"elementor-container elementor-column-gap-default\">\n\t\t\t\t\t<div class=\"elementor-column elementor-col-100 elementor-top-column elementor-element elementor-element-756af6fe\" data-id=\"756af6fe\" data-element_type=\"column\">\n\t\t\t<div class=\"elementor-widget-wrap elementor-element-populated\">\n\t\t\t\t\t\t<div class=\"elementor-element elementor-element-fb79277 elementor-widget elementor-widget-heading\" data-id=\"fb79277\" data-element_type=\"widget\" data-widget_type=\"heading.default\">\n\t\t\t\t<div class=\"elementor-widget-container\">\n\t\t\t<h2 class=\"elementor-heading-title elementor-size-default\"> DARUVARSKE PIVSKE PRI\u010cE<\/h2>\t\t<\/div>\n\t\t\t\t<\/div>\n\t\t\t\t<div class=\"elementor-element elementor-element-7cb861f elementor-widget elementor-widget-text-editor\" data-id=\"7cb861f\" data-element_type=\"widget\" data-widget_type=\"text-editor.default\">\n\t\t\t\t<div class=\"elementor-widget-container\">\n\t\t\t\t\t\t\t<p id=\"docs-internal-guid-00c15e29-7fff-a612-f521-fa4a7eb6c67e\" dir=\"ltr\" style=\"line-height: 1.38; margin-top: 0pt; margin-bottom: 0pt;\"><span style=\"font-size: 11pt; font-family: Arial; color: #000000; background-color: transparent; font-weight: bold; font-style: normal; font-variant: normal; text-decoration: none; vertical-align: baseline; white-space: pre-wrap;\">Aktivnosti:<\/span><\/p><ul style=\"margin-top: 0; margin-bottom: 0;\"><li dir=\"ltr\" style=\"list-style-type: disc; font-size: 11pt; font-family: Arial; color: #000000; background-color: transparent; font-weight: 400; font-style: normal; font-variant: normal; text-decoration: none; vertical-align: baseline; white-space: pre; margin-left: 36pt;\"><p dir=\"ltr\" style=\"line-height: 1.38; margin-top: 0pt; margin-bottom: 0pt;\" role=\"presentation\"><span style=\"font-size: 11pt; font-family: Arial; color: #000000; background-color: transparent; font-style: normal; font-variant: normal; text-decoration: none; vertical-align: baseline; white-space: pre-wrap;\">saznat \u0107ete pone\u0161to o povijesti proizvodnje piva u Daruvaru<\/span><\/p><\/li><li dir=\"ltr\" style=\"list-style-type: disc; font-size: 11pt; font-family: Arial; color: #000000; background-color: transparent; font-weight: 400; font-style: normal; font-variant: normal; text-decoration: none; vertical-align: baseline; white-space: pre; margin-left: 36pt;\"><p dir=\"ltr\" style=\"line-height: 1.38; margin-top: 0pt; margin-bottom: 0pt;\" role=\"presentation\"><span style=\"font-size: 11pt; font-family: Arial; color: #000000; background-color: transparent; font-style: normal; font-variant: normal; text-decoration: none; vertical-align: baseline; white-space: pre-wrap;\">upoznat \u0107ete se sa raznim stilovima piva i imati priliku degustuirati ih<\/span><\/p><\/li><li dir=\"ltr\" style=\"list-style-type: disc; font-size: 11pt; font-family: Arial; color: #000000; background-color: transparent; font-weight: 400; font-style: normal; font-variant: normal; text-decoration: none; vertical-align: baseline; white-space: pre; margin-left: 36pt;\"><p dir=\"ltr\" style=\"line-height: 1.38; margin-top: 0pt; margin-bottom: 0pt;\" role=\"presentation\"><span style=\"font-size: 11pt; font-family: Arial; color: #000000; background-color: transparent; font-style: normal; font-variant: normal; text-decoration: none; vertical-align: baseline; white-space: pre-wrap;\">nau\u010dit \u0107ete kako poslu\u017eiti i ku\u0161ati pivo te kako sljubiti pivo i hranu<\/span><\/p><\/li><li dir=\"ltr\" style=\"list-style-type: disc; font-size: 11pt; font-family: Arial; color: #000000; background-color: transparent; font-weight: 400; font-style: normal; font-variant: normal; text-decoration: none; vertical-align: baseline; white-space: pre; margin-left: 36pt;\"><p dir=\"ltr\" style=\"line-height: 1.38; margin-top: 0pt; margin-bottom: 0pt;\" role=\"presentation\"><span style=\"font-size: 11pt; font-family: Arial; color: #000000; background-color: transparent; font-style: normal; font-variant: normal; text-decoration: none; vertical-align: baseline; white-space: pre-wrap;\">usvojit \u0107ete puno novih znanja, dobro se zabaviti i nadamo se ponovno vratiti u Daruvar.<\/span><\/p><\/li><\/ul><p dir=\"ltr\">\u00a0<\/p><p dir=\"ltr\" style=\"line-height: 1.38; margin-top: 0pt; margin-bottom: 0pt;\"><span style=\"font-size: 11pt; font-family: Arial; color: #000000; background-color: transparent; font-weight: 400; font-style: normal; font-variant: normal; text-decoration: none; vertical-align: baseline; white-space: pre-wrap;\"><strong>Trajanje<\/strong>: jednodnevni izlet<\/span><\/p><p dir=\"ltr\" style=\"line-height: 1.38; margin-top: 0pt; margin-bottom: 0pt;\"><span style=\"font-size: 11pt; font-family: Arial; color: #000000; background-color: transparent; font-weight: 400; font-style: normal; font-variant: normal; text-decoration: none; vertical-align: baseline; white-space: pre-wrap;\">Polasci petkom i subotom<\/span><\/p><p dir=\"ltr\">\u00a0<\/p><p dir=\"ltr\" style=\"line-height: 1.38; margin-top: 0pt; margin-bottom: 0pt;\"><strong><span style=\"font-size: 11pt; font-family: Arial; color: #000000; background-color: transparent; font-style: normal; font-variant: normal; text-decoration: none; vertical-align: baseline; white-space: pre-wrap;\">Broj osoba i cijena*:<\/span><\/strong><\/p><ul style=\"margin-top: 0; margin-bottom: 0;\"><li dir=\"ltr\" style=\"list-style-type: disc; font-size: 11pt; font-family: Arial; color: #000000; background-color: transparent; font-weight: 400; font-style: normal; font-variant: normal; text-decoration: none; vertical-align: baseline; white-space: pre;\"><p dir=\"ltr\" style=\"line-height: 1.38; margin-top: 0pt; margin-bottom: 0pt;\" role=\"presentation\"><span style=\"font-size: 11pt; font-family: Arial; color: #000000; background-color: transparent; font-weight: 400; font-style: normal; font-variant: normal; text-decoration: none; vertical-align: baseline; white-space: pre-wrap;\">velike grupe ( 20 osoba); Cijena na upit<\/span><\/p><\/li><li dir=\"ltr\" style=\"list-style-type: disc; font-size: 11pt; font-family: Arial; color: #000000; background-color: transparent; font-weight: 400; font-style: normal; font-variant: normal; text-decoration: none; vertical-align: baseline; white-space: pre;\"><p dir=\"ltr\" style=\"line-height: 1.38; margin-top: 0pt; margin-bottom: 0pt;\" role=\"presentation\"><span style=\"font-size: 11pt; font-family: Arial; color: #000000; background-color: transparent; font-weight: 400; font-style: normal; font-variant: normal; text-decoration: none; vertical-align: baseline; white-space: pre-wrap;\">male grupe\u00a0 (7 osoba); Cijena na upit<\/span><\/p><\/li><\/ul><div><span style=\"color: #000000; font-family: Arial;\"><span style=\"font-size: 14.6667px; white-space: pre-wrap;\">\u00a0<\/span><\/span><\/div>\t\t\t\t\t\t<\/div>\n\t\t\t\t<\/div>\n\t\t\t\t<div class=\"elementor-element elementor-element-1b15bd4 elementor-widget elementor-widget-text-editor\" data-id=\"1b15bd4\" data-element_type=\"widget\" data-widget_type=\"text-editor.default\">\n\t\t\t\t<div class=\"elementor-widget-container\">\n\t\t\t\t\t\t\t<pre><br \/><span style=\"color: #999999;\">*U slu\u010daju manjeg broja putnika agencija ima pravo na promjenu cijene ili otkazivanje putovanja<\/span><br \/><span style=\"color: #999999;\">*HEDONIA EXPERIENCE d.o.o. nije u sustavu PDV-a, PDV nije obra\u010dunat temeljem \u010dl. 90 st.1 i <br \/>st.2 Zakona o PDV-u. <\/span><\/pre>\t\t\t\t\t\t<\/div>\n\t\t\t\t<\/div>\n\t\t\t\t\t<\/div>\n\t\t<\/div>\n\t\t\t\t\t<\/div>\n\t\t<\/section>\n\t\t\t\t<section class=\"elementor-section elementor-top-section elementor-element elementor-element-374ee2f elementor-section-boxed elementor-section-height-default elementor-section-height-default\" data-id=\"374ee2f\" data-element_type=\"section\">\n\t\t\t\t\t\t<div class=\"elementor-container elementor-column-gap-default\">\n\t\t\t\t\t<div class=\"elementor-column elementor-col-100 elementor-top-column elementor-element elementor-element-b11dde3\" data-id=\"b11dde3\" data-element_type=\"column\">\n\t\t\t<div class=\"elementor-widget-wrap elementor-element-populated\">\n\t\t\t\t\t\t<div class=\"elementor-element elementor-element-e66306c elementor-arrows-position-inside elementor-pagination-position-outside elementor-widget elementor-widget-image-carousel\" data-id=\"e66306c\" data-element_type=\"widget\" data-settings=\"{&quot;navigation&quot;:&quot;both&quot;,&quot;autoplay&quot;:&quot;yes&quot;,&quot;pause_on_hover&quot;:&quot;yes&quot;,&quot;pause_on_interaction&quot;:&quot;yes&quot;,&quot;autoplay_speed&quot;:5000,&quot;infinite&quot;:&quot;yes&quot;,&quot;speed&quot;:500}\" data-widget_type=\"image-carousel.default\">\n\t\t\t\t<div class=\"elementor-widget-container\">\n\t\t\t\t\t<div class=\"elementor-image-carousel-wrapper swiper\" dir=\"ltr\">\n\t\t\t<div class=\"elementor-image-carousel swiper-wrapper swiper-image-stretch\" aria-live=\"off\">\n\t\t\t\t\t\t\t\t<div class=\"swiper-slide\" role=\"group\" aria-roledescription=\"slide\" aria-label=\"1 of 4\"><figure class=\"swiper-slide-inner\"><img decoding=\"async\" class=\"swiper-slide-image\" src=\"https:\/\/hedonia.hr\/wp-content\/uploads\/2020\/09\/Beerlist_promo-1411-1-300x300.jpg\" alt=\"Beerlist_promo (14)(1)(1)\" \/><\/figure><\/div><div class=\"swiper-slide\" role=\"group\" aria-roledescription=\"slide\" aria-label=\"2 of 4\"><figure class=\"swiper-slide-inner\"><img decoding=\"async\" class=\"swiper-slide-image\" src=\"https:\/\/hedonia.hr\/wp-content\/uploads\/2020\/09\/Beerlist_promo-151-1-300x300.jpg\" alt=\"Beerlist_promo (15)(1)\" \/><\/figure><\/div><div class=\"swiper-slide\" role=\"group\" aria-roledescription=\"slide\" aria-label=\"3 of 4\"><figure class=\"swiper-slide-inner\"><img decoding=\"async\" class=\"swiper-slide-image\" src=\"https:\/\/hedonia.hr\/wp-content\/uploads\/2020\/09\/Beerlist_promo-101-1-300x300.jpg\" alt=\"Beerlist_promo (10)(1)\" \/><\/figure><\/div><div class=\"swiper-slide\" role=\"group\" aria-roledescription=\"slide\" aria-label=\"4 of 4\"><figure class=\"swiper-slide-inner\"><img decoding=\"async\" class=\"swiper-slide-image\" src=\"https:\/\/hedonia.hr\/wp-content\/uploads\/2020\/09\/Beerlist_promo-21-1-300x300.jpg\" alt=\"Beerlist_promo (2)(1)\" \/><\/figure><\/div>\t\t\t<\/div>\n\t\t\t\t\t\t\t\t\t\t\t\t<div class=\"elementor-swiper-button elementor-swiper-button-prev\" role=\"button\" tabindex=\"0\">\n\t\t\t\t\t\t<i aria-hidden=\"true\" class=\"eicon-chevron-left\"><\/i>\t\t\t\t\t<\/div>\n\t\t\t\t\t<div class=\"elementor-swiper-button elementor-swiper-button-next\" role=\"button\" tabindex=\"0\">\n\t\t\t\t\t\t<i aria-hidden=\"true\" class=\"eicon-chevron-right\"><\/i>\t\t\t\t\t<\/div>\n\t\t\t\t\n\t\t\t\t\t\t\t\t\t<div class=\"swiper-pagination\"><\/div>\n\t\t\t\t\t\t\t\t\t<\/div>\n\t\t\t\t<\/div>\n\t\t\t\t<\/div>\n\t\t\t\t<div class=\"elementor-element elementor-element-de8bc0d elementor-widget elementor-widget-text-editor\" data-id=\"de8bc0d\" data-element_type=\"widget\" data-widget_type=\"text-editor.default\">\n\t\t\t\t<div class=\"elementor-widget-container\">\n\t\t\t\t\t\t\t<h1 style=\"text-align: center;\"><b>Plan puta<\/b><\/h1>\t\t\t\t\t\t<\/div>\n\t\t\t\t<\/div>\n\t\t\t\t<div class=\"elementor-element elementor-element-98a7213 elementor-widget elementor-widget-text-editor\" data-id=\"98a7213\" data-element_type=\"widget\" data-widget_type=\"text-editor.default\">\n\t\t\t\t<div class=\"elementor-widget-container\">\n\t\t\t\t\t\t\t<h1><b>Plan puta<\/b><\/h1><p><b>8:00 sati<\/b> \u2013 Polazak iz Zagreba<\/p><p>\u00a0<\/p><p><b>10:00-12:30 sati <\/b>&#8211; <b>PILSNER PRI\u010cA<\/b><\/p><p>Obilazak Pivovare Daruvar, jedne od najzna\u010dajnijih simbola Daruvara i njegove bogate tradicije. Pri dolasku, po\u010dastit \u0107ete se doma\u0107im pivskim pecivom, a nakon pozdrava doma\u0107ina, upoznat \u0107ete se\u00a0 s povije\u0161\u0107u i procesom te tehnologijom proizvodnje piva u Daruvaru. Ku\u0161at \u0107ete Staro\u010de\u0161ko pivo iz fermentora u samoj pivovari (svijetlo, crveno i\/ili bock), a nakon ku\u0161anja sa sobom \u0107ete ponijeti poklon paket (tri Staro\u010de\u0161ka piva i \u010da\u0161u).<\/p><p>\u00a0<\/p><p><b>13:00\u00a0 sati<\/b> &#8211; Ru\u010dak<\/p><p>Nakon posjeta pivovari, slijedi ru\u010dak u restoranu Terasa (jedan od 100 najboljih restorana u Hrvatskoj), gdje \u0107ete u\u017eivati u originalnom pivskom ru\u010dku.<\/p><p><b>15:00 sati<\/b> &#8211; Kre\u0107ete u obilazak Daruvara uz pratnju turisti\u010dkog vodi\u010da.\u00a0<\/p><p>Posjetit \u0107ete i Dvorac grofa Jankovi\u0107a, uz zajedni\u010dko fotografiranje ispred dvorca-pored najstarijeg stabla Ginka u Hrvatskoj.<\/p><p><b>16:30 sati<\/b> &#8211;<b> LAGER PRI\u010cA<\/b><\/p><p>Nakon \u0161etnje, slijedi odlazak u pivovaru gdje \u0107e vas s linijom craft piva <b>5thElement<\/b> upoznati majstor pivar Kre\u0161o Mari\u0107, a nakon toga slijedi pri\u010da o sljubljivanju pet razli\u010ditih stilova craft piva i pet razli\u010ditih vrsta sireva sirane Biogal. Prije odlaska, zasladit \u0107ete se s \u010dokoladnom tortom daruvarske pekarnice Imako, a po pristupa\u010dnim cijenama mo\u0107i \u0107ete kupiti suvenire i pivo kako biste u njima u\u017eivali i kada se vratite ku\u0107i.<\/p><p><b>Oko 18:30\/19:00 sati <\/b>polazak za Zagreb<\/p><p>\u00a0<\/p><p><b>Uklju\u010deno u cijenu:<\/b><\/p><ul><li>pratitelj puta i licencirani turisti\u010dki vodi\u010d za Daruvar<\/li><li>prijevoz od mjesta polaska do destinacije<\/li><li>tradicionalni ru\u010dak (tri slijeda) sa \u010da\u0161om pive<\/li><li>degustacija sira i pive<\/li><li>poklon paket (tri staro\u010de\u0161ke pive i \u010da\u0161a)<\/li><\/ul><p>\u00a0\u00a0<\/p><p><b>Cijena ne uklju\u010duje:<\/b><\/p><ul><li>napojnice<\/li><li>hranu i pi\u0107a koja nisu navedena<\/li><\/ul><p>\u00a0<\/p><p><b>Tura nije prikladna za djecu<\/b><\/p>\t\t\t\t\t\t<\/div>\n\t\t\t\t<\/div>\n\t\t\t\t\t<\/div>\n\t\t<\/div>\n\t\t\t\t\t<\/div>\n\t\t<\/section>\n\t\t\t\t<section class=\"elementor-section elementor-top-section elementor-element elementor-element-85123a4 elementor-section-boxed elementor-section-height-default elementor-section-height-default\" data-id=\"85123a4\" data-element_type=\"section\">\n\t\t\t\t\t\t<div class=\"elementor-container elementor-column-gap-default\">\n\t\t\t\t\t<div class=\"elementor-column elementor-col-100 elementor-top-column elementor-element elementor-element-1bcc5b9\" data-id=\"1bcc5b9\" data-element_type=\"column\">\n\t\t\t<div class=\"elementor-widget-wrap elementor-element-populated\">\n\t\t\t\t\t\t<div class=\"elementor-element elementor-element-bb2e7dd elementor-flip-box--effect-flip elementor-flip-box--direction-up elementor-widget elementor-widget-global elementor-global-9737 elementor-widget-flip-box\" data-id=\"bb2e7dd\" data-element_type=\"widget\" data-widget_type=\"flip-box.default\">\n\t\t\t\t<div class=\"elementor-widget-container\">\n\t\t\t\t\t<div class=\"elementor-flip-box\" tabindex=\"0\">\n\t\t\t<div class=\"elementor-flip-box__layer elementor-flip-box__front\">\n\t\t\t\t<div class=\"elementor-flip-box__layer__overlay\">\n\t\t\t\t\t<div class=\"elementor-flip-box__layer__inner\">\n\t\t\t\t\t\t\n\t\t\t\t\t\t\t\t\t\t\t\t\t<h3 class=\"elementor-flip-box__layer__title\">\n\t\t\t\t\t\t\t\tKontaktirajte nas!\t\t\t\t\t\t\t<\/h3>\n\t\t\t\t\t\t\n\t\t\t\t\t\t\t\t\t\t\t\t\t<div class=\"elementor-flip-box__layer__description\">\n\t\t\t\t\t\t\t\tJedan klik ste od kontakta s nama!\t\t\t\t\t\t\t<\/div>\n\t\t\t\t\t\t\t\t\t\t\t<\/div>\n\t\t\t\t<\/div>\n\t\t\t<\/div>\n\t\t\t<div class=\"elementor-flip-box__layer elementor-flip-box__back\">\n\t\t\t<div class=\"elementor-flip-box__layer__overlay\">\n\t\t\t\t<div class=\"elementor-flip-box__layer__inner\">\n\t\t\t\t\t\n\t\t\t\t\t\t\t\t\t\t\t<div class=\"elementor-flip-box__layer__description\">\n\t\t\t\t\t\t\t[wpforms id=\"6858\" title=\"false\" description=\"false\"]\t\t\t\t\t\t<\/div>\n\t\t\t\t\t\n\t\t\t\t\t\t\t\t<\/div>\n\t\t<\/div>\n\t\t<\/div>\n\t\t<\/div>\n\t\t\t\t<\/div>\n\t\t\t\t<\/div>\n\t\t\t\t\t<\/div>\n\t\t<\/div>\n\t\t\t\t\t<\/div>\n\t\t<\/section>\n\t\t\t\t<\/div>\n\t\t","protected":false},"excerpt":{"rendered":"<p>DARUVARSKE PIVSKE PRI\u010cE Aktivnosti: saznat \u0107ete pone\u0161to o povijesti proizvodnje piva u Daruvaru upoznat \u0107ete se sa raznim stilovima piva i imati priliku degustuirati ih nau\u010dit \u0107ete kako poslu\u017eiti i ku\u0161ati pivo te kako sljubiti pivo i hranu usvojit \u0107ete puno novih znanja, dobro se zabaviti i nadamo se ponovno vratiti u Daruvar. \u00a0 Trajanje: &#8230;<\/p>\n","protected":false},"author":1,"featured_media":0,"parent":0,"menu_order":0,"comment_status":"closed","ping_status":"closed","template":"elementor_header_footer","meta":{"footnotes":""},"class_list":["post-36442","page","type-page","status-publish","hentry"],"yoast_head":"<!-- This site is optimized with the Yoast SEO plugin v23.8 - https:\/\/yoast.com\/wordpress\/plugins\/seo\/ -->\n<title>Daruvarske pivske pri\u010de - Hedonia<\/title>\n<meta name=\"robots\" content=\"index, follow, max-snippet:-1, max-image-preview:large, max-video-preview:-1\" \/>\n<link rel=\"canonical\" href=\"https:\/\/hedonia.hr\/daruvar-beer-stories\/\" \/>\n<meta property=\"og:locale\" content=\"hr_HR\" \/>\n<meta property=\"og:type\" content=\"article\" \/>\n<meta property=\"og:title\" content=\"Daruvarske pivske pri\u010de - Hedonia\" \/>\n<meta property=\"og:description\" content=\"DARUVARSKE PIVSKE PRI\u010cE Aktivnosti: saznat \u0107ete pone\u0161to o povijesti proizvodnje piva u Daruvaru upoznat \u0107ete se sa raznim stilovima piva i imati priliku degustuirati ih nau\u010dit \u0107ete kako poslu\u017eiti i ku\u0161ati pivo te kako sljubiti pivo i hranu usvojit \u0107ete puno novih znanja, dobro se zabaviti i nadamo se ponovno vratiti u Daruvar. \u00a0 Trajanje: ...\" \/>\n<meta property=\"og:url\" content=\"https:\/\/hedonia.hr\/daruvar-beer-stories\/\" \/>\n<meta property=\"og:site_name\" content=\"Hedonia\" \/>\n<meta property=\"article:modified_time\" content=\"2020-12-04T16:18:36+00:00\" \/>\n<meta property=\"og:image\" content=\"https:\/\/hedonia.hr\/wp-content\/uploads\/2020\/09\/Beerlist_promo-1411-1-300x300.jpg\" \/>\n<meta name=\"twitter:card\" content=\"summary_large_image\" \/>\n<meta name=\"twitter:label1\" content=\"Procijenjeno vrijeme \u010ditanja\" \/>\n\t<meta name=\"twitter:data1\" content=\"2 minute\" \/>\n<script type=\"application\/ld+json\" class=\"yoast-schema-graph\">{\"@context\":\"https:\/\/schema.org\",\"@graph\":[{\"@type\":\"WebPage\",\"@id\":\"https:\/\/hedonia.hr\/daruvar-beer-stories\/\",\"url\":\"https:\/\/hedonia.hr\/daruvar-beer-stories\/\",\"name\":\"Daruvarske pivske pri\u010de - Hedonia\",\"isPartOf\":{\"@id\":\"https:\/\/hedonia.hr\/#website\"},\"primaryImageOfPage\":{\"@id\":\"https:\/\/hedonia.hr\/daruvar-beer-stories\/#primaryimage\"},\"image\":{\"@id\":\"https:\/\/hedonia.hr\/daruvar-beer-stories\/#primaryimage\"},\"thumbnailUrl\":\"https:\/\/hedonia.hr\/wp-content\/uploads\/2020\/09\/Beerlist_promo-1411-1-300x300.jpg\",\"datePublished\":\"2020-09-22T07:03:16+00:00\",\"dateModified\":\"2020-12-04T16:18:36+00:00\",\"breadcrumb\":{\"@id\":\"https:\/\/hedonia.hr\/daruvar-beer-stories\/#breadcrumb\"},\"inLanguage\":\"hr\",\"potentialAction\":[{\"@type\":\"ReadAction\",\"target\":[\"https:\/\/hedonia.hr\/daruvar-beer-stories\/\"]}]},{\"@type\":\"ImageObject\",\"inLanguage\":\"hr\",\"@id\":\"https:\/\/hedonia.hr\/daruvar-beer-stories\/#primaryimage\",\"url\":\"https:\/\/hedonia.hr\/wp-content\/uploads\/2020\/09\/Beerlist_promo-1411-1-300x300.jpg\",\"contentUrl\":\"https:\/\/hedonia.hr\/wp-content\/uploads\/2020\/09\/Beerlist_promo-1411-1-300x300.jpg\"},{\"@type\":\"BreadcrumbList\",\"@id\":\"https:\/\/hedonia.hr\/daruvar-beer-stories\/#breadcrumb\",\"itemListElement\":[{\"@type\":\"ListItem\",\"position\":1,\"name\":\"Home\",\"item\":\"https:\/\/hedonia.hr\/hr\/\"},{\"@type\":\"ListItem\",\"position\":2,\"name\":\"Daruvarske pivske pri\u010de\"}]},{\"@type\":\"WebSite\",\"@id\":\"https:\/\/hedonia.hr\/#website\",\"url\":\"https:\/\/hedonia.hr\/\",\"name\":\"Hedonia\",\"description\":\"Hedonia experience\",\"potentialAction\":[{\"@type\":\"SearchAction\",\"target\":{\"@type\":\"EntryPoint\",\"urlTemplate\":\"https:\/\/hedonia.hr\/?s={search_term_string}\"},\"query-input\":{\"@type\":\"PropertyValueSpecification\",\"valueRequired\":true,\"valueName\":\"search_term_string\"}}],\"inLanguage\":\"hr\"}]}<\/script>\n<!-- \/ Yoast SEO plugin. -->","yoast_head_json":{"title":"Daruvarske pivske pri\u010de - Hedonia","robots":{"index":"index","follow":"follow","max-snippet":"max-snippet:-1","max-image-preview":"max-image-preview:large","max-video-preview":"max-video-preview:-1"},"canonical":"https:\/\/hedonia.hr\/daruvar-beer-stories\/","og_locale":"hr_HR","og_type":"article","og_title":"Daruvarske pivske pri\u010de - Hedonia","og_description":"DARUVARSKE PIVSKE PRI\u010cE Aktivnosti: saznat \u0107ete pone\u0161to o povijesti proizvodnje piva u Daruvaru upoznat \u0107ete se sa raznim stilovima piva i imati priliku degustuirati ih nau\u010dit \u0107ete kako poslu\u017eiti i ku\u0161ati pivo te kako sljubiti pivo i hranu usvojit \u0107ete puno novih znanja, dobro se zabaviti i nadamo se ponovno vratiti u Daruvar. \u00a0 Trajanje: ...","og_url":"https:\/\/hedonia.hr\/daruvar-beer-stories\/","og_site_name":"Hedonia","article_modified_time":"2020-12-04T16:18:36+00:00","og_image":[{"url":"https:\/\/hedonia.hr\/wp-content\/uploads\/2020\/09\/Beerlist_promo-1411-1-300x300.jpg"}],"twitter_card":"summary_large_image","twitter_misc":{"Procijenjeno vrijeme \u010ditanja":"2 minute"},"schema":{"@context":"https:\/\/schema.org","@graph":[{"@type":"WebPage","@id":"https:\/\/hedonia.hr\/daruvar-beer-stories\/","url":"https:\/\/hedonia.hr\/daruvar-beer-stories\/","name":"Daruvarske pivske pri\u010de - Hedonia","isPartOf":{"@id":"https:\/\/hedonia.hr\/#website"},"primaryImageOfPage":{"@id":"https:\/\/hedonia.hr\/daruvar-beer-stories\/#primaryimage"},"image":{"@id":"https:\/\/hedonia.hr\/daruvar-beer-stories\/#primaryimage"},"thumbnailUrl":"https:\/\/hedonia.hr\/wp-content\/uploads\/2020\/09\/Beerlist_promo-1411-1-300x300.jpg","datePublished":"2020-09-22T07:03:16+00:00","dateModified":"2020-12-04T16:18:36+00:00","breadcrumb":{"@id":"https:\/\/hedonia.hr\/daruvar-beer-stories\/#breadcrumb"},"inLanguage":"hr","potentialAction":[{"@type":"ReadAction","target":["https:\/\/hedonia.hr\/daruvar-beer-stories\/"]}]},{"@type":"ImageObject","inLanguage":"hr","@id":"https:\/\/hedonia.hr\/daruvar-beer-stories\/#primaryimage","url":"https:\/\/hedonia.hr\/wp-content\/uploads\/2020\/09\/Beerlist_promo-1411-1-300x300.jpg","contentUrl":"https:\/\/hedonia.hr\/wp-content\/uploads\/2020\/09\/Beerlist_promo-1411-1-300x300.jpg"},{"@type":"BreadcrumbList","@id":"https:\/\/hedonia.hr\/daruvar-beer-stories\/#breadcrumb","itemListElement":[{"@type":"ListItem","position":1,"name":"Home","item":"https:\/\/hedonia.hr\/hr\/"},{"@type":"ListItem","position":2,"name":"Daruvarske pivske pri\u010de"}]},{"@type":"WebSite","@id":"https:\/\/hedonia.hr\/#website","url":"https:\/\/hedonia.hr\/","name":"Hedonia","description":"Hedonia experience","potentialAction":[{"@type":"SearchAction","target":{"@type":"EntryPoint","urlTemplate":"https:\/\/hedonia.hr\/?s={search_term_string}"},"query-input":{"@type":"PropertyValueSpecification","valueRequired":true,"valueName":"search_term_string"}}],"inLanguage":"hr"}]}},"_links":{"self":[{"href":"https:\/\/hedonia.hr\/hr\/wp-json\/wp\/v2\/pages\/36442"}],"collection":[{"href":"https:\/\/hedonia.hr\/hr\/wp-json\/wp\/v2\/pages"}],"about":[{"href":"https:\/\/hedonia.hr\/hr\/wp-json\/wp\/v2\/types\/page"}],"author":[{"embeddable":true,"href":"https:\/\/hedonia.hr\/hr\/wp-json\/wp\/v2\/users\/1"}],"replies":[{"embeddable":true,"href":"https:\/\/hedonia.hr\/hr\/wp-json\/wp\/v2\/comments?post=36442"}],"version-history":[{"count":15,"href":"https:\/\/hedonia.hr\/hr\/wp-json\/wp\/v2\/pages\/36442\/revisions"}],"predecessor-version":[{"id":37201,"href":"https:\/\/hedonia.hr\/hr\/wp-json\/wp\/v2\/pages\/36442\/revisions\/37201"}],"wp:attachment":[{"href":"https:\/\/hedonia.hr\/hr\/wp-json\/wp\/v2\/media?parent=36442"}],"curies":[{"name":"wp","href":"https:\/\/api.w.org\/{rel}","templated":true}]}}