{"id":6167,"date":"2019-12-31T14:17:43","date_gmt":"2019-12-31T14:17:43","guid":{"rendered":"https:\/\/hedonia.hr\/?page_id=6167"},"modified":"2020-09-18T22:40:04","modified_gmt":"2020-09-18T22:40:04","slug":"kusanje-vina","status":"publish","type":"page","link":"https:\/\/hedonia.hr\/hr\/kusanje-vina\/","title":{"rendered":"Ku\u0161anje vina"},"content":{"rendered":"\t\t<div data-elementor-type=\"wp-page\" data-elementor-id=\"6167\" class=\"elementor elementor-6167\" data-elementor-post-type=\"page\">\n\t\t\t\t\t\t<section class=\"elementor-section elementor-top-section elementor-element elementor-element-4137c30 elementor-section-stretched elementor-section-full_width elementor-section-height-default elementor-section-height-default\" data-id=\"4137c30\" data-element_type=\"section\" data-settings=\"{&quot;stretch_section&quot;:&quot;section-stretched&quot;}\">\n\t\t\t\t\t\t<div class=\"elementor-container elementor-column-gap-no\">\n\t\t\t\t\t<div class=\"elementor-column elementor-col-100 elementor-top-column elementor-element elementor-element-93f72f2\" data-id=\"93f72f2\" data-element_type=\"column\">\n\t\t\t<div class=\"elementor-widget-wrap elementor-element-populated\">\n\t\t\t\t\t\t<div class=\"elementor-element elementor-element-9c1ac3d elementor--h-position-center elementor--v-position-middle elementor-arrows-position-inside elementor-pagination-position-inside elementor-widget elementor-widget-slides\" data-id=\"9c1ac3d\" data-element_type=\"widget\" data-settings=\"{&quot;navigation&quot;:&quot;both&quot;,&quot;autoplay&quot;:&quot;yes&quot;,&quot;pause_on_hover&quot;:&quot;yes&quot;,&quot;pause_on_interaction&quot;:&quot;yes&quot;,&quot;autoplay_speed&quot;:5000,&quot;infinite&quot;:&quot;yes&quot;,&quot;transition&quot;:&quot;slide&quot;,&quot;transition_speed&quot;:500}\" data-widget_type=\"slides.default\">\n\t\t\t\t<div class=\"elementor-widget-container\">\n\t\t\t\t\t<div class=\"elementor-swiper\">\n\t\t\t<div class=\"elementor-slides-wrapper elementor-main-swiper swiper\" dir=\"ltr\" data-animation=\"fadeInUp\">\n\t\t\t\t<div class=\"swiper-wrapper elementor-slides\">\n\t\t\t\t\t\t\t\t\t\t<div class=\"elementor-repeater-item-b02ec95 swiper-slide\"><div class=\"swiper-slide-bg\" role=\"img\"><\/div><div class=\"swiper-slide-inner\" ><div class=\"swiper-slide-contents\"><\/div><\/div><\/div>\t\t\t\t<\/div>\n\t\t\t\t\t\t\t<\/div>\n\t\t<\/div>\n\t\t\t\t<\/div>\n\t\t\t\t<\/div>\n\t\t\t\t\t<\/div>\n\t\t<\/div>\n\t\t\t\t\t<\/div>\n\t\t<\/section>\n\t\t\t\t<section class=\"elementor-section elementor-top-section elementor-element elementor-element-2fe566ed elementor-section-content-middle elementor-section-boxed elementor-section-height-default elementor-section-height-default\" data-id=\"2fe566ed\" data-element_type=\"section\">\n\t\t\t\t\t\t<div class=\"elementor-container elementor-column-gap-default\">\n\t\t\t\t\t<div class=\"elementor-column elementor-col-100 elementor-top-column elementor-element elementor-element-756af6fe\" data-id=\"756af6fe\" data-element_type=\"column\">\n\t\t\t<div class=\"elementor-widget-wrap elementor-element-populated\">\n\t\t\t\t\t\t<div class=\"elementor-element elementor-element-9ff01e1 elementor-widget elementor-widget-heading\" data-id=\"9ff01e1\" data-element_type=\"widget\" data-widget_type=\"heading.default\">\n\t\t\t\t<div class=\"elementor-widget-container\">\n\t\t\t<h2 class=\"elementor-heading-title elementor-size-default\">Degustacija vina<\/h2>\t\t<\/div>\n\t\t\t\t<\/div>\n\t\t\t\t<div class=\"elementor-element elementor-element-c1b82d6 elementor-widget elementor-widget-text-editor\" data-id=\"c1b82d6\" data-element_type=\"widget\" data-widget_type=\"text-editor.default\">\n\t\t\t\t<div class=\"elementor-widget-container\">\n\t\t\t\t\t\t\t<p style=\"text-align: center;\">Ako \u017eelite nau\u010diti kako opisati vino, koje okuse prepoznati u njemu i pri tome se dobro zabaviti u natjecanju degustacije vina ovo je pravi event za va\u0161u grupu! Zabava uz degustaciju vina sa prijateljima ili team-building aktivnost za motivaciju i razonodu sa va\u0161im zaposlenicima.<\/p><p style=\"text-align: center;\"><b>\u00a0<\/b><\/p><p style=\"text-align: center;\"><b>Highlights<\/b><\/p><p style=\"text-align: center;\">\u2022\u00a0Edukacija o vinima sa profesionalnim somalieom<\/p><p style=\"text-align: center;\">\u2022\u00a0Team building aktivnosti<\/p><p style=\"text-align: center;\">\u2022\u00a0Izvrsna aktivnost za u\u010dvr\u0161\u0107ivanje poslovnih odnosa<\/p><p style=\"text-align: center;\">\u2022\u00a0Zabavan i edukativan event<\/p><p style=\"text-align: center;\">\u2022\u00a0Degustacija kvalitetnih vina<\/p>\t\t\t\t\t\t<\/div>\n\t\t\t\t<\/div>\n\t\t\t\t\t<\/div>\n\t\t<\/div>\n\t\t\t\t\t<\/div>\n\t\t<\/section>\n\t\t\t\t<section class=\"elementor-section elementor-top-section elementor-element elementor-element-374ee2f elementor-section-boxed elementor-section-height-default elementor-section-height-default\" data-id=\"374ee2f\" data-element_type=\"section\">\n\t\t\t\t\t\t<div class=\"elementor-container elementor-column-gap-default\">\n\t\t\t\t\t<div class=\"elementor-column elementor-col-100 elementor-top-column elementor-element elementor-element-b11dde3\" data-id=\"b11dde3\" data-element_type=\"column\">\n\t\t\t<div class=\"elementor-widget-wrap elementor-element-populated\">\n\t\t\t\t\t\t<div class=\"elementor-element elementor-element-e66306c elementor-arrows-position-inside elementor-pagination-position-outside elementor-widget elementor-widget-image-carousel\" data-id=\"e66306c\" data-element_type=\"widget\" data-settings=\"{&quot;navigation&quot;:&quot;both&quot;,&quot;autoplay&quot;:&quot;yes&quot;,&quot;pause_on_hover&quot;:&quot;yes&quot;,&quot;pause_on_interaction&quot;:&quot;yes&quot;,&quot;autoplay_speed&quot;:5000,&quot;infinite&quot;:&quot;yes&quot;,&quot;speed&quot;:500}\" data-widget_type=\"image-carousel.default\">\n\t\t\t\t<div class=\"elementor-widget-container\">\n\t\t\t\t\t<div class=\"elementor-image-carousel-wrapper swiper\" dir=\"ltr\">\n\t\t\t<div class=\"elementor-image-carousel swiper-wrapper swiper-image-stretch\" aria-live=\"off\">\n\t\t\t\t\t\t\t\t<div class=\"swiper-slide\" role=\"group\" aria-roledescription=\"slide\" aria-label=\"1 of 4\"><figure class=\"swiper-slide-inner\"><img decoding=\"async\" class=\"swiper-slide-image\" src=\"https:\/\/hedonia.hr\/wp-content\/uploads\/2019\/12\/scott-warman-rrYF1RfotSM-unsplash-2-300x300.jpg\" alt=\"scott-warman-rrYF1RfotSM-unsplash (2)\" \/><\/figure><\/div><div class=\"swiper-slide\" role=\"group\" aria-roledescription=\"slide\" aria-label=\"2 of 4\"><figure class=\"swiper-slide-inner\"><img decoding=\"async\" class=\"swiper-slide-image\" src=\"https:\/\/hedonia.hr\/wp-content\/uploads\/2019\/12\/caroline-attwood-z38uTGNpNnA-unsplash-scaled-300x300.jpg\" alt=\"caroline-attwood-z38uTGNpNnA-unsplash\" \/><\/figure><\/div><div class=\"swiper-slide\" role=\"group\" aria-roledescription=\"slide\" aria-label=\"3 of 4\"><figure class=\"swiper-slide-inner\"><img decoding=\"async\" class=\"swiper-slide-image\" src=\"https:\/\/hedonia.hr\/wp-content\/uploads\/2019\/12\/jay-wennington-N_Y88TWmGwA-unsplash-scaled-300x300.jpg\" alt=\"jay-wennington-N_Y88TWmGwA-unsplash\" \/><\/figure><\/div><div class=\"swiper-slide\" role=\"group\" aria-roledescription=\"slide\" aria-label=\"4 of 4\"><figure class=\"swiper-slide-inner\"><img decoding=\"async\" class=\"swiper-slide-image\" src=\"https:\/\/hedonia.hr\/wp-content\/uploads\/2019\/12\/wine-2373500_1920-300x300.jpg\" alt=\"wine-2373500_1920\" \/><\/figure><\/div>\t\t\t<\/div>\n\t\t\t\t\t\t\t\t\t\t\t\t<div class=\"elementor-swiper-button elementor-swiper-button-prev\" role=\"button\" tabindex=\"0\">\n\t\t\t\t\t\t<i aria-hidden=\"true\" class=\"eicon-chevron-left\"><\/i>\t\t\t\t\t<\/div>\n\t\t\t\t\t<div class=\"elementor-swiper-button elementor-swiper-button-next\" role=\"button\" tabindex=\"0\">\n\t\t\t\t\t\t<i aria-hidden=\"true\" class=\"eicon-chevron-right\"><\/i>\t\t\t\t\t<\/div>\n\t\t\t\t\n\t\t\t\t\t\t\t\t\t<div class=\"swiper-pagination\"><\/div>\n\t\t\t\t\t\t\t\t\t<\/div>\n\t\t\t\t<\/div>\n\t\t\t\t<\/div>\n\t\t\t\t<div class=\"elementor-element elementor-element-fcbace3 elementor-widget elementor-widget-heading\" data-id=\"fcbace3\" data-element_type=\"widget\" data-widget_type=\"heading.default\">\n\t\t\t\t<div class=\"elementor-widget-container\">\n\t\t\t<h2 class=\"elementor-heading-title elementor-size-default\"><br><br>Detalji<\/h2>\t\t<\/div>\n\t\t\t\t<\/div>\n\t\t\t\t<div class=\"elementor-element elementor-element-98a7213 elementor-widget elementor-widget-text-editor\" data-id=\"98a7213\" data-element_type=\"widget\" data-widget_type=\"text-editor.default\">\n\t\t\t\t<div class=\"elementor-widget-container\">\n\t\t\t\t\t\t\t<p style=\"text-align: center;\">Na po\u010detku eventa Sommelier \u0107e pozdraviti goste i predstaviti zabavne aktivnosti. Pi\u0107e dobrodo\u0161lice i ukusni zalogaj\u010di\u0107i do\u010dekat \u0107e Vas na stolu.<\/p><p style=\"text-align: center;\">Kroz degustacije, edukaciju i razgovor o vinima upoznat \u0107emo svijet vina. Nau\u010dit \u0107emo kako degustirati vina prema izgledu, mirisu i okusu, kako odabrati vino za svaku priliku, koju \u010da\u0161u odabrati za pojednino vino, temperature skladi\u0161tenja i poslu\u017eivanja vina i jo\u0161 puno zanimljivosti.<\/p><p style=\"text-align: center;\">Na po\u010detku igre svi sudionici \u0107e dobiti kartice sa pitanjima. Tijekom igre degustirat \u0107ete \u010detiri vinabogatog okusa i premium kvalitete. U prvom izazovu degustirat \u0107ete dva bijela vina i sljubiti ih sa ukusnim zalogaj\u010di\u0107ima. U drugom izazovu testirat \u0107ete dva crna vina, ponovno uz sljubljivanje sa slasnim zalogaj\u010di\u0107ima. Izazov zavr\u0161ava sa otkrivanjem etiketa degustiranih vina. Dodjela nagrade ide timu koji je pogodio najvi\u0161e vina i njihovih karakteristika.<\/p><p style=\"text-align: center;\">\u00a0<\/p><p style=\"text-align: center;\">\u00a0<\/p>\t\t\t\t\t\t<\/div>\n\t\t\t\t<\/div>\n\t\t\t\t\t<\/div>\n\t\t<\/div>\n\t\t\t\t\t<\/div>\n\t\t<\/section>\n\t\t\t\t<section class=\"elementor-section elementor-top-section elementor-element elementor-element-77b1ca81 elementor-section-boxed elementor-section-height-default elementor-section-height-default\" data-id=\"77b1ca81\" data-element_type=\"section\" data-settings=\"{&quot;background_background&quot;:&quot;classic&quot;}\">\n\t\t\t\t\t\t<div class=\"elementor-container elementor-column-gap-no\">\n\t\t\t\t\t<div class=\"elementor-column elementor-col-100 elementor-top-column elementor-element elementor-element-79161c17\" data-id=\"79161c17\" data-element_type=\"column\">\n\t\t\t<div class=\"elementor-widget-wrap elementor-element-populated\">\n\t\t\t\t\t\t<section class=\"elementor-section elementor-inner-section elementor-element elementor-element-6c02bc5c elementor-section-content-middle elementor-section-boxed elementor-section-height-default elementor-section-height-default\" data-id=\"6c02bc5c\" data-element_type=\"section\">\n\t\t\t\t\t\t<div class=\"elementor-container elementor-column-gap-no\">\n\t\t\t\t\t<div class=\"elementor-column elementor-col-50 elementor-inner-column elementor-element elementor-element-1ed70e47\" data-id=\"1ed70e47\" data-element_type=\"column\" data-settings=\"{&quot;background_background&quot;:&quot;classic&quot;}\">\n\t\t\t<div class=\"elementor-widget-wrap elementor-element-populated\">\n\t\t\t\t\t\t<div class=\"elementor-element elementor-element-aeba21b elementor-widget elementor-widget-heading\" data-id=\"aeba21b\" data-element_type=\"widget\" data-widget_type=\"heading.default\">\n\t\t\t\t<div class=\"elementor-widget-container\">\n\t\t\t<h2 class=\"elementor-heading-title elementor-size-default\">Informacije<\/h2>\t\t<\/div>\n\t\t\t\t<\/div>\n\t\t\t\t<div class=\"elementor-element elementor-element-4d084f8 elementor-widget-divider--view-line elementor-widget elementor-widget-divider\" data-id=\"4d084f8\" data-element_type=\"widget\" data-widget_type=\"divider.default\">\n\t\t\t\t<div class=\"elementor-widget-container\">\n\t\t\t\t\t<div class=\"elementor-divider\">\n\t\t\t<span class=\"elementor-divider-separator\">\n\t\t\t\t\t\t<\/span>\n\t\t<\/div>\n\t\t\t\t<\/div>\n\t\t\t\t<\/div>\n\t\t\t\t<div class=\"elementor-element elementor-element-3f204f2 elementor-widget elementor-widget-text-editor\" data-id=\"3f204f2\" data-element_type=\"widget\" data-widget_type=\"text-editor.default\">\n\t\t\t\t<div class=\"elementor-widget-container\">\n\t\t\t\t\t\t\t<p style=\"text-align: left;\"><b>Trajanje eventa: <\/b>max. 3 sata<\/p><p style=\"text-align: left;\"><b>Za grupe:<\/b> od 10 \u2013 30 sudionika (\u0161to ovisi o odabranom prostoru)<\/p><p style=\"text-align: left;\">Degustacija vina se mo\u017ee odr\u017eati u svim prostorima<\/p><p style=\"text-align: left;\">Radionicu vodi profesionalni kuhar.<\/p><p style=\"text-align: left;\"><b>Radionica uklju\u010duje:\u00a0<\/b><\/p><p style=\"text-align: left;\">\u2022\u00a0Profesionalnog Sommeliera i svu potrebnu opremu<\/p><p style=\"text-align: left;\">\u2022\u00a0Degustacija 4 premium vina i pjenu\u0161avo vino dobrodo\u0161lice\u00a0<\/p><p style=\"text-align: left;\">\u2022\u00a0Vina \u0107emo sljubljivati sa ukusnim zalogaj\u010di\u0107ima<\/p><p style=\"text-align: left;\">\u2022\u00a0Izazov uklju\u010duje poklon bocu vina za pobjedni\u010dki tim (ako je natjecanje odabrano)<\/p>\t\t\t\t\t\t<\/div>\n\t\t\t\t<\/div>\n\t\t\t\t\t<\/div>\n\t\t<\/div>\n\t\t\t\t<div class=\"elementor-column elementor-col-50 elementor-inner-column elementor-element elementor-element-97e67d5\" data-id=\"97e67d5\" data-element_type=\"column\" data-settings=\"{&quot;background_background&quot;:&quot;classic&quot;}\">\n\t\t\t<div class=\"elementor-widget-wrap elementor-element-populated\">\n\t\t\t\t\t\t<div class=\"elementor-element elementor-element-858a729 elementor-pagination-position-inside elementor-arrows-position-inside elementor-widget elementor-widget-image-carousel\" data-id=\"858a729\" data-element_type=\"widget\" data-settings=\"{&quot;slides_to_show&quot;:&quot;1&quot;,&quot;navigation&quot;:&quot;both&quot;,&quot;autoplay&quot;:&quot;yes&quot;,&quot;pause_on_hover&quot;:&quot;yes&quot;,&quot;pause_on_interaction&quot;:&quot;yes&quot;,&quot;autoplay_speed&quot;:5000,&quot;infinite&quot;:&quot;yes&quot;,&quot;effect&quot;:&quot;slide&quot;,&quot;speed&quot;:500}\" data-widget_type=\"image-carousel.default\">\n\t\t\t\t<div class=\"elementor-widget-container\">\n\t\t\t\t\t<div class=\"elementor-image-carousel-wrapper swiper\" dir=\"ltr\">\n\t\t\t<div class=\"elementor-image-carousel swiper-wrapper swiper-image-stretch\" aria-live=\"off\">\n\t\t\t\t\t\t\t\t<div class=\"swiper-slide\" role=\"group\" aria-roledescription=\"slide\" aria-label=\"1 of 1\"><figure class=\"swiper-slide-inner\"><img decoding=\"async\" class=\"swiper-slide-image\" src=\"https:\/\/hedonia.hr\/wp-content\/uploads\/2019\/12\/the-miscellanista-wKxC9_MzpeQ-unsplash-768x1024.jpg\" alt=\"the-miscellanista-wKxC9_MzpeQ-unsplash\" \/><\/figure><\/div>\t\t\t<\/div>\n\t\t\t\t\t<\/div>\n\t\t\t\t<\/div>\n\t\t\t\t<\/div>\n\t\t\t\t\t<\/div>\n\t\t<\/div>\n\t\t\t\t\t<\/div>\n\t\t<\/section>\n\t\t\t\t\t<\/div>\n\t\t<\/div>\n\t\t\t\t\t<\/div>\n\t\t<\/section>\n\t\t\t\t<section class=\"elementor-section elementor-top-section elementor-element elementor-element-520e1d6 elementor-section-boxed elementor-section-height-default elementor-section-height-default\" data-id=\"520e1d6\" data-element_type=\"section\">\n\t\t\t\t\t\t<div class=\"elementor-container elementor-column-gap-default\">\n\t\t\t\t\t<div class=\"elementor-column elementor-col-100 elementor-top-column elementor-element elementor-element-96ea03a\" data-id=\"96ea03a\" data-element_type=\"column\">\n\t\t\t<div class=\"elementor-widget-wrap elementor-element-populated\">\n\t\t\t\t\t\t<div class=\"elementor-element elementor-element-d3018ab elementor-flip-box--effect-flip elementor-flip-box--direction-up elementor-widget elementor-widget-global elementor-global-9110 elementor-widget-flip-box\" data-id=\"d3018ab\" data-element_type=\"widget\" data-widget_type=\"flip-box.default\">\n\t\t\t\t<div class=\"elementor-widget-container\">\n\t\t\t\t\t<div class=\"elementor-flip-box\" tabindex=\"0\">\n\t\t\t<div class=\"elementor-flip-box__layer elementor-flip-box__front\">\n\t\t\t\t<div class=\"elementor-flip-box__layer__overlay\">\n\t\t\t\t\t<div class=\"elementor-flip-box__layer__inner\">\n\t\t\t\t\t\t\t\t\t\t\t\t\t<div class=\"elementor-icon-wrapper elementor-view-default\">\n\t\t\t\t\t\t\t\t<div class=\"elementor-icon\">\n\t\t\t\t\t\t\t\t\t\t\t\t\t\t\t\t\t<\/div>\n\t\t\t\t\t\t\t<\/div>\n\t\t\t\t\t\t\n\t\t\t\t\t\t\t\t\t\t\t\t\t<h3 class=\"elementor-flip-box__layer__title\">\n\t\t\t\t\t\t\t\tKontaktirajte nas\t\t\t\t\t\t\t<\/h3>\n\t\t\t\t\t\t\n\t\t\t\t\t\t\t\t\t\t\t\t\t<div class=\"elementor-flip-box__layer__description\">\n\t\t\t\t\t\t\t\tJedan klik ste dalje od kontakta s nama!\t\t\t\t\t\t\t<\/div>\n\t\t\t\t\t\t\t\t\t\t\t<\/div>\n\t\t\t\t<\/div>\n\t\t\t<\/div>\n\t\t\t<div class=\"elementor-flip-box__layer elementor-flip-box__back\">\n\t\t\t<div class=\"elementor-flip-box__layer__overlay\">\n\t\t\t\t<div class=\"elementor-flip-box__layer__inner\">\n\t\t\t\t\t\n\t\t\t\t\t\t\t\t\t\t\t<div class=\"elementor-flip-box__layer__description\">\n\t\t\t\t\t\t\t[wpforms id=\"9104\" title=\"false\" description=\"false\"]\t\t\t\t\t\t<\/div>\n\t\t\t\t\t\n\t\t\t\t\t\t\t\t<\/div>\n\t\t<\/div>\n\t\t<\/div>\n\t\t<\/div>\n\t\t\t\t<\/div>\n\t\t\t\t<\/div>\n\t\t\t\t\t<\/div>\n\t\t<\/div>\n\t\t\t\t\t<\/div>\n\t\t<\/section>\n\t\t\t\t<\/div>\n\t\t","protected":false},"excerpt":{"rendered":"<p>Degustacija vina Ako \u017eelite nau\u010diti kako opisati vino, koje okuse prepoznati u njemu i pri tome se dobro zabaviti u natjecanju degustacije vina ovo je pravi event za va\u0161u grupu! Zabava uz degustaciju vina sa prijateljima ili team-building aktivnost za motivaciju i razonodu sa va\u0161im zaposlenicima. \u00a0 Highlights \u2022\u00a0Edukacija o vinima sa profesionalnim somalieom \u2022\u00a0Team &#8230;<\/p>\n","protected":false},"author":1,"featured_media":0,"parent":0,"menu_order":0,"comment_status":"closed","ping_status":"closed","template":"elementor_header_footer","meta":{"footnotes":""},"class_list":["post-6167","page","type-page","status-publish","hentry"],"yoast_head":"<!-- This site is optimized with the Yoast SEO plugin v23.8 - https:\/\/yoast.com\/wordpress\/plugins\/seo\/ -->\n<title>Ku\u0161anje vina - Hedonia<\/title>\n<meta name=\"robots\" content=\"index, follow, max-snippet:-1, max-image-preview:large, max-video-preview:-1\" \/>\n<link rel=\"canonical\" href=\"https:\/\/hedonia.hr\/dine-wine-tasting-game\/\" \/>\n<meta property=\"og:locale\" content=\"hr_HR\" \/>\n<meta property=\"og:type\" content=\"article\" \/>\n<meta property=\"og:title\" content=\"Ku\u0161anje vina - Hedonia\" \/>\n<meta property=\"og:description\" content=\"Degustacija vina Ako \u017eelite nau\u010diti kako opisati vino, koje okuse prepoznati u njemu i pri tome se dobro zabaviti u natjecanju degustacije vina ovo je pravi event za va\u0161u grupu! Zabava uz degustaciju vina sa prijateljima ili team-building aktivnost za motivaciju i razonodu sa va\u0161im zaposlenicima. \u00a0 Highlights \u2022\u00a0Edukacija o vinima sa profesionalnim somalieom \u2022\u00a0Team ...\" \/>\n<meta property=\"og:url\" content=\"https:\/\/hedonia.hr\/dine-wine-tasting-game\/\" \/>\n<meta property=\"og:site_name\" content=\"Hedonia\" \/>\n<meta property=\"article:modified_time\" content=\"2020-09-18T22:40:04+00:00\" \/>\n<meta property=\"og:image\" content=\"https:\/\/hedonia.hr\/wp-content\/uploads\/2019\/12\/scott-warman-rrYF1RfotSM-unsplash-2-400x400.jpg\" \/>\n<meta name=\"twitter:card\" content=\"summary_large_image\" \/>\n<meta name=\"twitter:label1\" content=\"Procijenjeno vrijeme \u010ditanja\" \/>\n\t<meta name=\"twitter:data1\" content=\"2 minute\" \/>\n<script type=\"application\/ld+json\" class=\"yoast-schema-graph\">{\"@context\":\"https:\/\/schema.org\",\"@graph\":[{\"@type\":\"WebPage\",\"@id\":\"https:\/\/hedonia.hr\/dine-wine-tasting-game\/\",\"url\":\"https:\/\/hedonia.hr\/dine-wine-tasting-game\/\",\"name\":\"Ku\u0161anje vina - Hedonia\",\"isPartOf\":{\"@id\":\"https:\/\/hedonia.hr\/#website\"},\"primaryImageOfPage\":{\"@id\":\"https:\/\/hedonia.hr\/dine-wine-tasting-game\/#primaryimage\"},\"image\":{\"@id\":\"https:\/\/hedonia.hr\/dine-wine-tasting-game\/#primaryimage\"},\"thumbnailUrl\":\"https:\/\/hedonia.hr\/wp-content\/uploads\/2019\/12\/scott-warman-rrYF1RfotSM-unsplash-2-400x400.jpg\",\"datePublished\":\"2019-12-31T14:17:43+00:00\",\"dateModified\":\"2020-09-18T22:40:04+00:00\",\"breadcrumb\":{\"@id\":\"https:\/\/hedonia.hr\/dine-wine-tasting-game\/#breadcrumb\"},\"inLanguage\":\"hr\",\"potentialAction\":[{\"@type\":\"ReadAction\",\"target\":[\"https:\/\/hedonia.hr\/dine-wine-tasting-game\/\"]}]},{\"@type\":\"ImageObject\",\"inLanguage\":\"hr\",\"@id\":\"https:\/\/hedonia.hr\/dine-wine-tasting-game\/#primaryimage\",\"url\":\"https:\/\/hedonia.hr\/wp-content\/uploads\/2019\/12\/scott-warman-rrYF1RfotSM-unsplash-2-400x400.jpg\",\"contentUrl\":\"https:\/\/hedonia.hr\/wp-content\/uploads\/2019\/12\/scott-warman-rrYF1RfotSM-unsplash-2-400x400.jpg\"},{\"@type\":\"BreadcrumbList\",\"@id\":\"https:\/\/hedonia.hr\/dine-wine-tasting-game\/#breadcrumb\",\"itemListElement\":[{\"@type\":\"ListItem\",\"position\":1,\"name\":\"Home\",\"item\":\"https:\/\/hedonia.hr\/hr\/\"},{\"@type\":\"ListItem\",\"position\":2,\"name\":\"Ku\u0161anje vina\"}]},{\"@type\":\"WebSite\",\"@id\":\"https:\/\/hedonia.hr\/#website\",\"url\":\"https:\/\/hedonia.hr\/\",\"name\":\"Hedonia\",\"description\":\"Hedonia experience\",\"potentialAction\":[{\"@type\":\"SearchAction\",\"target\":{\"@type\":\"EntryPoint\",\"urlTemplate\":\"https:\/\/hedonia.hr\/?s={search_term_string}\"},\"query-input\":{\"@type\":\"PropertyValueSpecification\",\"valueRequired\":true,\"valueName\":\"search_term_string\"}}],\"inLanguage\":\"hr\"}]}<\/script>\n<!-- \/ Yoast SEO plugin. -->","yoast_head_json":{"title":"Ku\u0161anje vina - Hedonia","robots":{"index":"index","follow":"follow","max-snippet":"max-snippet:-1","max-image-preview":"max-image-preview:large","max-video-preview":"max-video-preview:-1"},"canonical":"https:\/\/hedonia.hr\/dine-wine-tasting-game\/","og_locale":"hr_HR","og_type":"article","og_title":"Ku\u0161anje vina - Hedonia","og_description":"Degustacija vina Ako \u017eelite nau\u010diti kako opisati vino, koje okuse prepoznati u njemu i pri tome se dobro zabaviti u natjecanju degustacije vina ovo je pravi event za va\u0161u grupu! Zabava uz degustaciju vina sa prijateljima ili team-building aktivnost za motivaciju i razonodu sa va\u0161im zaposlenicima. \u00a0 Highlights \u2022\u00a0Edukacija o vinima sa profesionalnim somalieom \u2022\u00a0Team ...","og_url":"https:\/\/hedonia.hr\/dine-wine-tasting-game\/","og_site_name":"Hedonia","article_modified_time":"2020-09-18T22:40:04+00:00","og_image":[{"url":"https:\/\/hedonia.hr\/wp-content\/uploads\/2019\/12\/scott-warman-rrYF1RfotSM-unsplash-2-400x400.jpg"}],"twitter_card":"summary_large_image","twitter_misc":{"Procijenjeno vrijeme \u010ditanja":"2 minute"},"schema":{"@context":"https:\/\/schema.org","@graph":[{"@type":"WebPage","@id":"https:\/\/hedonia.hr\/dine-wine-tasting-game\/","url":"https:\/\/hedonia.hr\/dine-wine-tasting-game\/","name":"Ku\u0161anje vina - Hedonia","isPartOf":{"@id":"https:\/\/hedonia.hr\/#website"},"primaryImageOfPage":{"@id":"https:\/\/hedonia.hr\/dine-wine-tasting-game\/#primaryimage"},"image":{"@id":"https:\/\/hedonia.hr\/dine-wine-tasting-game\/#primaryimage"},"thumbnailUrl":"https:\/\/hedonia.hr\/wp-content\/uploads\/2019\/12\/scott-warman-rrYF1RfotSM-unsplash-2-400x400.jpg","datePublished":"2019-12-31T14:17:43+00:00","dateModified":"2020-09-18T22:40:04+00:00","breadcrumb":{"@id":"https:\/\/hedonia.hr\/dine-wine-tasting-game\/#breadcrumb"},"inLanguage":"hr","potentialAction":[{"@type":"ReadAction","target":["https:\/\/hedonia.hr\/dine-wine-tasting-game\/"]}]},{"@type":"ImageObject","inLanguage":"hr","@id":"https:\/\/hedonia.hr\/dine-wine-tasting-game\/#primaryimage","url":"https:\/\/hedonia.hr\/wp-content\/uploads\/2019\/12\/scott-warman-rrYF1RfotSM-unsplash-2-400x400.jpg","contentUrl":"https:\/\/hedonia.hr\/wp-content\/uploads\/2019\/12\/scott-warman-rrYF1RfotSM-unsplash-2-400x400.jpg"},{"@type":"BreadcrumbList","@id":"https:\/\/hedonia.hr\/dine-wine-tasting-game\/#breadcrumb","itemListElement":[{"@type":"ListItem","position":1,"name":"Home","item":"https:\/\/hedonia.hr\/hr\/"},{"@type":"ListItem","position":2,"name":"Ku\u0161anje vina"}]},{"@type":"WebSite","@id":"https:\/\/hedonia.hr\/#website","url":"https:\/\/hedonia.hr\/","name":"Hedonia","description":"Hedonia experience","potentialAction":[{"@type":"SearchAction","target":{"@type":"EntryPoint","urlTemplate":"https:\/\/hedonia.hr\/?s={search_term_string}"},"query-input":{"@type":"PropertyValueSpecification","valueRequired":true,"valueName":"search_term_string"}}],"inLanguage":"hr"}]}},"_links":{"self":[{"href":"https:\/\/hedonia.hr\/hr\/wp-json\/wp\/v2\/pages\/6167"}],"collection":[{"href":"https:\/\/hedonia.hr\/hr\/wp-json\/wp\/v2\/pages"}],"about":[{"href":"https:\/\/hedonia.hr\/hr\/wp-json\/wp\/v2\/types\/page"}],"author":[{"embeddable":true,"href":"https:\/\/hedonia.hr\/hr\/wp-json\/wp\/v2\/users\/1"}],"replies":[{"embeddable":true,"href":"https:\/\/hedonia.hr\/hr\/wp-json\/wp\/v2\/comments?post=6167"}],"version-history":[{"count":8,"href":"https:\/\/hedonia.hr\/hr\/wp-json\/wp\/v2\/pages\/6167\/revisions"}],"predecessor-version":[{"id":36358,"href":"https:\/\/hedonia.hr\/hr\/wp-json\/wp\/v2\/pages\/6167\/revisions\/36358"}],"wp:attachment":[{"href":"https:\/\/hedonia.hr\/hr\/wp-json\/wp\/v2\/media?parent=6167"}],"curies":[{"name":"wp","href":"https:\/\/api.w.org\/{rel}","templated":true}]}}