{"id":8359,"date":"2020-01-10T14:18:14","date_gmt":"2020-01-10T14:18:14","guid":{"rendered":"https:\/\/hedonia.hr\/?page_id=8359"},"modified":"2020-10-18T14:17:28","modified_gmt":"2020-10-18T14:17:28","slug":"mogucnosti-placanja","status":"publish","type":"page","link":"https:\/\/hedonia.hr\/hr\/mogucnosti-placanja\/","title":{"rendered":"Mogu\u0107nosti pla\u0107anja"},"content":{"rendered":"\t\t<div data-elementor-type=\"wp-page\" data-elementor-id=\"8359\" class=\"elementor elementor-8359\" data-elementor-post-type=\"page\">\n\t\t\t\t\t\t<section class=\"elementor-section elementor-top-section elementor-element elementor-element-f202efe elementor-section-stretched elementor-section-full_width elementor-section-height-default elementor-section-height-default\" data-id=\"f202efe\" data-element_type=\"section\" data-settings=\"{&quot;stretch_section&quot;:&quot;section-stretched&quot;}\">\n\t\t\t\t\t\t<div class=\"elementor-container elementor-column-gap-no\">\n\t\t\t\t\t<div class=\"elementor-column elementor-col-100 elementor-top-column elementor-element elementor-element-795a57d\" data-id=\"795a57d\" data-element_type=\"column\">\n\t\t\t<div class=\"elementor-widget-wrap elementor-element-populated\">\n\t\t\t\t\t\t<div class=\"elementor-element elementor-element-9b34c2f elementor--h-position-center elementor--v-position-middle elementor-arrows-position-inside elementor-pagination-position-inside elementor-widget elementor-widget-slides\" data-id=\"9b34c2f\" data-element_type=\"widget\" data-settings=\"{&quot;navigation&quot;:&quot;both&quot;,&quot;autoplay&quot;:&quot;yes&quot;,&quot;pause_on_hover&quot;:&quot;yes&quot;,&quot;pause_on_interaction&quot;:&quot;yes&quot;,&quot;autoplay_speed&quot;:5000,&quot;infinite&quot;:&quot;yes&quot;,&quot;transition&quot;:&quot;slide&quot;,&quot;transition_speed&quot;:500}\" data-widget_type=\"slides.default\">\n\t\t\t\t<div class=\"elementor-widget-container\">\n\t\t\t\t\t<div class=\"elementor-swiper\">\n\t\t\t<div class=\"elementor-slides-wrapper elementor-main-swiper swiper\" dir=\"ltr\" data-animation=\"fadeInUp\">\n\t\t\t\t<div class=\"swiper-wrapper elementor-slides\">\n\t\t\t\t\t\t\t\t\t\t<div class=\"elementor-repeater-item-76b8a15 swiper-slide\"><div class=\"swiper-slide-bg\" role=\"img\"><\/div><div class=\"swiper-slide-inner\" ><div class=\"swiper-slide-contents\"><div class=\"elementor-slide-heading\">Uvjeti pla\u0107anja<\/div><\/div><\/div><\/div>\t\t\t\t<\/div>\n\t\t\t\t\t\t\t<\/div>\n\t\t<\/div>\n\t\t\t\t<\/div>\n\t\t\t\t<\/div>\n\t\t\t\t\t<\/div>\n\t\t<\/div>\n\t\t\t\t\t<\/div>\n\t\t<\/section>\n\t\t\t\t<section class=\"elementor-section elementor-top-section elementor-element elementor-element-d9b01d1 elementor-section-boxed elementor-section-height-default elementor-section-height-default\" data-id=\"d9b01d1\" data-element_type=\"section\">\n\t\t\t\t\t\t<div class=\"elementor-container elementor-column-gap-default\">\n\t\t\t\t\t<div class=\"elementor-column elementor-col-100 elementor-top-column elementor-element elementor-element-1d1800e\" data-id=\"1d1800e\" data-element_type=\"column\">\n\t\t\t<div class=\"elementor-widget-wrap elementor-element-populated\">\n\t\t\t\t\t\t<div class=\"elementor-element elementor-element-95022db elementor-widget elementor-widget-text-editor\" data-id=\"95022db\" data-element_type=\"widget\" data-widget_type=\"text-editor.default\">\n\t\t\t\t<div class=\"elementor-widget-container\">\n\t\t\t\t\t\t\t<h5><strong>1. Bankovnim doznakama<\/strong><\/h5><p>Uplata na transakcijski ra\u010dun agencije :<br \/>Privredna banka Zagreb d.d.<br \/><b>IBAN<\/b> : HR14 2340 0091 1110 2565 8<\/p><p>Uplata bankovnom doznakom iz inozemstva :<br \/>Privredna banka Zagreb d.d.<br \/><b>IBAN <\/b>: HR14 2340 0091 1110 2565 8<br \/><b>SWIFT CODE<\/b>: PBZGHR2X<\/p><h5><strong>2. Online karti\u010dno pla\u0107anje<\/strong><\/h5><p><strong>Jednokratno<\/strong><br \/>Mastercard\u00ae, Visa kreditnim karticama i debitnim karticama (Maestro\u00ae i VISA) svih banaka<\/p><p><strong>do 3 mjese\u010dna obroka<\/strong><br \/>Maestro i VISA debitnim karticama (izdanim od Privredne banke)<\/p><p><b>Pla\u0107anje po ponudi<\/b><\/p><p>Ponuda aran\u017emana \u0107e sadr\u017eavati link na stranice Monri Payment Gateway putem kojih mo\u017eete izvr\u0161iti on-line pla\u0107anje brzo i sigurno.\u00a0<\/p><div>\u00a0<\/div>\t\t\t\t\t\t<\/div>\n\t\t\t\t<\/div>\n\t\t\t\t<div class=\"elementor-element elementor-element-8109b4d elementor-widget elementor-widget-image\" data-id=\"8109b4d\" data-element_type=\"widget\" data-widget_type=\"image.default\">\n\t\t\t\t<div class=\"elementor-widget-container\">\n\t\t\t\t\t\t\t\t\t\t\t\t\t\t<a href=\"https:\/\/monri.com\/\">\n\t\t\t\t\t\t\t<img decoding=\"async\" width=\"212\" height=\"98\" src=\"https:\/\/hedonia.hr\/wp-content\/uploads\/2020\/09\/monri_footer.png\" class=\"attachment-full size-full wp-image-36667\" alt=\"\" \/>\t\t\t\t\t\t\t\t<\/a>\n\t\t\t\t\t\t\t\t\t\t\t\t\t<\/div>\n\t\t\t\t<\/div>\n\t\t\t\t\t<\/div>\n\t\t<\/div>\n\t\t\t\t\t<\/div>\n\t\t<\/section>\n\t\t\t\t<section class=\"elementor-section elementor-top-section elementor-element elementor-element-b0a7ad1 elementor-section-boxed elementor-section-height-default elementor-section-height-default\" data-id=\"b0a7ad1\" data-element_type=\"section\">\n\t\t\t\t\t\t<div class=\"elementor-container elementor-column-gap-default\">\n\t\t\t\t\t<div class=\"elementor-column elementor-col-33 elementor-top-column elementor-element elementor-element-9372187\" data-id=\"9372187\" data-element_type=\"column\">\n\t\t\t<div class=\"elementor-widget-wrap elementor-element-populated\">\n\t\t\t\t\t\t<div class=\"elementor-element elementor-element-b61cac7 elementor-widget elementor-widget-image\" data-id=\"b61cac7\" data-element_type=\"widget\" data-widget_type=\"image.default\">\n\t\t\t\t<div class=\"elementor-widget-container\">\n\t\t\t\t\t\t\t\t\t\t\t\t\t\t<a href=\"http:\/\/www.mastercard.com\/\" target=\"_blank\">\n\t\t\t\t\t\t\t<img decoding=\"async\" width=\"70\" height=\"45\" src=\"https:\/\/hedonia.hr\/wp-content\/uploads\/2020\/09\/mc_acc_opt_70_1x.png\" class=\"attachment-full size-full wp-image-36673\" alt=\"\" \/>\t\t\t\t\t\t\t\t<\/a>\n\t\t\t\t\t\t\t\t\t\t\t\t\t<\/div>\n\t\t\t\t<\/div>\n\t\t\t\t\t<\/div>\n\t\t<\/div>\n\t\t\t\t<div class=\"elementor-column elementor-col-33 elementor-top-column elementor-element elementor-element-1c199b7\" data-id=\"1c199b7\" data-element_type=\"column\">\n\t\t\t<div class=\"elementor-widget-wrap elementor-element-populated\">\n\t\t\t\t\t\t<div class=\"elementor-element elementor-element-36ddd25 elementor-widget elementor-widget-image\" data-id=\"36ddd25\" data-element_type=\"widget\" data-widget_type=\"image.default\">\n\t\t\t\t<div class=\"elementor-widget-container\">\n\t\t\t\t\t\t\t\t\t\t\t\t\t\t<a href=\"https:\/\/brand.mastercard.com\/brandcenter\/more-about-our-brands.html\" target=\"_blank\">\n\t\t\t\t\t\t\t<img decoding=\"async\" width=\"70\" height=\"45\" src=\"https:\/\/hedonia.hr\/wp-content\/uploads\/2020\/09\/ms_acc_opt_70_1x.png\" class=\"attachment-full size-full wp-image-36672\" alt=\"\" \/>\t\t\t\t\t\t\t\t<\/a>\n\t\t\t\t\t\t\t\t\t\t\t\t\t<\/div>\n\t\t\t\t<\/div>\n\t\t\t\t\t<\/div>\n\t\t<\/div>\n\t\t\t\t<div class=\"elementor-column elementor-col-33 elementor-top-column elementor-element elementor-element-f8f4bb2\" data-id=\"f8f4bb2\" data-element_type=\"column\">\n\t\t\t<div class=\"elementor-widget-wrap elementor-element-populated\">\n\t\t\t\t\t\t<div class=\"elementor-element elementor-element-ac66084 elementor-widget elementor-widget-image\" data-id=\"ac66084\" data-element_type=\"widget\" data-widget_type=\"image.default\">\n\t\t\t\t<div class=\"elementor-widget-container\">\n\t\t\t\t\t\t\t\t\t\t\t\t\t\t<a href=\"https:\/\/www.visaeurope.com\/\" target=\"_blank\">\n\t\t\t\t\t\t\t<img loading=\"lazy\" decoding=\"async\" width=\"80\" height=\"50\" src=\"https:\/\/hedonia.hr\/wp-content\/uploads\/2020\/09\/Visa-2015-50.gif\" class=\"attachment-full size-full wp-image-36670\" alt=\"\" \/>\t\t\t\t\t\t\t\t<\/a>\n\t\t\t\t\t\t\t\t\t\t\t\t\t<\/div>\n\t\t\t\t<\/div>\n\t\t\t\t\t<\/div>\n\t\t<\/div>\n\t\t\t\t\t<\/div>\n\t\t<\/section>\n\t\t\t\t<section class=\"elementor-section elementor-top-section elementor-element elementor-element-ff5686b elementor-section-boxed elementor-section-height-default elementor-section-height-default\" data-id=\"ff5686b\" data-element_type=\"section\">\n\t\t\t\t\t\t<div class=\"elementor-container elementor-column-gap-default\">\n\t\t\t\t\t<div class=\"elementor-column elementor-col-100 elementor-top-column elementor-element elementor-element-9c04755\" data-id=\"9c04755\" data-element_type=\"column\">\n\t\t\t<div class=\"elementor-widget-wrap elementor-element-populated\">\n\t\t\t\t\t\t<div class=\"elementor-element elementor-element-fa944c0 elementor-widget elementor-widget-text-editor\" data-id=\"fa944c0\" data-element_type=\"widget\" data-widget_type=\"text-editor.default\">\n\t\t\t\t<div class=\"elementor-widget-container\">\n\t\t\t\t\t\t\t<p>* * * * Sigurnost pla\u0107anja kreditnim karticama<\/p>\n<p>Tajnost Va\u0161ih podataka je za\u0161ti\u0107ena i osigurana uporabom SSL enkripcije. Stranice za naplatu putem interneta osigurane su kori\u0161tenjem Secure Socket Layer (SSL) protokola sa 128-bitnom enkripcijom podataka. SSL enkripcija je postupak \u0161ifriranja podataka radi sprje\u010davanja neovla\u0161tenog pristupa prilikom njihovog prijenosa.<\/p>\n<p>Time je omogu\u0107en siguran prijenos informacija te onemogu\u0107en nedozvoljen pristup podacima prilikom komunikacije izme\u0111u korisnikovog ra\u010dunala i WebPay servisa, te obratno.<\/p>\n<p>WebPay servis i financijske ustanove razmjenjuju podatke uporabom virtualne privatne mre\u017ee (VPN), koja je za\u0161ti\u0107ena od neautoriziranog pristupa.<\/p>\n<p>Monri Payment Gateway je certificiran prema PCI DSS Level 1 sigurnosnom standardu propisanom Visa i MasterCard pravilima.<\/p>\n<p>Trgovac ne pohranjuje brojeve kreditnih kartica i brojevi nisu dostupni neovla\u0161tenim osobama.<\/p>\n<p><b>Na\u010din uplate:<\/b> 30% ukupnog iznosa&nbsp; prilikom rezervacije 70% iznosa 30 dana prije kori\u0161tenja usluga.<\/p>\t\t\t\t\t\t<\/div>\n\t\t\t\t<\/div>\n\t\t\t\t\t<\/div>\n\t\t<\/div>\n\t\t\t\t\t<\/div>\n\t\t<\/section>\n\t\t\t\t<\/div>\n\t\t","protected":false},"excerpt":{"rendered":"<p>Uvjeti pla\u0107anja 1. Bankovnim doznakama Uplata na transakcijski ra\u010dun agencije :Privredna banka Zagreb d.d.IBAN : HR14 2340 0091 1110 2565 8 Uplata bankovnom doznakom iz inozemstva :Privredna banka Zagreb d.d.IBAN : HR14 2340 0091 1110 2565 8SWIFT CODE: PBZGHR2X 2. Online karti\u010dno pla\u0107anje JednokratnoMastercard\u00ae, Visa kreditnim karticama i debitnim karticama (Maestro\u00ae i VISA) svih banaka &#8230;<\/p>\n","protected":false},"author":1,"featured_media":0,"parent":0,"menu_order":0,"comment_status":"closed","ping_status":"closed","template":"elementor_header_footer","meta":{"footnotes":""},"class_list":["post-8359","page","type-page","status-publish","hentry"],"yoast_head":"<!-- This site is optimized with the Yoast SEO plugin v23.8 - https:\/\/yoast.com\/wordpress\/plugins\/seo\/ -->\n<title>Mogu\u0107nosti pla\u0107anja - Hedonia<\/title>\n<meta name=\"robots\" content=\"index, follow, max-snippet:-1, max-image-preview:large, max-video-preview:-1\" \/>\n<link rel=\"canonical\" href=\"https:\/\/hedonia.hr\/payment-options\/\" \/>\n<meta property=\"og:locale\" content=\"hr_HR\" \/>\n<meta property=\"og:type\" content=\"article\" \/>\n<meta property=\"og:title\" content=\"Mogu\u0107nosti pla\u0107anja - Hedonia\" \/>\n<meta property=\"og:description\" content=\"Uvjeti pla\u0107anja 1. Bankovnim doznakama Uplata na transakcijski ra\u010dun agencije :Privredna banka Zagreb d.d.IBAN : HR14 2340 0091 1110 2565 8 Uplata bankovnom doznakom iz inozemstva :Privredna banka Zagreb d.d.IBAN : HR14 2340 0091 1110 2565 8SWIFT CODE: PBZGHR2X 2. Online karti\u010dno pla\u0107anje JednokratnoMastercard\u00ae, Visa kreditnim karticama i debitnim karticama (Maestro\u00ae i VISA) svih banaka ...\" \/>\n<meta property=\"og:url\" content=\"https:\/\/hedonia.hr\/payment-options\/\" \/>\n<meta property=\"og:site_name\" content=\"Hedonia\" \/>\n<meta property=\"article:modified_time\" content=\"2020-10-18T14:17:28+00:00\" \/>\n<meta property=\"og:image\" content=\"https:\/\/hedonia.hr\/wp-content\/uploads\/2020\/09\/monri_footer.png\" \/>\n<meta name=\"twitter:card\" content=\"summary_large_image\" \/>\n<meta name=\"twitter:label1\" content=\"Procijenjeno vrijeme \u010ditanja\" \/>\n\t<meta name=\"twitter:data1\" content=\"1 minuta\" \/>\n<script type=\"application\/ld+json\" class=\"yoast-schema-graph\">{\"@context\":\"https:\/\/schema.org\",\"@graph\":[{\"@type\":\"WebPage\",\"@id\":\"https:\/\/hedonia.hr\/payment-options\/\",\"url\":\"https:\/\/hedonia.hr\/payment-options\/\",\"name\":\"Mogu\u0107nosti pla\u0107anja - Hedonia\",\"isPartOf\":{\"@id\":\"https:\/\/hedonia.hr\/#website\"},\"primaryImageOfPage\":{\"@id\":\"https:\/\/hedonia.hr\/payment-options\/#primaryimage\"},\"image\":{\"@id\":\"https:\/\/hedonia.hr\/payment-options\/#primaryimage\"},\"thumbnailUrl\":\"https:\/\/hedonia.hr\/wp-content\/uploads\/2020\/09\/monri_footer.png\",\"datePublished\":\"2020-01-10T14:18:14+00:00\",\"dateModified\":\"2020-10-18T14:17:28+00:00\",\"breadcrumb\":{\"@id\":\"https:\/\/hedonia.hr\/payment-options\/#breadcrumb\"},\"inLanguage\":\"hr\",\"potentialAction\":[{\"@type\":\"ReadAction\",\"target\":[\"https:\/\/hedonia.hr\/payment-options\/\"]}]},{\"@type\":\"ImageObject\",\"inLanguage\":\"hr\",\"@id\":\"https:\/\/hedonia.hr\/payment-options\/#primaryimage\",\"url\":\"https:\/\/hedonia.hr\/wp-content\/uploads\/2020\/09\/monri_footer.png\",\"contentUrl\":\"https:\/\/hedonia.hr\/wp-content\/uploads\/2020\/09\/monri_footer.png\"},{\"@type\":\"BreadcrumbList\",\"@id\":\"https:\/\/hedonia.hr\/payment-options\/#breadcrumb\",\"itemListElement\":[{\"@type\":\"ListItem\",\"position\":1,\"name\":\"Home\",\"item\":\"https:\/\/hedonia.hr\/hr\/\"},{\"@type\":\"ListItem\",\"position\":2,\"name\":\"Mogu\u0107nosti pla\u0107anja\"}]},{\"@type\":\"WebSite\",\"@id\":\"https:\/\/hedonia.hr\/#website\",\"url\":\"https:\/\/hedonia.hr\/\",\"name\":\"Hedonia\",\"description\":\"Hedonia experience\",\"potentialAction\":[{\"@type\":\"SearchAction\",\"target\":{\"@type\":\"EntryPoint\",\"urlTemplate\":\"https:\/\/hedonia.hr\/?s={search_term_string}\"},\"query-input\":{\"@type\":\"PropertyValueSpecification\",\"valueRequired\":true,\"valueName\":\"search_term_string\"}}],\"inLanguage\":\"hr\"}]}<\/script>\n<!-- \/ Yoast SEO plugin. -->","yoast_head_json":{"title":"Mogu\u0107nosti pla\u0107anja - Hedonia","robots":{"index":"index","follow":"follow","max-snippet":"max-snippet:-1","max-image-preview":"max-image-preview:large","max-video-preview":"max-video-preview:-1"},"canonical":"https:\/\/hedonia.hr\/payment-options\/","og_locale":"hr_HR","og_type":"article","og_title":"Mogu\u0107nosti pla\u0107anja - Hedonia","og_description":"Uvjeti pla\u0107anja 1. Bankovnim doznakama Uplata na transakcijski ra\u010dun agencije :Privredna banka Zagreb d.d.IBAN : HR14 2340 0091 1110 2565 8 Uplata bankovnom doznakom iz inozemstva :Privredna banka Zagreb d.d.IBAN : HR14 2340 0091 1110 2565 8SWIFT CODE: PBZGHR2X 2. Online karti\u010dno pla\u0107anje JednokratnoMastercard\u00ae, Visa kreditnim karticama i debitnim karticama (Maestro\u00ae i VISA) svih banaka ...","og_url":"https:\/\/hedonia.hr\/payment-options\/","og_site_name":"Hedonia","article_modified_time":"2020-10-18T14:17:28+00:00","og_image":[{"url":"https:\/\/hedonia.hr\/wp-content\/uploads\/2020\/09\/monri_footer.png"}],"twitter_card":"summary_large_image","twitter_misc":{"Procijenjeno vrijeme \u010ditanja":"1 minuta"},"schema":{"@context":"https:\/\/schema.org","@graph":[{"@type":"WebPage","@id":"https:\/\/hedonia.hr\/payment-options\/","url":"https:\/\/hedonia.hr\/payment-options\/","name":"Mogu\u0107nosti pla\u0107anja - Hedonia","isPartOf":{"@id":"https:\/\/hedonia.hr\/#website"},"primaryImageOfPage":{"@id":"https:\/\/hedonia.hr\/payment-options\/#primaryimage"},"image":{"@id":"https:\/\/hedonia.hr\/payment-options\/#primaryimage"},"thumbnailUrl":"https:\/\/hedonia.hr\/wp-content\/uploads\/2020\/09\/monri_footer.png","datePublished":"2020-01-10T14:18:14+00:00","dateModified":"2020-10-18T14:17:28+00:00","breadcrumb":{"@id":"https:\/\/hedonia.hr\/payment-options\/#breadcrumb"},"inLanguage":"hr","potentialAction":[{"@type":"ReadAction","target":["https:\/\/hedonia.hr\/payment-options\/"]}]},{"@type":"ImageObject","inLanguage":"hr","@id":"https:\/\/hedonia.hr\/payment-options\/#primaryimage","url":"https:\/\/hedonia.hr\/wp-content\/uploads\/2020\/09\/monri_footer.png","contentUrl":"https:\/\/hedonia.hr\/wp-content\/uploads\/2020\/09\/monri_footer.png"},{"@type":"BreadcrumbList","@id":"https:\/\/hedonia.hr\/payment-options\/#breadcrumb","itemListElement":[{"@type":"ListItem","position":1,"name":"Home","item":"https:\/\/hedonia.hr\/hr\/"},{"@type":"ListItem","position":2,"name":"Mogu\u0107nosti pla\u0107anja"}]},{"@type":"WebSite","@id":"https:\/\/hedonia.hr\/#website","url":"https:\/\/hedonia.hr\/","name":"Hedonia","description":"Hedonia experience","potentialAction":[{"@type":"SearchAction","target":{"@type":"EntryPoint","urlTemplate":"https:\/\/hedonia.hr\/?s={search_term_string}"},"query-input":{"@type":"PropertyValueSpecification","valueRequired":true,"valueName":"search_term_string"}}],"inLanguage":"hr"}]}},"_links":{"self":[{"href":"https:\/\/hedonia.hr\/hr\/wp-json\/wp\/v2\/pages\/8359"}],"collection":[{"href":"https:\/\/hedonia.hr\/hr\/wp-json\/wp\/v2\/pages"}],"about":[{"href":"https:\/\/hedonia.hr\/hr\/wp-json\/wp\/v2\/types\/page"}],"author":[{"embeddable":true,"href":"https:\/\/hedonia.hr\/hr\/wp-json\/wp\/v2\/users\/1"}],"replies":[{"embeddable":true,"href":"https:\/\/hedonia.hr\/hr\/wp-json\/wp\/v2\/comments?post=8359"}],"version-history":[{"count":11,"href":"https:\/\/hedonia.hr\/hr\/wp-json\/wp\/v2\/pages\/8359\/revisions"}],"predecessor-version":[{"id":37111,"href":"https:\/\/hedonia.hr\/hr\/wp-json\/wp\/v2\/pages\/8359\/revisions\/37111"}],"wp:attachment":[{"href":"https:\/\/hedonia.hr\/hr\/wp-json\/wp\/v2\/media?parent=8359"}],"curies":[{"name":"wp","href":"https:\/\/api.w.org\/{rel}","templated":true}]}}